{"id":9680,"date":"2024-05-20T12:37:17","date_gmt":"2024-05-20T15:37:17","guid":{"rendered":"https:\/\/hotelnacionalriodejaneiro.com\/politica-de-privacidad\/"},"modified":"2026-04-13T17:53:44","modified_gmt":"2026-04-13T20:53:44","slug":"politica-de-privacidad","status":"publish","type":"page","link":"https:\/\/hotelnacionalriodejaneiro.com\/es\/politica-de-privacidad\/","title":{"rendered":"Pol\u00edtica de Privacidad"},"content":{"rendered":"\t\t<div data-elementor-type=\"wp-page\" data-elementor-id=\"9680\" class=\"elementor elementor-9680 elementor-173\" data-elementor-post-type=\"page\">\n\t\t\t\t<div class=\"elementor-element elementor-element-4811092 e-flex e-con-boxed e-con e-parent\" data-id=\"4811092\" data-element_type=\"container\" data-settings=\"{&quot;background_background&quot;:&quot;slideshow&quot;,&quot;background_slideshow_ken_burns&quot;:&quot;yes&quot;,&quot;background_slideshow_gallery&quot;:[{&quot;id&quot;:9311,&quot;url&quot;:&quot;https:\\\/\\\/hotelnacionalriodejaneiro.com\\\/wp-content\\\/uploads\\\/2024\\\/06\\\/Sao-Conrado-3.webp&quot;},{&quot;id&quot;:9204,&quot;url&quot;:&quot;https:\\\/\\\/hotelnacionalriodejaneiro.com\\\/wp-content\\\/uploads\\\/2024\\\/06\\\/Nossa-Historia-Patrimonio-Cultural-da-Humanidade-UNESCO.webp&quot;},{&quot;id&quot;:9309,&quot;url&quot;:&quot;https:\\\/\\\/hotelnacionalriodejaneiro.com\\\/wp-content\\\/uploads\\\/2024\\\/06\\\/Sao-Conrado-1.webp&quot;},{&quot;id&quot;:9315,&quot;url&quot;:&quot;https:\\\/\\\/hotelnacionalriodejaneiro.com\\\/wp-content\\\/uploads\\\/2024\\\/06\\\/Header-Sao-Conrado-2.webp&quot;}],&quot;background_slideshow_loop&quot;:&quot;yes&quot;,&quot;background_slideshow_slide_duration&quot;:5000,&quot;background_slideshow_slide_transition&quot;:&quot;fade&quot;,&quot;background_slideshow_transition_duration&quot;:500,&quot;background_slideshow_ken_burns_zoom_direction&quot;:&quot;in&quot;}\">\n\t\t\t\t\t<div class=\"e-con-inner\">\n\t\t\t\t<div class=\"elementor-element elementor-element-9089942 elementor-widget__width-inherit elementor-widget-mobile__width-inherit elementor-invisible elementor-widget elementor-widget-heading\" data-id=\"9089942\" data-element_type=\"widget\" data-settings=\"{&quot;_animation&quot;:&quot;fadeIn&quot;}\" data-widget_type=\"heading.default\">\n\t\t\t\t<div class=\"elementor-widget-container\">\n\t\t\t\t\t<h1 class=\"elementor-heading-title elementor-size-default\">Pol\u00edtica de Privacidad<\/h1>\t\t\t\t<\/div>\n\t\t\t\t<\/div>\n\t\t\t\t\t<\/div>\n\t\t\t\t<\/div>\n\t\t<div class=\"elementor-element elementor-element-386d3bf e-flex e-con-boxed e-con e-parent\" data-id=\"386d3bf\" data-element_type=\"container\">\n\t\t\t\t\t<div class=\"e-con-inner\">\n\t\t\t\t<div class=\"elementor-element elementor-element-165739b elementor-widget elementor-widget-text-editor\" data-id=\"165739b\" data-element_type=\"widget\" data-widget_type=\"text-editor.default\">\n\t\t\t\t<div class=\"elementor-widget-container\">\n\t\t\t\t\t\t\t\t\t<h2><span style=\"color: #444444;\">Pol\u00edtica Privacidade<\/span><\/h2><p><span style=\"color: #444444;\">Su privacidad es importante para nosotros. Es pol\u00edtica del Hotel Nacional respetar su privacidad en relaci\u00f3n con cualquier informaci\u00f3n personal que podamos recopilar en el sitio web del <a href=\"https:\/\/hotelnacionalriodejaneiro.com\/es\/\">Hotel Nacional<\/a> y en otros sitios que poseemos y operamos. , e outros sites que possu\u00edmos e operamos. <\/span><\/p><p><span style=\"color: #444444;\">Solicitamos informaci\u00f3n personal \u00fanicamente cuando realmente la necesitamos para brindarle un servicio. Lo hacemos por medios justos y legales, con su conocimiento y consentimiento. Tambi\u00e9n le informamos por qu\u00e9 la recopilamos y c\u00f3mo ser\u00e1 utilizada.  <\/span><\/p><p><span style=\"color: #444444;\">Solo conservamos la informaci\u00f3n recopilada durante el tiempo necesario para prestar el servicio solicitado. Cuando almacenamos datos, los protegemos mediante medios comercialmente aceptables para evitar p\u00e9rdidas y robos, as\u00ed como el acceso, la divulgaci\u00f3n, la copia, el uso o la modificaci\u00f3n no autorizados. <\/span><\/p><p><span style=\"color: #444444;\">No compartimos informaci\u00f3n de identificaci\u00f3n personal p\u00fablicamente ni con terceros, excepto cuando as\u00ed lo exija la ley.<\/span><\/p><p><span style=\"color: #444444;\">Nuestro sitio web puede contener enlaces a sitios externos que no son operados por nosotros. Tenga en cuenta que no tenemos control sobre el contenido ni las pr\u00e1cticas de dichos sitios y no podemos asumir responsabilidad por sus respectivas . <\/span><a style=\"background-color: transparent; color: #444444;\" href=\"https:\/\/politicaprivacidade.com\/\" target=\"_blank\" rel=\"noopener noreferrer\">pol\u00edticas de privacidad<\/a><span style=\"color: #444444;\">.<\/span><\/p><p><span style=\"color: #444444;\">Usted es libre de rechazar nuestra solicitud de informaci\u00f3n personal, entendiendo que es posible que no podamos proporcionarle algunos de los servicios solicitados.<\/span><\/p><p><span style=\"color: #444444;\">El uso continuado de nuestro sitio web se considerar\u00e1 como aceptaci\u00f3n de nuestras pr\u00e1cticas en materia de privacidad e informaci\u00f3n personal. Si tiene alguna duda sobre c\u00f3mo gestionamos los datos de los usuarios y la informaci\u00f3n personal, p\u00f3ngase en contacto con nosotros. <\/span><\/p><ul><li><span style=\"color: #444444;\">El servicio Google AdSense que utilizamos para publicar publicidad emplea una cookie DoubleClick para mostrar anuncios m\u00e1s relevantes en toda la Web y limitar la cantidad de veces que un determinado anuncio se le muestra.<\/span><\/li><li><span style=\"color: #444444;\">Para obtener m\u00e1s informaci\u00f3n sobre Google AdSense, consulte las preguntas frecuentes oficiales sobre privacidad de Google AdSense.<\/span><\/li><li><span style=\"color: #444444;\">Utilizamos la publicidad para compensar los costos de funcionamiento de este sitio web y proporcionar financiaci\u00f3n para futuros desarrollos. Las cookies de publicidad comportamental utilizadas por este sitio est\u00e1n dise\u00f1adas para garantizar que reciba los anuncios m\u00e1s relevantes posible, mediante el seguimiento an\u00f3nimo de sus intereses y la presentaci\u00f3n de contenidos similares que puedan ser de su inter\u00e9s. <\/span><\/li><li><span style=\"color: #444444;\">Varios socios publicitan en nuestro nombre, y las cookies de seguimiento de afiliados simplemente nos permiten verificar si nuestros clientes han accedido al sitio a trav\u00e9s de alguno de los sitios de nuestros socios, para poder acreditarlos adecuadamente y, cuando corresponda, permitir que nuestros socios afiliados ofrezcan cualquier promoci\u00f3n que puedan proporcionarle para realizar una compra.<\/span><\/li><\/ul><h3><span style=\"color: #444444;\">Compromiso del Usuario<\/span><\/h3><p><span style=\"color: #444444;\">El usuario se compromete a hacer un uso adecuado de los contenidos y de la informaci\u00f3n que el Hotel Nacional ofrece en el sitio web y, con car\u00e1cter enunciativo pero no limitativo:<\/span><\/p><ul><li><span style=\"color: #444444;\">A) No participar en actividades que sean ilegales o contrarias a la buena fe y al orden p\u00fablico;<\/span><\/li><li><span style=\"color: #444444;\">B) No difundir propaganda o contenido de car\u00e1cter racista, xen\u00f3fobo, <a style=\"color: inherit !important; text-decoration: none !important; font-size: inherit !important;\" href=\"https:\/\/betnacionalbrasil.br.com\">relacionado con apuestas o juegos de azar,<\/a> cualquier tipo de pornograf\u00eda ilegal, apolog\u00eda del terrorismo o contenido que atente contra los derechos humanos;<br><\/span><\/li><li><span style=\"color: #444444;\">C) No causar da\u00f1os a los sistemas f\u00edsicos (hardware) y l\u00f3gicos (software) del Hotel Nacional, de sus proveedores o de terceros, ni introducir o propagar virus inform\u00e1ticos u otros sistemas de hardware o software que sean susceptibles de causar los da\u00f1os anteriormente mencionados.<\/span><\/li><\/ul><h3><span style=\"color: #444444;\">M\u00e1s informaci\u00f3n<\/span><\/h3><p><span style=\"color: #444444;\">Esperamos que todo haya quedado claro y, como se mencion\u00f3 anteriormente, si hay algo sobre lo que no est\u00e9 seguro de necesitar o no, generalmente es m\u00e1s seguro mantener las cookies activadas en caso de que interact\u00fae con alguna de las funciones que utiliza en nuestro sitio web.<\/span><\/p><p><span style=\"color: #444444;\">Esta pol\u00edtica es efectiva a partir del 20 de mayo de 2024, a las 21:19.<\/span><\/p><h3><span style=\"color: #444444;\">Informes<\/span><\/h3><p>En cumplimiento de la Ley N.\u00ba 14.611\/2023, ponemos a disposici\u00f3n el Informe de Transparencia e Igualdad Salarial, conforme a los datos oficiales proporcionados por el Ministerio de Trabajo y Empleo.<\/p><p>El informe se elabora con base en criterios p\u00fablicos y metodolog\u00edas definidas por el gobierno federal.<\/p><p><span style=\"text-decoration: underline;\"><a href=\"https:\/\/hotelnacionalriodejaneiro.com\/wp-content\/uploads\/2026\/04\/RelatorioIgualdadeSalarialLote_2026_1_22599190000229.pdf\" target=\"_blank\" rel=\"noopener\"><strong>Informe de Transparencia<\/strong><\/a><\/span><\/p>\t\t\t\t\t\t\t\t<\/div>\n\t\t\t\t<\/div>\n\t\t\t\t\t<\/div>\n\t\t\t\t<\/div>\n\t\t\t\t<\/div>\n\t\t","protected":false},"excerpt":{"rendered":"<p>Pol\u00edtica de Privacidad Pol\u00edtica Privacidade Su privacidad es importante para nosotros. Es pol\u00edtica del Hotel Nacional respetar su privacidad en relaci\u00f3n con cualquier informaci\u00f3n personal que podamos recopilar en el sitio web del Hotel Nacional y en otros sitios que poseemos y operamos. , e outros sites que possu\u00edmos e operamos. Solicitamos informaci\u00f3n personal \u00fanicamente [&hellip;]<\/p>\n","protected":false},"author":5,"featured_media":9311,"parent":0,"menu_order":0,"comment_status":"closed","ping_status":"closed","template":"elementor_header_footer","meta":{"footnotes":""},"class_list":["post-9680","page","type-page","status-publish","has-post-thumbnail","hentry"],"aioseo_notices":[],"_links":{"self":[{"href":"https:\/\/hotelnacionalriodejaneiro.com\/es\/wp-json\/wp\/v2\/pages\/9680","targetHints":{"allow":["GET"]}}],"collection":[{"href":"https:\/\/hotelnacionalriodejaneiro.com\/es\/wp-json\/wp\/v2\/pages"}],"about":[{"href":"https:\/\/hotelnacionalriodejaneiro.com\/es\/wp-json\/wp\/v2\/types\/page"}],"author":[{"embeddable":true,"href":"https:\/\/hotelnacionalriodejaneiro.com\/es\/wp-json\/wp\/v2\/users\/5"}],"replies":[{"embeddable":true,"href":"https:\/\/hotelnacionalriodejaneiro.com\/es\/wp-json\/wp\/v2\/comments?post=9680"}],"version-history":[{"count":3,"href":"https:\/\/hotelnacionalriodejaneiro.com\/es\/wp-json\/wp\/v2\/pages\/9680\/revisions"}],"predecessor-version":[{"id":10519,"href":"https:\/\/hotelnacionalriodejaneiro.com\/es\/wp-json\/wp\/v2\/pages\/9680\/revisions\/10519"}],"wp:featuredmedia":[{"embeddable":true,"href":"https:\/\/hotelnacionalriodejaneiro.com\/es\/wp-json\/wp\/v2\/media\/9311"}],"wp:attachment":[{"href":"https:\/\/hotelnacionalriodejaneiro.com\/es\/wp-json\/wp\/v2\/media?parent=9680"}],"curies":[{"name":"wp","href":"https:\/\/api.w.org\/{rel}","templated":true}]}}