{"id":9610,"date":"2024-10-01T09:50:00","date_gmt":"2024-10-01T12:50:00","guid":{"rendered":"https:\/\/hotelnacionalriodejaneiro.com\/ofertas-especiales\/livelo\/"},"modified":"2026-04-17T15:26:29","modified_gmt":"2026-04-17T18:26:29","slug":"livelo","status":"publish","type":"page","link":"https:\/\/hotelnacionalriodejaneiro.com\/es\/ofertas-especiales\/livelo\/","title":{"rendered":"Livelo"},"content":{"rendered":"\t\t<div data-elementor-type=\"wp-page\" data-elementor-id=\"9610\" class=\"elementor elementor-9610 elementor-4548\" data-elementor-post-type=\"page\">\n\t\t\t\t<div class=\"elementor-element elementor-element-9536c4e elementor-hidden-tablet elementor-hidden-mobile e-flex e-con-boxed e-con e-parent\" data-id=\"9536c4e\" data-element_type=\"container\" data-settings=\"{&quot;background_background&quot;:&quot;slideshow&quot;,&quot;background_slideshow_ken_burns&quot;:&quot;yes&quot;,&quot;background_slideshow_gallery&quot;:[{&quot;id&quot;:10595,&quot;url&quot;:&quot;https:\\\/\\\/hotelnacionalriodejaneiro.com\\\/wp-content\\\/uploads\\\/2026\\\/04\\\/IMG_BG_DSKTP.png&quot;}],&quot;background_slideshow_loop&quot;:&quot;yes&quot;,&quot;background_slideshow_slide_duration&quot;:5000,&quot;background_slideshow_slide_transition&quot;:&quot;fade&quot;,&quot;background_slideshow_transition_duration&quot;:500,&quot;background_slideshow_ken_burns_zoom_direction&quot;:&quot;in&quot;}\">\n\t\t\t\t\t<div class=\"e-con-inner\">\n\t\t\t\t<div class=\"elementor-element elementor-element-d1b65e8 elementor-widget__width-inherit elementor-widget-mobile__width-inherit elementor-invisible elementor-widget elementor-widget-heading\" data-id=\"d1b65e8\" data-element_type=\"widget\" data-settings=\"{&quot;_animation&quot;:&quot;fadeIn&quot;}\" data-widget_type=\"heading.default\">\n\t\t\t\t<div class=\"elementor-widget-container\">\n\t\t\t\t\t<h2 class=\"elementor-heading-title elementor-size-default\">Ofertas Especiales<\/h2>\t\t\t\t<\/div>\n\t\t\t\t<\/div>\n\t\t\t\t<div class=\"elementor-element elementor-element-eb77055 elementor-widget__width-inherit elementor-widget-mobile__width-inherit elementor-invisible elementor-widget elementor-widget-heading\" data-id=\"eb77055\" data-element_type=\"widget\" data-settings=\"{&quot;_animation&quot;:&quot;fadeIn&quot;}\" data-widget_type=\"heading.default\">\n\t\t\t\t<div class=\"elementor-widget-container\">\n\t\t\t\t\t<h1 class=\"elementor-heading-title elementor-size-default\">LIVELO<\/h1>\t\t\t\t<\/div>\n\t\t\t\t<\/div>\n\t\t\t\t\t<\/div>\n\t\t\t\t<\/div>\n\t\t<div class=\"elementor-element elementor-element-e967d42 elementor-hidden-desktop e-flex e-con-boxed e-con e-parent\" data-id=\"e967d42\" data-element_type=\"container\" data-settings=\"{&quot;background_background&quot;:&quot;slideshow&quot;,&quot;background_slideshow_ken_burns&quot;:&quot;yes&quot;,&quot;background_slideshow_gallery&quot;:[{&quot;id&quot;:9270,&quot;url&quot;:&quot;https:\\\/\\\/hotelnacionalriodejaneiro.com\\\/wp-content\\\/uploads\\\/2024\\\/09\\\/LIIVELO-MOBILE-FOTO.webp&quot;}],&quot;background_slideshow_loop&quot;:&quot;yes&quot;,&quot;background_slideshow_slide_duration&quot;:5000,&quot;background_slideshow_slide_transition&quot;:&quot;fade&quot;,&quot;background_slideshow_transition_duration&quot;:500,&quot;background_slideshow_ken_burns_zoom_direction&quot;:&quot;in&quot;}\">\n\t\t\t\t\t<div class=\"e-con-inner\">\n\t\t\t\t<div class=\"elementor-element elementor-element-a3447dd elementor-widget__width-inherit elementor-widget-mobile__width-inherit elementor-invisible elementor-widget elementor-widget-heading\" data-id=\"a3447dd\" data-element_type=\"widget\" data-settings=\"{&quot;_animation&quot;:&quot;fadeIn&quot;}\" data-widget_type=\"heading.default\">\n\t\t\t\t<div class=\"elementor-widget-container\">\n\t\t\t\t\t<h2 class=\"elementor-heading-title elementor-size-default\">Ofertas Especiales<\/h2>\t\t\t\t<\/div>\n\t\t\t\t<\/div>\n\t\t\t\t<div class=\"elementor-element elementor-element-5fc052a elementor-widget__width-inherit elementor-widget-mobile__width-inherit elementor-invisible elementor-widget elementor-widget-heading\" data-id=\"5fc052a\" data-element_type=\"widget\" data-settings=\"{&quot;_animation&quot;:&quot;fadeIn&quot;}\" data-widget_type=\"heading.default\">\n\t\t\t\t<div class=\"elementor-widget-container\">\n\t\t\t\t\t<h1 class=\"elementor-heading-title elementor-size-default\">LIVELO<\/h1>\t\t\t\t<\/div>\n\t\t\t\t<\/div>\n\t\t\t\t\t<\/div>\n\t\t\t\t<\/div>\n\t\t<div class=\"elementor-element elementor-element-8027d62 e-flex e-con-boxed e-con e-child\" data-id=\"8027d62\" data-element_type=\"container\">\n\t\t\t\t\t<div class=\"e-con-inner\">\n\t\t<div class=\"elementor-element elementor-element-914725d e-con-full e-flex e-con e-child\" data-id=\"914725d\" data-element_type=\"container\">\n\t\t\t\t<div class=\"elementor-element elementor-element-1a9ece1 elementor-invisible elementor-widget elementor-widget-heading\" data-id=\"1a9ece1\" data-element_type=\"widget\" data-settings=\"{&quot;_animation&quot;:&quot;fadeIn&quot;}\" data-widget_type=\"heading.default\">\n\t\t\t\t<div class=\"elementor-widget-container\">\n\t\t\t\t\t<h2 class=\"elementor-heading-title elementor-size-default\">\u00a1VIVA UNA EXPERIENCIA \u00daNICA Y COMIENCE A ACUMULAR PUNTOS LIVELO!<\/h2>\t\t\t\t<\/div>\n\t\t\t\t<\/div>\n\t\t\t\t<div class=\"elementor-element elementor-element-ed2d78c elementor-hidden-desktop elementor-hidden-tablet elementor-hidden-mobile elementor-invisible elementor-widget elementor-widget-text-editor\" data-id=\"ed2d78c\" data-element_type=\"widget\" data-settings=\"{&quot;_animation&quot;:&quot;fadeIn&quot;,&quot;_animation_delay&quot;:&quot;200&quot;}\" data-widget_type=\"text-editor.default\">\n\t\t\t\t<div class=\"elementor-widget-container\">\n\t\t\t\t\t\t\t\t\t<p>Aprovecha la campa\u00f1a y convierte tu estancia en a\u00fan m\u00e1s beneficios. Para acumular puntos, utiliza el c\u00f3digo promocional \u201cLIVELO\u201d en el sitio oficial del Hotel Nacional y suma puntos por cada real gastado. <\/p><p>Durante la campa\u00f1a, obtienes condiciones especiales de acumulaci\u00f3n:<br>3 puntos por real gastado para estancias entre el 15\/04\/2026 y el 31\/07\/2026.<br>5 puntos por real para suscriptores del Club Livelo.<br>Otros per\u00edodos: paridad est\u00e1ndar de 1 punto por real.<\/p><p>Per\u00edodo de la campa\u00f1a: del 15\/04\/2026 al 16\/04\/2026.<br>Oferta sujeta a disponibilidad.<\/p><p>\u00bfC\u00f3mo funciona? <br> Aqu\u00ed tienes el paso a paso::<\/p><p>1. Accede al sitio del Hotel Nacional y elige las fechas de tu reserva y el n\u00famero de hu\u00e9spedes (adultos y ni\u00f1os);<br>2. Introduce el cup\u00f3n \u201cLIVELO\u201d en el campo \u201cC\u00f3d. Promo\u201d;<br>3. Selecciona el alojamiento de tu preferencia y finaliza la reserva.<\/p><p><strong>\u00a1Listo! Tus puntos est\u00e1n garantizados. <\/strong><\/p><p>Atenci\u00f3n: los puntos pueden acreditarse en hasta 30 d\u00edas despu\u00e9s del check-out.<\/p><p>Para ver todos los detalles, accede a: <span style=\"text-decoration: underline;\"><strong><a href=\"https:\/\/drive.google.com\/file\/d\/1FYQOWdft9pyUrwjkomKjlJZEKJ9WtZ1H\/view\">Reglamento<\/a><\/strong><\/span><\/p>\t\t\t\t\t\t\t\t<\/div>\n\t\t\t\t<\/div>\n\t\t\t\t<div class=\"elementor-element elementor-element-5ee5251 elementor-invisible elementor-widget elementor-widget-text-editor\" data-id=\"5ee5251\" data-element_type=\"widget\" data-settings=\"{&quot;_animation&quot;:&quot;fadeIn&quot;,&quot;_animation_delay&quot;:&quot;200&quot;}\" data-widget_type=\"text-editor.default\">\n\t\t\t\t<div class=\"elementor-widget-container\">\n\t\t\t\t\t\t\t\t\t<p><span style=\"font-weight: 400;\">Para acumular puntos, utilice el c\u00f3digo promocional \u201cLIVELO\u201d en el sitio oficial del Hotel Nacional para realizar su reserva y, por cada <\/span><b> 1 real<\/b><span style=\"font-weight: 400;\"> del valor del hospedaje, <\/span><b>gane 1 punto<\/b><span style=\"font-weight: 400;\">.<\/span><\/p><p>\u00bfC\u00f3mo funciona? <br>Aqu\u00ed tiene un <strong>paso a paso<\/strong> para usted: <\/p><ol><li>Ingrese al sitio web del Hotel Nacional para elegir las fechas de la reserva y la cantidad de hu\u00e9spedes, adultos y ni\u00f1os.<\/li><li>Luego de esta definici\u00f3n, aplique el cup\u00f3n \u201c<strong>LIVELO<\/strong>\u201d en el campo \u201cCod.Promo\u201d.<\/li><li>Para finalizar, elija el alojamiento de su preferencia y complete el proceso para recibir la confirmaci\u00f3n y \u00a1listo! \u00a1Sus puntos est\u00e1n garantizados! <\/li><\/ol>\t\t\t\t\t\t\t\t<\/div>\n\t\t\t\t<\/div>\n\t\t\t\t<div class=\"elementor-element elementor-element-3cd4c4f elementor-invisible elementor-widget elementor-widget-text-editor\" data-id=\"3cd4c4f\" data-element_type=\"widget\" data-settings=\"{&quot;_animation&quot;:&quot;fadeIn&quot;,&quot;_animation_delay&quot;:&quot;200&quot;}\" data-widget_type=\"text-editor.default\">\n\t\t\t\t<div class=\"elementor-widget-container\">\n\t\t\t\t\t\t\t\t\t<p><span style=\"font-weight: 400;\"><b>Atenci\u00f3n:<\/b><\/span> Sus puntos pueden acreditarse hasta 30 d\u00edas despu\u00e9s del registro de su check-out en el hotel. Para acceder al reglamento completo, haga clic en el bot\u00f3n de abajo. <\/p><p><span style=\"font-weight: 400;\">REGLAMENTO AQU\u00cd: <em><span style=\"text-decoration: underline;\"><a href=\"https:\/\/drive.google.com\/file\/d\/1FYQOWdft9pyUrwjkomKjlJZEKJ9WtZ1H\/view\" target=\"_blank\" rel=\"noopener\">Reglamento<\/a><\/span><\/em><\/span><\/p>\t\t\t\t\t\t\t\t<\/div>\n\t\t\t\t<\/div>\n\t\t\t\t<\/div>\n\t\t\t\t\t<\/div>\n\t\t\t\t<\/div>\n\t\t\t\t<\/div>\n\t\t","protected":false},"excerpt":{"rendered":"<p>Ofertas Especiales LIVELO Ofertas Especiales LIVELO \u00a1VIVA UNA EXPERIENCIA \u00daNICA Y COMIENCE A ACUMULAR PUNTOS LIVELO! Aprovecha la campa\u00f1a y convierte tu estancia en a\u00fan m\u00e1s beneficios. Para acumular puntos, utiliza el c\u00f3digo promocional \u201cLIVELO\u201d en el sitio oficial del Hotel Nacional y suma puntos por cada real gastado. Durante la campa\u00f1a, obtienes condiciones especiales [&hellip;]<\/p>\n","protected":false},"author":5,"featured_media":9268,"parent":9589,"menu_order":0,"comment_status":"closed","ping_status":"closed","template":"elementor_header_footer","meta":{"footnotes":""},"class_list":["post-9610","page","type-page","status-publish","has-post-thumbnail","hentry"],"aioseo_notices":[],"_links":{"self":[{"href":"https:\/\/hotelnacionalriodejaneiro.com\/es\/wp-json\/wp\/v2\/pages\/9610","targetHints":{"allow":["GET"]}}],"collection":[{"href":"https:\/\/hotelnacionalriodejaneiro.com\/es\/wp-json\/wp\/v2\/pages"}],"about":[{"href":"https:\/\/hotelnacionalriodejaneiro.com\/es\/wp-json\/wp\/v2\/types\/page"}],"author":[{"embeddable":true,"href":"https:\/\/hotelnacionalriodejaneiro.com\/es\/wp-json\/wp\/v2\/users\/5"}],"replies":[{"embeddable":true,"href":"https:\/\/hotelnacionalriodejaneiro.com\/es\/wp-json\/wp\/v2\/comments?post=9610"}],"version-history":[{"count":5,"href":"https:\/\/hotelnacionalriodejaneiro.com\/es\/wp-json\/wp\/v2\/pages\/9610\/revisions"}],"predecessor-version":[{"id":10639,"href":"https:\/\/hotelnacionalriodejaneiro.com\/es\/wp-json\/wp\/v2\/pages\/9610\/revisions\/10639"}],"up":[{"embeddable":true,"href":"https:\/\/hotelnacionalriodejaneiro.com\/es\/wp-json\/wp\/v2\/pages\/9589"}],"wp:featuredmedia":[{"embeddable":true,"href":"https:\/\/hotelnacionalriodejaneiro.com\/es\/wp-json\/wp\/v2\/media\/9268"}],"wp:attachment":[{"href":"https:\/\/hotelnacionalriodejaneiro.com\/es\/wp-json\/wp\/v2\/media?parent=9610"}],"curies":[{"name":"wp","href":"https:\/\/api.w.org\/{rel}","templated":true}]}}