{"id":9608,"date":"2024-06-27T14:11:32","date_gmt":"2024-06-27T17:11:32","guid":{"rendered":"https:\/\/hotelnacionalriodejaneiro.com\/ofertas-especiales\/arena-beach-tennis-nacional\/"},"modified":"2026-03-04T11:03:06","modified_gmt":"2026-03-04T14:03:06","slug":"arena-beach-tennis-nacional","status":"publish","type":"page","link":"https:\/\/hotelnacionalriodejaneiro.com\/es\/ofertas-especiales\/arena-beach-tennis-nacional\/","title":{"rendered":"Arena Beach Tennis Nacional"},"content":{"rendered":"\t\t<div data-elementor-type=\"wp-page\" data-elementor-id=\"9608\" class=\"elementor elementor-9608 elementor-3671\" data-elementor-post-type=\"page\">\n\t\t\t\t<div class=\"elementor-element elementor-element-9536c4e e-flex e-con-boxed e-con e-parent\" data-id=\"9536c4e\" data-element_type=\"container\" data-settings=\"{&quot;background_background&quot;:&quot;slideshow&quot;,&quot;background_slideshow_ken_burns&quot;:&quot;yes&quot;,&quot;background_slideshow_gallery&quot;:[{&quot;id&quot;:9585,&quot;url&quot;:&quot;https:\\\/\\\/hotelnacionalriodejaneiro.com\\\/wp-content\\\/uploads\\\/2024\\\/06\\\/Header-Arena-Beach-Club.webp&quot;}],&quot;background_slideshow_loop&quot;:&quot;yes&quot;,&quot;background_slideshow_slide_duration&quot;:5000,&quot;background_slideshow_slide_transition&quot;:&quot;fade&quot;,&quot;background_slideshow_transition_duration&quot;:500,&quot;background_slideshow_ken_burns_zoom_direction&quot;:&quot;in&quot;}\">\n\t\t\t\t\t<div class=\"e-con-inner\">\n\t\t\t\t<div class=\"elementor-element elementor-element-d1b65e8 elementor-widget__width-inherit elementor-widget-mobile__width-inherit elementor-invisible elementor-widget elementor-widget-heading\" data-id=\"d1b65e8\" data-element_type=\"widget\" data-settings=\"{&quot;_animation&quot;:&quot;fadeIn&quot;}\" data-widget_type=\"heading.default\">\n\t\t\t\t<div class=\"elementor-widget-container\">\n\t\t\t\t\t<h2 class=\"elementor-heading-title elementor-size-default\">Ofertas Especiales<\/h2>\t\t\t\t<\/div>\n\t\t\t\t<\/div>\n\t\t\t\t<div class=\"elementor-element elementor-element-eb77055 elementor-widget__width-inherit elementor-widget-mobile__width-inherit elementor-invisible elementor-widget elementor-widget-heading\" data-id=\"eb77055\" data-element_type=\"widget\" data-settings=\"{&quot;_animation&quot;:&quot;fadeIn&quot;}\" data-widget_type=\"heading.default\">\n\t\t\t\t<div class=\"elementor-widget-container\">\n\t\t\t\t\t<h2 class=\"elementor-heading-title elementor-size-default\">Arena Beach Tennis Nacional<\/h2>\t\t\t\t<\/div>\n\t\t\t\t<\/div>\n\t\t\t\t\t<\/div>\n\t\t\t\t<\/div>\n\t\t<div class=\"elementor-element elementor-element-8027d62 e-flex e-con-boxed e-con e-child\" data-id=\"8027d62\" data-element_type=\"container\">\n\t\t\t\t\t<div class=\"e-con-inner\">\n\t\t<div class=\"elementor-element elementor-element-914725d e-con-full e-flex e-con e-child\" data-id=\"914725d\" data-element_type=\"container\">\n\t\t\t\t<div class=\"elementor-element elementor-element-67975d8 elementor-widget elementor-widget-image\" data-id=\"67975d8\" data-element_type=\"widget\" data-widget_type=\"image.default\">\n\t\t\t\t<div class=\"elementor-widget-container\">\n\t\t\t\t\t\t\t\t\t\t\t\t\t\t\t<img fetchpriority=\"high\" decoding=\"async\" width=\"800\" height=\"566\" src=\"https:\/\/hotelnacionalriodejaneiro.com\/wp-content\/uploads\/2024\/06\/Logo-Arena-Beach-Tennis-1024x724.webp\" class=\"attachment-large size-large wp-image-9607\" alt=\"Arena Beach Tennis\" srcset=\"https:\/\/hotelnacionalriodejaneiro.com\/wp-content\/uploads\/2024\/06\/Logo-Arena-Beach-Tennis-1024x724.webp 1024w, https:\/\/hotelnacionalriodejaneiro.com\/wp-content\/uploads\/2024\/06\/Logo-Arena-Beach-Tennis-300x212.webp 300w, https:\/\/hotelnacionalriodejaneiro.com\/wp-content\/uploads\/2024\/06\/Logo-Arena-Beach-Tennis-768x543.webp 768w, https:\/\/hotelnacionalriodejaneiro.com\/wp-content\/uploads\/2024\/06\/Logo-Arena-Beach-Tennis.webp 1080w\" sizes=\"(max-width: 800px) 100vw, 800px\" \/>\t\t\t\t\t\t\t\t\t\t\t\t\t\t\t<\/div>\n\t\t\t\t<\/div>\n\t\t\t\t<div class=\"elementor-element elementor-element-1a9ece1 elementor-invisible elementor-widget elementor-widget-heading\" data-id=\"1a9ece1\" data-element_type=\"widget\" data-settings=\"{&quot;_animation&quot;:&quot;fadeIn&quot;}\" data-widget_type=\"heading.default\">\n\t\t\t\t<div class=\"elementor-widget-container\">\n\t\t\t\t\t<h2 class=\"elementor-heading-title elementor-size-default\">Arena Beach Tennis Nacional<\/h2>\t\t\t\t<\/div>\n\t\t\t\t<\/div>\n\t\t\t\t<div class=\"elementor-element elementor-element-ed2d78c elementor-invisible elementor-widget elementor-widget-text-editor\" data-id=\"ed2d78c\" data-element_type=\"widget\" data-settings=\"{&quot;_animation&quot;:&quot;fadeIn&quot;,&quot;_animation_delay&quot;:&quot;200&quot;}\" data-widget_type=\"text-editor.default\">\n\t\t\t\t<div class=\"elementor-widget-container\">\n\t\t\t\t\t\t\t\t\t<p>Arena Beach Tennis Nacional<br>El Hotel Nacional mantiene una alianza con la Escuela GA Beach Tennis, que ofrece una Arena Beach Tennis frente al hotel, a los pies del Quiosque Nacional, con dos canchas exclusivas. Un espacio destinado a hu\u00e9spedes y residentes de S\u00e3o Conrado, tanto para la pr\u00e1ctica deportiva libre como para cl\u00ednicas de Beach Tennis.<br>Las clases son impartidas por el profesor Geraldo Ara\u00fajo, campe\u00f3n brasile\u00f1o sub-40 en 2018 y Rey de la Playa en 2019, as\u00ed como por el profesor Fabio Nascimento, coordinador y capit\u00e1n de la selecci\u00f3n juvenil de Beach Tennis del Estado de R\u00edo de Janeiro. <\/p><p>SERVICIOS:<\/p><p>Day Use para hu\u00e9spedes \u2013 R$ 25,00 (1 hora)<\/p><p>Clases \u2013 R$ 60,00 por persona (1 hora de clase)<\/p><p>D\u00cdAS Y HORARIOS<\/p><p>De lunes a viernes &#8211; de 8:00 a 11:00<\/p><p>S\u00e1bados y domingos &#8211; de 9:00 a 13:00<\/p><p><em>Obs.: Para utilizar las pistas, las reservas deben realizarse con, como m\u00ednimo, 1 hora de antelaci\u00f3n. <\/em><\/p><p>CONTACTOS PARA RESERVAS<\/p><p>Gerardo \u2013 <a href=\"https:\/\/api.whatsapp.com\/send?phone=5521969523725\">(21) 96952-3725<\/a><\/p><p>Fabio \u2013 <a href=\"https:\/\/api.whatsapp.com\/send?phone=5521966719559\">(21) 96671-9559<\/a><\/p>\t\t\t\t\t\t\t\t<\/div>\n\t\t\t\t<\/div>\n\t\t\t\t<div class=\"elementor-element elementor-element-a5e0d43 elementor-widget-mobile__width-inherit elementor-invisible elementor-widget elementor-widget-jkit_button\" data-id=\"a5e0d43\" data-element_type=\"widget\" data-settings=\"{&quot;_animation&quot;:&quot;fadeIn&quot;,&quot;_animation_delay&quot;:&quot;600&quot;}\" data-widget_type=\"jkit_button.default\">\n\t\t\t\t<div class=\"elementor-widget-container\">\n\t\t\t\t\t<div  class=\"jeg-elementor-kit jkit-button  icon-position-before jeg_module___69e7391f4b826\" ><a href=\"https:\/\/book.omnibees.com\/chain\/9531?lang=pt-BR&#038;currencyId=16&#038;version=4\" class=\"jkit-button-wrapper\">HAGA SU RESERVA<\/a><\/div>\t\t\t\t<\/div>\n\t\t\t\t<\/div>\n\t\t\t\t<\/div>\n\t\t\t\t\t<\/div>\n\t\t\t\t<\/div>\n\t\t<div class=\"elementor-element elementor-element-f295dba e-flex e-con-boxed e-con e-parent\" data-id=\"f295dba\" data-element_type=\"container\">\n\t\t\t\t\t<div class=\"e-con-inner\">\n\t\t\t\t<div class=\"elementor-element elementor-element-16e5e72 elementor-widget-divider--view-line elementor-widget elementor-widget-divider\" data-id=\"16e5e72\" data-element_type=\"widget\" data-widget_type=\"divider.default\">\n\t\t\t\t<div class=\"elementor-widget-container\">\n\t\t\t\t\t\t\t<div class=\"elementor-divider\">\n\t\t\t<span class=\"elementor-divider-separator\">\n\t\t\t\t\t\t<\/span>\n\t\t<\/div>\n\t\t\t\t\t\t<\/div>\n\t\t\t\t<\/div>\n\t\t\t\t\t<\/div>\n\t\t\t\t<\/div>\n\t\t\t\t<\/div>\n\t\t","protected":false},"excerpt":{"rendered":"<p>Ofertas Especiales Arena Beach Tennis Nacional Arena Beach Tennis Nacional Arena Beach Tennis NacionalEl Hotel Nacional mantiene una alianza con la Escuela GA Beach Tennis, que ofrece una Arena Beach Tennis frente al hotel, a los pies del Quiosque Nacional, con dos canchas exclusivas. Un espacio destinado a hu\u00e9spedes y residentes de S\u00e3o Conrado, tanto [&hellip;]<\/p>\n","protected":false},"author":5,"featured_media":9585,"parent":9589,"menu_order":0,"comment_status":"closed","ping_status":"closed","template":"elementor_header_footer","meta":{"footnotes":""},"class_list":["post-9608","page","type-page","status-publish","has-post-thumbnail","hentry"],"aioseo_notices":[],"_links":{"self":[{"href":"https:\/\/hotelnacionalriodejaneiro.com\/es\/wp-json\/wp\/v2\/pages\/9608","targetHints":{"allow":["GET"]}}],"collection":[{"href":"https:\/\/hotelnacionalriodejaneiro.com\/es\/wp-json\/wp\/v2\/pages"}],"about":[{"href":"https:\/\/hotelnacionalriodejaneiro.com\/es\/wp-json\/wp\/v2\/types\/page"}],"author":[{"embeddable":true,"href":"https:\/\/hotelnacionalriodejaneiro.com\/es\/wp-json\/wp\/v2\/users\/5"}],"replies":[{"embeddable":true,"href":"https:\/\/hotelnacionalriodejaneiro.com\/es\/wp-json\/wp\/v2\/comments?post=9608"}],"version-history":[{"count":1,"href":"https:\/\/hotelnacionalriodejaneiro.com\/es\/wp-json\/wp\/v2\/pages\/9608\/revisions"}],"predecessor-version":[{"id":9609,"href":"https:\/\/hotelnacionalriodejaneiro.com\/es\/wp-json\/wp\/v2\/pages\/9608\/revisions\/9609"}],"up":[{"embeddable":true,"href":"https:\/\/hotelnacionalriodejaneiro.com\/es\/wp-json\/wp\/v2\/pages\/9589"}],"wp:featuredmedia":[{"embeddable":true,"href":"https:\/\/hotelnacionalriodejaneiro.com\/es\/wp-json\/wp\/v2\/media\/9585"}],"wp:attachment":[{"href":"https:\/\/hotelnacionalriodejaneiro.com\/es\/wp-json\/wp\/v2\/media?parent=9608"}],"curies":[{"name":"wp","href":"https:\/\/api.w.org\/{rel}","templated":true}]}}