{"id":9597,"date":"2024-10-16T08:42:49","date_gmt":"2024-10-16T11:42:49","guid":{"rendered":"https:\/\/hotelnacionalriodejaneiro.com\/ofertas-especiales\/hotel-nacional-e-vertical-rio\/"},"modified":"2026-03-04T10:46:42","modified_gmt":"2026-03-04T13:46:42","slug":"hotel-nacional-e-vertical-rio","status":"publish","type":"page","link":"https:\/\/hotelnacionalriodejaneiro.com\/es\/ofertas-especiales\/hotel-nacional-e-vertical-rio\/","title":{"rendered":"HOTEL NACIONAL E VERTICAL RIO"},"content":{"rendered":"\t\t<div data-elementor-type=\"wp-page\" data-elementor-id=\"9597\" class=\"elementor elementor-9597 elementor-4597\" data-elementor-post-type=\"page\">\n\t\t\t\t<div class=\"elementor-element elementor-element-9536c4e e-flex e-con-boxed e-con e-parent\" data-id=\"9536c4e\" data-element_type=\"container\" data-settings=\"{&quot;background_background&quot;:&quot;slideshow&quot;,&quot;background_slideshow_ken_burns&quot;:&quot;yes&quot;,&quot;background_slideshow_gallery&quot;:[{&quot;id&quot;:9298,&quot;url&quot;:&quot;https:\\\/\\\/hotelnacionalriodejaneiro.com\\\/wp-content\\\/uploads\\\/2025\\\/02\\\/BANNER-DESK-FOTO-2.webp&quot;}],&quot;background_slideshow_loop&quot;:&quot;yes&quot;,&quot;background_slideshow_slide_duration&quot;:5000,&quot;background_slideshow_slide_transition&quot;:&quot;fade&quot;,&quot;background_slideshow_transition_duration&quot;:500,&quot;background_slideshow_ken_burns_zoom_direction&quot;:&quot;in&quot;}\">\n\t\t\t\t\t<div class=\"e-con-inner\">\n\t\t\t\t<div class=\"elementor-element elementor-element-d1b65e8 elementor-widget__width-inherit elementor-widget-mobile__width-inherit elementor-invisible elementor-widget elementor-widget-heading\" data-id=\"d1b65e8\" data-element_type=\"widget\" data-settings=\"{&quot;_animation&quot;:&quot;fadeIn&quot;}\" data-widget_type=\"heading.default\">\n\t\t\t\t<div class=\"elementor-widget-container\">\n\t\t\t\t\t<h2 class=\"elementor-heading-title elementor-size-default\">Ofertas Especiales<\/h2>\t\t\t\t<\/div>\n\t\t\t\t<\/div>\n\t\t\t\t<div class=\"elementor-element elementor-element-eb77055 elementor-widget__width-inherit elementor-widget-mobile__width-inherit elementor-invisible elementor-widget elementor-widget-heading\" data-id=\"eb77055\" data-element_type=\"widget\" data-settings=\"{&quot;_animation&quot;:&quot;fadeIn&quot;}\" data-widget_type=\"heading.default\">\n\t\t\t\t<div class=\"elementor-widget-container\">\n\t\t\t\t\t<h2 class=\"elementor-heading-title elementor-size-default\">Hotel Nacional &amp; Vertical Rio<\/h2>\t\t\t\t<\/div>\n\t\t\t\t<\/div>\n\t\t\t\t\t<\/div>\n\t\t\t\t<\/div>\n\t\t<div class=\"elementor-element elementor-element-8027d62 e-flex e-con-boxed e-con e-child\" data-id=\"8027d62\" data-element_type=\"container\">\n\t\t\t\t\t<div class=\"e-con-inner\">\n\t\t<div class=\"elementor-element elementor-element-914725d e-con-full e-flex e-con e-child\" data-id=\"914725d\" data-element_type=\"container\">\n\t\t\t\t<div class=\"elementor-element elementor-element-1a9ece1 elementor-invisible elementor-widget elementor-widget-heading\" data-id=\"1a9ece1\" data-element_type=\"widget\" data-settings=\"{&quot;_animation&quot;:&quot;fadeIn&quot;}\" data-widget_type=\"heading.default\">\n\t\t\t\t<div class=\"elementor-widget-container\">\n\t\t\t\t\t<h2 class=\"elementor-heading-title elementor-size-default\"><strong>\u00a1Vea R\u00edo desde las alturas \u2013 5% de DESCUENTO en su vuelo con Vertical Rio!<\/strong><\/h2>\t\t\t\t<\/div>\n\t\t\t\t<\/div>\n\t\t\t\t<\/div>\n\t\t\t\t\t<\/div>\n\t\t\t\t<\/div>\n\t\t<div class=\"elementor-element elementor-element-9f47030 e-flex e-con-boxed e-con e-parent\" data-id=\"9f47030\" data-element_type=\"container\">\n\t\t\t\t\t<div class=\"e-con-inner\">\n\t\t<div class=\"elementor-element elementor-element-61c877c e-con-full e-flex e-con e-child\" data-id=\"61c877c\" data-element_type=\"container\">\n\t\t\t\t<div class=\"elementor-element elementor-element-e0eccc6 elementor-invisible elementor-widget elementor-widget-text-editor\" data-id=\"e0eccc6\" data-element_type=\"widget\" data-settings=\"{&quot;_animation&quot;:&quot;fadeIn&quot;,&quot;_animation_delay&quot;:&quot;200&quot;}\" data-widget_type=\"text-editor.default\">\n\t\t\t\t<div class=\"elementor-widget-container\">\n\t\t\t\t\t\t\t\t\t<p><span style=\"color: var( --e-global-color-text ); letter-spacing: 0em;\">El Hotel Nacional, en colaboraci\u00f3n con <\/span><strong style=\"color: var( --e-global-color-text ); letter-spacing: 0em;\">Vertical Rio,<\/strong> le invita a vivir R\u00edo de Janeiro de una manera in\u00e9dita: a bordo de un <span style=\"color: var( --e-global-color-text ); letter-spacing: 0em;\"><strong style=\"color: var( --e-global-color-text ); letter-spacing: 0em;\">helic\u00f3ptero sin puertas<\/strong><\/span><span style=\"color: var( --e-global-color-text ); letter-spacing: 0em;\">, sintiendo la libertad de sobrevolar paisajes ic\u00f3nicos como el <\/span><strong style=\"color: var( --e-global-color-text ); letter-spacing: 0em;\">Cristo Redentor, Arpoador, Ipanema, S\u00e3o Conrado y mucho m\u00e1s!<\/strong><\/p>\n<p>Y para hacer esta experiencia a\u00fan m\u00e1s especial, \u00a1nuestros hu\u00e9spedes obtienen un <strong>5% de descuento<\/strong> en su vuelo exclusivo! <strong>Al hospedarse, consulte en la recepci\u00f3n del hotel para m\u00e1s informaci\u00f3n.<\/strong><br><\/p>\n<p><a href=\"https:\/\/verticalrio.com\/\">Acerca de <u><strong>Vertical Rio<\/strong><\/u>:<\/a><br> \u2013 Pioneros en Am\u00e9rica Latina en vuelos panor\u00e1micos sin puertas;<br> \u2013 La terminal de helic\u00f3pteros m\u00e1s grande de la ciudad, con comodidad y exclusividad;<br> \u2013 Una perspectiva \u00fanica del Cristo Redentor y de las playas m\u00e1s ic\u00f3nicas de la ciudad.<br><\/p>\n<p>\u00a1Atr\u00e9vase a surcar el cielo de R\u00edo y vea la ciudad como nunca antes!<br><\/p>\t\t\t\t\t\t\t\t<\/div>\n\t\t\t\t<\/div>\n\t\t\t\t<div class=\"elementor-element elementor-element-9458841 elementor-widget-mobile__width-inherit elementor-invisible elementor-widget elementor-widget-jkit_button\" data-id=\"9458841\" data-element_type=\"widget\" data-settings=\"{&quot;_animation&quot;:&quot;fadeIn&quot;,&quot;_animation_delay&quot;:&quot;600&quot;}\" data-widget_type=\"jkit_button.default\">\n\t\t\t\t<div class=\"elementor-widget-container\">\n\t\t\t\t\t<div  class=\"jeg-elementor-kit jkit-button  icon-position-before jeg_module___69dea9e5cdf3d\" ><a href=\"https:\/\/book.omnibees.com\/chain\/9531?lang=pt-BR&#038;currencyId=16&#038;version=4\" class=\"jkit-button-wrapper\">HAGA SU RESERVA<\/a><\/div>\t\t\t\t<\/div>\n\t\t\t\t<\/div>\n\t\t\t\t<\/div>\n\t\t\t\t\t<\/div>\n\t\t\t\t<\/div>\n\t\t<div class=\"elementor-element elementor-element-42e5f00 e-flex e-con-boxed e-con e-parent\" data-id=\"42e5f00\" data-element_type=\"container\">\n\t\t\t\t\t<div class=\"e-con-inner\">\n\t\t\t\t\t<\/div>\n\t\t\t\t<\/div>\n\t\t\t\t<\/div>\n\t\t","protected":false},"excerpt":{"rendered":"<p>Ofertas Especiales Hotel Nacional &amp; Vertical Rio \u00a1Vea R\u00edo desde las alturas \u2013 5% de DESCUENTO en su vuelo con Vertical Rio! El Hotel Nacional, en colaboraci\u00f3n con Vertical Rio, le invita a vivir R\u00edo de Janeiro de una manera in\u00e9dita: a bordo de un helic\u00f3ptero sin puertas, sintiendo la libertad de sobrevolar paisajes ic\u00f3nicos [&hellip;]<\/p>\n","protected":false},"author":5,"featured_media":9596,"parent":9589,"menu_order":0,"comment_status":"closed","ping_status":"closed","template":"elementor_header_footer","meta":{"footnotes":""},"class_list":["post-9597","page","type-page","status-publish","has-post-thumbnail","hentry"],"aioseo_notices":[],"_links":{"self":[{"href":"https:\/\/hotelnacionalriodejaneiro.com\/es\/wp-json\/wp\/v2\/pages\/9597","targetHints":{"allow":["GET"]}}],"collection":[{"href":"https:\/\/hotelnacionalriodejaneiro.com\/es\/wp-json\/wp\/v2\/pages"}],"about":[{"href":"https:\/\/hotelnacionalriodejaneiro.com\/es\/wp-json\/wp\/v2\/types\/page"}],"author":[{"embeddable":true,"href":"https:\/\/hotelnacionalriodejaneiro.com\/es\/wp-json\/wp\/v2\/users\/5"}],"replies":[{"embeddable":true,"href":"https:\/\/hotelnacionalriodejaneiro.com\/es\/wp-json\/wp\/v2\/comments?post=9597"}],"version-history":[{"count":1,"href":"https:\/\/hotelnacionalriodejaneiro.com\/es\/wp-json\/wp\/v2\/pages\/9597\/revisions"}],"predecessor-version":[{"id":9603,"href":"https:\/\/hotelnacionalriodejaneiro.com\/es\/wp-json\/wp\/v2\/pages\/9597\/revisions\/9603"}],"up":[{"embeddable":true,"href":"https:\/\/hotelnacionalriodejaneiro.com\/es\/wp-json\/wp\/v2\/pages\/9589"}],"wp:featuredmedia":[{"embeddable":true,"href":"https:\/\/hotelnacionalriodejaneiro.com\/es\/wp-json\/wp\/v2\/media\/9596"}],"wp:attachment":[{"href":"https:\/\/hotelnacionalriodejaneiro.com\/es\/wp-json\/wp\/v2\/media?parent=9597"}],"curies":[{"name":"wp","href":"https:\/\/api.w.org\/{rel}","templated":true}]}}