{"id":9589,"date":"2024-06-25T19:28:16","date_gmt":"2024-06-25T22:28:16","guid":{"rendered":"https:\/\/hotelnacionalriodejaneiro.com\/ofertas-especiales\/"},"modified":"2026-04-17T15:29:07","modified_gmt":"2026-04-17T18:29:07","slug":"ofertas-especiales","status":"publish","type":"page","link":"https:\/\/hotelnacionalriodejaneiro.com\/es\/ofertas-especiales\/","title":{"rendered":"Ofertas Especiales"},"content":{"rendered":"\t\t<div data-elementor-type=\"wp-page\" data-elementor-id=\"9589\" class=\"elementor elementor-9589 elementor-3392\" data-elementor-post-type=\"page\">\n\t\t\t\t<div class=\"elementor-element elementor-element-7e0b51a e-flex e-con-boxed e-con e-parent\" data-id=\"7e0b51a\" data-element_type=\"container\" data-settings=\"{&quot;background_background&quot;:&quot;slideshow&quot;,&quot;background_slideshow_ken_burns&quot;:&quot;yes&quot;,&quot;background_slideshow_gallery&quot;:[{&quot;id&quot;:9584,&quot;url&quot;:&quot;https:\\\/\\\/hotelnacionalriodejaneiro.com\\\/wp-content\\\/uploads\\\/2024\\\/06\\\/Header-Feijoada-Nacional.webp&quot;},{&quot;id&quot;:9585,&quot;url&quot;:&quot;https:\\\/\\\/hotelnacionalriodejaneiro.com\\\/wp-content\\\/uploads\\\/2024\\\/06\\\/Header-Arena-Beach-Club.webp&quot;},{&quot;id&quot;:10595,&quot;url&quot;:&quot;https:\\\/\\\/hotelnacionalriodejaneiro.com\\\/wp-content\\\/uploads\\\/2026\\\/04\\\/IMG_BG_DSKTP.png&quot;},{&quot;id&quot;:9586,&quot;url&quot;:&quot;https:\\\/\\\/hotelnacionalriodejaneiro.com\\\/wp-content\\\/uploads\\\/2024\\\/07\\\/Ofertas-Especiais-Nacional-Spa.webp&quot;},{&quot;id&quot;:9294,&quot;url&quot;:&quot;https:\\\/\\\/hotelnacionalriodejaneiro.com\\\/wp-content\\\/uploads\\\/2025\\\/02\\\/BANNER-DESK-FOTO-1.webp&quot;}],&quot;background_slideshow_transition_duration&quot;:450,&quot;background_slideshow_loop&quot;:&quot;yes&quot;,&quot;background_slideshow_slide_duration&quot;:5000,&quot;background_slideshow_slide_transition&quot;:&quot;fade&quot;,&quot;background_slideshow_ken_burns_zoom_direction&quot;:&quot;in&quot;}\">\n\t\t\t\t\t<div class=\"e-con-inner\">\n\t\t<div class=\"elementor-element elementor-element-63df7e9 e-con-full e-flex e-con e-child\" data-id=\"63df7e9\" data-element_type=\"container\">\n\t\t\t\t<div class=\"elementor-element elementor-element-63150d2 elementor-widget__width-inherit elementor-widget-mobile__width-inherit elementor-invisible elementor-widget elementor-widget-heading\" data-id=\"63150d2\" data-element_type=\"widget\" data-settings=\"{&quot;_animation&quot;:&quot;fadeIn&quot;}\" data-widget_type=\"heading.default\">\n\t\t\t\t<div class=\"elementor-widget-container\">\n\t\t\t\t\t<h1 class=\"elementor-heading-title elementor-size-default\">Ofertas Especiales<\/h1>\t\t\t\t<\/div>\n\t\t\t\t<\/div>\n\t\t\t\t<div class=\"elementor-element elementor-element-e47a33c elementor-widget__width-inherit elementor-widget-mobile__width-inherit elementor-invisible elementor-widget elementor-widget-heading\" data-id=\"e47a33c\" data-element_type=\"widget\" data-settings=\"{&quot;_animation&quot;:&quot;fadeIn&quot;}\" data-widget_type=\"heading.default\">\n\t\t\t\t<div class=\"elementor-widget-container\">\n\t\t\t\t\t<h2 class=\"elementor-heading-title elementor-size-default\">Rel\u00e1jese y renueve el cuerpo y la mente en el coraz\u00f3n de R\u00edo de Janeiro<br><\/h2>\t\t\t\t<\/div>\n\t\t\t\t<\/div>\n\t\t\t\t<\/div>\n\t\t\t\t\t<\/div>\n\t\t\t\t<\/div>\n\t\t<div class=\"elementor-element elementor-element-19af69a e-flex e-con-boxed e-con e-parent\" data-id=\"19af69a\" data-element_type=\"container\">\n\t\t\t\t\t<div class=\"e-con-inner\">\n\t\t\t\t<div class=\"elementor-element elementor-element-4713bb5 elementor-invisible elementor-widget elementor-widget-heading\" data-id=\"4713bb5\" data-element_type=\"widget\" data-settings=\"{&quot;_animation&quot;:&quot;fadeIn&quot;}\" data-widget_type=\"heading.default\">\n\t\t\t\t<div class=\"elementor-widget-container\">\n\t\t\t\t\t<h2 class=\"elementor-heading-title elementor-size-default\">M\u00e1s que una estad\u00eda, una experiencia 5 estrellas: ofertas especiales para usted<br><\/h2>\t\t\t\t<\/div>\n\t\t\t\t<\/div>\n\t\t\t\t\t<\/div>\n\t\t\t\t<\/div>\n\t\t<div class=\"elementor-element elementor-element-2ab78f1 e-grid elementor-hidden-mobile e-con-boxed e-con e-parent\" data-id=\"2ab78f1\" data-element_type=\"container\">\n\t\t\t\t\t<div class=\"e-con-inner\">\n\t\t\t\t<div class=\"elementor-element elementor-element-b065394 elementor-widget elementor-widget-image\" data-id=\"b065394\" data-element_type=\"widget\" data-widget_type=\"image.default\">\n\t\t\t\t<div class=\"elementor-widget-container\">\n\t\t\t\t\t\t\t\t\t\t\t\t\t\t\t\t<a href=\"https:\/\/hotelnacionalriodejaneiro.com\/ofertas-especiais\/hotel-nacional-e-vertical-rio\/\" verti=\"\">\n\t\t\t\t\t\t\t<img fetchpriority=\"high\" decoding=\"async\" width=\"800\" height=\"348\" src=\"https:\/\/hotelnacionalriodejaneiro.com\/wp-content\/uploads\/2025\/02\/BANNER-DESK-2-1024x445.webp\" class=\"attachment-large size-large wp-image-9223\" alt=\"HOTEL NACIONAL E VERTICAL - Veja o Rio de cima \u2013 5% OFF no seu voo com a Vertical Rio!\" srcset=\"https:\/\/hotelnacionalriodejaneiro.com\/wp-content\/uploads\/2025\/02\/BANNER-DESK-2-1024x445.webp 1024w, https:\/\/hotelnacionalriodejaneiro.com\/wp-content\/uploads\/2025\/02\/BANNER-DESK-2-300x130.webp 300w, https:\/\/hotelnacionalriodejaneiro.com\/wp-content\/uploads\/2025\/02\/BANNER-DESK-2-768x333.webp 768w, https:\/\/hotelnacionalriodejaneiro.com\/wp-content\/uploads\/2025\/02\/BANNER-DESK-2.webp 1534w\" sizes=\"(max-width: 800px) 100vw, 800px\" \/>\t\t\t\t\t\t\t\t<\/a>\n\t\t\t\t\t\t\t\t\t\t\t\t\t\t\t<\/div>\n\t\t\t\t<\/div>\n\t\t\t\t<div class=\"elementor-element elementor-element-bf3e0c9 elementor-widget elementor-widget-image\" data-id=\"bf3e0c9\" data-element_type=\"widget\" data-widget_type=\"image.default\">\n\t\t\t\t<div class=\"elementor-widget-container\">\n\t\t\t\t\t\t\t\t\t\t\t\t\t\t\t\t<a href=\"https:\/\/hotelnacionalriodejaneiro.com\/ofertas-especiais\/feijoada-nacional\/\">\n\t\t\t\t\t\t\t<img decoding=\"async\" width=\"800\" height=\"348\" src=\"https:\/\/hotelnacionalriodejaneiro.com\/wp-content\/uploads\/2024\/09\/FEIJOADA-1024x445.webp\" class=\"attachment-large size-large wp-image-9224\" alt=\"\" srcset=\"https:\/\/hotelnacionalriodejaneiro.com\/wp-content\/uploads\/2024\/09\/FEIJOADA-1024x445.webp 1024w, https:\/\/hotelnacionalriodejaneiro.com\/wp-content\/uploads\/2024\/09\/FEIJOADA-300x130.webp 300w, https:\/\/hotelnacionalriodejaneiro.com\/wp-content\/uploads\/2024\/09\/FEIJOADA-768x333.webp 768w, https:\/\/hotelnacionalriodejaneiro.com\/wp-content\/uploads\/2024\/09\/FEIJOADA.webp 1534w\" sizes=\"(max-width: 800px) 100vw, 800px\" \/>\t\t\t\t\t\t\t\t<\/a>\n\t\t\t\t\t\t\t\t\t\t\t\t\t\t\t<\/div>\n\t\t\t\t<\/div>\n\t\t\t\t<div class=\"elementor-element elementor-element-2337fb5 elementor-widget elementor-widget-image\" data-id=\"2337fb5\" data-element_type=\"widget\" data-widget_type=\"image.default\">\n\t\t\t\t<div class=\"elementor-widget-container\">\n\t\t\t\t\t\t\t\t\t\t\t\t\t\t\t\t<a href=\"https:\/\/hotelnacionalriodejaneiro.com\/es\/ofertas-especiales\/arena-beach-tennis-nacional\/\" beach=\"\">\n\t\t\t\t\t\t\t<img decoding=\"async\" width=\"800\" height=\"348\" src=\"https:\/\/hotelnacionalriodejaneiro.com\/wp-content\/uploads\/2024\/11\/beach-tenies-hotel-nacional-1024x445.webp\" class=\"attachment-large size-large wp-image-9225\" alt=\"\" srcset=\"https:\/\/hotelnacionalriodejaneiro.com\/wp-content\/uploads\/2024\/11\/beach-tenies-hotel-nacional-1024x445.webp 1024w, https:\/\/hotelnacionalriodejaneiro.com\/wp-content\/uploads\/2024\/11\/beach-tenies-hotel-nacional-300x130.webp 300w, https:\/\/hotelnacionalriodejaneiro.com\/wp-content\/uploads\/2024\/11\/beach-tenies-hotel-nacional-768x333.webp 768w, https:\/\/hotelnacionalriodejaneiro.com\/wp-content\/uploads\/2024\/11\/beach-tenies-hotel-nacional.webp 1534w\" sizes=\"(max-width: 800px) 100vw, 800px\" \/>\t\t\t\t\t\t\t\t<\/a>\n\t\t\t\t\t\t\t\t\t\t\t\t\t\t\t<\/div>\n\t\t\t\t<\/div>\n\t\t\t\t<div class=\"elementor-element elementor-element-7638fbd elementor-widget elementor-widget-image\" data-id=\"7638fbd\" data-element_type=\"widget\" data-widget_type=\"image.default\">\n\t\t\t\t<div class=\"elementor-widget-container\">\n\t\t\t\t\t\t\t\t\t\t\t\t\t\t\t\t<a href=\"https:\/\/hotelnacionalriodejaneiro.com\/es\/ofertas-especiales\/livelo\/\">\n\t\t\t\t\t\t\t<img loading=\"lazy\" decoding=\"async\" width=\"800\" height=\"348\" src=\"https:\/\/hotelnacionalriodejaneiro.com\/wp-content\/uploads\/2024\/11\/LIVELO-DESK-1-1024x445.webp\" class=\"attachment-large size-large wp-image-9587\" alt=\"\" srcset=\"https:\/\/hotelnacionalriodejaneiro.com\/wp-content\/uploads\/2024\/11\/LIVELO-DESK-1-1024x445.webp 1024w, https:\/\/hotelnacionalriodejaneiro.com\/wp-content\/uploads\/2024\/11\/LIVELO-DESK-1-300x130.webp 300w, https:\/\/hotelnacionalriodejaneiro.com\/wp-content\/uploads\/2024\/11\/LIVELO-DESK-1-768x333.webp 768w, https:\/\/hotelnacionalriodejaneiro.com\/wp-content\/uploads\/2024\/11\/LIVELO-DESK-1.webp 1534w\" sizes=\"(max-width: 800px) 100vw, 800px\" \/>\t\t\t\t\t\t\t\t<\/a>\n\t\t\t\t\t\t\t\t\t\t\t\t\t\t\t<\/div>\n\t\t\t\t<\/div>\n\t\t\t\t<div class=\"elementor-element elementor-element-113cbd1 elementor-hidden-desktop elementor-hidden-tablet elementor-hidden-mobile elementor-invisible elementor-widget elementor-widget-heading\" data-id=\"113cbd1\" data-element_type=\"widget\" data-settings=\"{&quot;_animation&quot;:&quot;fadeIn&quot;}\" data-widget_type=\"heading.default\">\n\t\t\t\t<div class=\"elementor-widget-container\">\n\t\t\t\t\t<h2 class=\"elementor-heading-title elementor-size-default\">M\u00e1s que un hotel, una obra de arte.<\/h2>\t\t\t\t<\/div>\n\t\t\t\t<\/div>\n\t\t\t\t\t<\/div>\n\t\t\t\t<\/div>\n\t\t<div class=\"elementor-element elementor-element-6453304 e-grid elementor-hidden-desktop elementor-hidden-tablet e-con-boxed e-con e-parent\" data-id=\"6453304\" data-element_type=\"container\">\n\t\t\t\t\t<div class=\"e-con-inner\">\n\t\t\t\t<div class=\"elementor-element elementor-element-c6c571e elementor-widget elementor-widget-image\" data-id=\"c6c571e\" data-element_type=\"widget\" data-widget_type=\"image.default\">\n\t\t\t\t<div class=\"elementor-widget-container\">\n\t\t\t\t\t\t\t\t\t\t\t\t\t\t\t\t<a href=\"https:\/\/hotelnacionalriodejaneiro.com\/ofertas-especiais\/hotel-nacional-e-vertical-rio\/\">\n\t\t\t\t\t\t\t<img loading=\"lazy\" decoding=\"async\" width=\"534\" height=\"1024\" src=\"https:\/\/hotelnacionalriodejaneiro.com\/wp-content\/uploads\/2025\/02\/BANNER-MOBILE-2-2-534x1024.webp\" class=\"attachment-large size-large wp-image-9228\" alt=\"HOTEL NACIONAL E VERTICAL - Veja o Rio de cima \u2013 5% OFF no seu voo com a Vertical Rio!\" srcset=\"https:\/\/hotelnacionalriodejaneiro.com\/wp-content\/uploads\/2025\/02\/BANNER-MOBILE-2-2-534x1024.webp 534w, https:\/\/hotelnacionalriodejaneiro.com\/wp-content\/uploads\/2025\/02\/BANNER-MOBILE-2-2-156x300.webp 156w, https:\/\/hotelnacionalriodejaneiro.com\/wp-content\/uploads\/2025\/02\/BANNER-MOBILE-2-2-768x1473.webp 768w, https:\/\/hotelnacionalriodejaneiro.com\/wp-content\/uploads\/2025\/02\/BANNER-MOBILE-2-2.webp 800w\" sizes=\"(max-width: 534px) 100vw, 534px\" \/>\t\t\t\t\t\t\t\t<\/a>\n\t\t\t\t\t\t\t\t\t\t\t\t\t\t\t<\/div>\n\t\t\t\t<\/div>\n\t\t\t\t<div class=\"elementor-element elementor-element-7ffc740 elementor-widget elementor-widget-image\" data-id=\"7ffc740\" data-element_type=\"widget\" data-widget_type=\"image.default\">\n\t\t\t\t<div class=\"elementor-widget-container\">\n\t\t\t\t\t\t\t\t\t\t\t\t\t\t\t\t<a href=\"https:\/\/hotelnacionalriodejaneiro.com\/ofertas-especiais\/feijoada-nacional\/\">\n\t\t\t\t\t\t\t<img loading=\"lazy\" decoding=\"async\" width=\"534\" height=\"1024\" src=\"https:\/\/hotelnacionalriodejaneiro.com\/wp-content\/uploads\/2024\/10\/FEIJOADA-MOBILE-534x1024.webp\" class=\"attachment-large size-large wp-image-9229\" alt=\"\" srcset=\"https:\/\/hotelnacionalriodejaneiro.com\/wp-content\/uploads\/2024\/10\/FEIJOADA-MOBILE-534x1024.webp 534w, https:\/\/hotelnacionalriodejaneiro.com\/wp-content\/uploads\/2024\/10\/FEIJOADA-MOBILE-156x300.webp 156w, https:\/\/hotelnacionalriodejaneiro.com\/wp-content\/uploads\/2024\/10\/FEIJOADA-MOBILE-768x1473.webp 768w, https:\/\/hotelnacionalriodejaneiro.com\/wp-content\/uploads\/2024\/10\/FEIJOADA-MOBILE.webp 800w\" sizes=\"(max-width: 534px) 100vw, 534px\" \/>\t\t\t\t\t\t\t\t<\/a>\n\t\t\t\t\t\t\t\t\t\t\t\t\t\t\t<\/div>\n\t\t\t\t<\/div>\n\t\t\t\t<div class=\"elementor-element elementor-element-c7937f4 elementor-widget elementor-widget-image\" data-id=\"c7937f4\" data-element_type=\"widget\" data-widget_type=\"image.default\">\n\t\t\t\t<div class=\"elementor-widget-container\">\n\t\t\t\t\t\t\t\t\t\t\t\t\t\t\t\t<a href=\"https:\/\/hotelnacionalriodejaneiro.com\/ofertas-especiais\/arena-beach-tennis-nacional\/\">\n\t\t\t\t\t\t\t<img loading=\"lazy\" decoding=\"async\" width=\"534\" height=\"1024\" src=\"https:\/\/hotelnacionalriodejaneiro.com\/wp-content\/uploads\/2024\/08\/hotel-nacional-rio-de-janeiro-hnrj-MOBILE-BEACH-TENNIS-534x1024.webp\" class=\"attachment-large size-large wp-image-9227\" alt=\"\" srcset=\"https:\/\/hotelnacionalriodejaneiro.com\/wp-content\/uploads\/2024\/08\/hotel-nacional-rio-de-janeiro-hnrj-MOBILE-BEACH-TENNIS-534x1024.webp 534w, https:\/\/hotelnacionalriodejaneiro.com\/wp-content\/uploads\/2024\/08\/hotel-nacional-rio-de-janeiro-hnrj-MOBILE-BEACH-TENNIS-156x300.webp 156w, https:\/\/hotelnacionalriodejaneiro.com\/wp-content\/uploads\/2024\/08\/hotel-nacional-rio-de-janeiro-hnrj-MOBILE-BEACH-TENNIS-768x1473.webp 768w, https:\/\/hotelnacionalriodejaneiro.com\/wp-content\/uploads\/2024\/08\/hotel-nacional-rio-de-janeiro-hnrj-MOBILE-BEACH-TENNIS.webp 800w\" sizes=\"(max-width: 534px) 100vw, 534px\" \/>\t\t\t\t\t\t\t\t<\/a>\n\t\t\t\t\t\t\t\t\t\t\t\t\t\t\t<\/div>\n\t\t\t\t<\/div>\n\t\t\t\t<div class=\"elementor-element elementor-element-b419aa1 elementor-widget elementor-widget-image\" data-id=\"b419aa1\" data-element_type=\"widget\" data-widget_type=\"image.default\">\n\t\t\t\t<div class=\"elementor-widget-container\">\n\t\t\t\t\t\t\t\t\t\t\t\t\t\t\t\t<a href=\"https:\/\/hotelnacionalriodejaneiro.com\/ofertas-especiais\/livelo\/\">\n\t\t\t\t\t\t\t<img loading=\"lazy\" decoding=\"async\" width=\"534\" height=\"1024\" src=\"https:\/\/hotelnacionalriodejaneiro.com\/wp-content\/uploads\/2024\/09\/LIVELO-MOBILE-1-534x1024.webp\" class=\"attachment-large size-large wp-image-9230\" alt=\"\" srcset=\"https:\/\/hotelnacionalriodejaneiro.com\/wp-content\/uploads\/2024\/09\/LIVELO-MOBILE-1-534x1024.webp 534w, https:\/\/hotelnacionalriodejaneiro.com\/wp-content\/uploads\/2024\/09\/LIVELO-MOBILE-1-156x300.webp 156w, https:\/\/hotelnacionalriodejaneiro.com\/wp-content\/uploads\/2024\/09\/LIVELO-MOBILE-1-768x1473.webp 768w, https:\/\/hotelnacionalriodejaneiro.com\/wp-content\/uploads\/2024\/09\/LIVELO-MOBILE-1.webp 800w\" sizes=\"(max-width: 534px) 100vw, 534px\" \/>\t\t\t\t\t\t\t\t<\/a>\n\t\t\t\t\t\t\t\t\t\t\t\t\t\t\t<\/div>\n\t\t\t\t<\/div>\n\t\t\t\t\t<\/div>\n\t\t\t\t<\/div>\n\t\t\t\t<\/div>\n\t\t","protected":false},"excerpt":{"rendered":"<p>Ofertas Especiales Rel\u00e1jese y renueve el cuerpo y la mente en el coraz\u00f3n de R\u00edo de Janeiro M\u00e1s que una estad\u00eda, una experiencia 5 estrellas: ofertas especiales para usted M\u00e1s que un hotel, una obra de arte.<\/p>\n","protected":false},"author":5,"featured_media":9588,"parent":0,"menu_order":0,"comment_status":"closed","ping_status":"closed","template":"elementor_header_footer","meta":{"footnotes":""},"class_list":["post-9589","page","type-page","status-publish","has-post-thumbnail","hentry"],"aioseo_notices":[],"_links":{"self":[{"href":"https:\/\/hotelnacionalriodejaneiro.com\/es\/wp-json\/wp\/v2\/pages\/9589","targetHints":{"allow":["GET"]}}],"collection":[{"href":"https:\/\/hotelnacionalriodejaneiro.com\/es\/wp-json\/wp\/v2\/pages"}],"about":[{"href":"https:\/\/hotelnacionalriodejaneiro.com\/es\/wp-json\/wp\/v2\/types\/page"}],"author":[{"embeddable":true,"href":"https:\/\/hotelnacionalriodejaneiro.com\/es\/wp-json\/wp\/v2\/users\/5"}],"replies":[{"embeddable":true,"href":"https:\/\/hotelnacionalriodejaneiro.com\/es\/wp-json\/wp\/v2\/comments?post=9589"}],"version-history":[{"count":9,"href":"https:\/\/hotelnacionalriodejaneiro.com\/es\/wp-json\/wp\/v2\/pages\/9589\/revisions"}],"predecessor-version":[{"id":10644,"href":"https:\/\/hotelnacionalriodejaneiro.com\/es\/wp-json\/wp\/v2\/pages\/9589\/revisions\/10644"}],"wp:featuredmedia":[{"embeddable":true,"href":"https:\/\/hotelnacionalriodejaneiro.com\/es\/wp-json\/wp\/v2\/media\/9588"}],"wp:attachment":[{"href":"https:\/\/hotelnacionalriodejaneiro.com\/es\/wp-json\/wp\/v2\/media?parent=9589"}],"curies":[{"name":"wp","href":"https:\/\/api.w.org\/{rel}","templated":true}]}}