{"id":9582,"date":"2024-06-03T23:39:50","date_gmt":"2024-06-04T02:39:50","guid":{"rendered":"https:\/\/hotelnacionalriodejaneiro.com\/experiencias\/jardin-burle-marx\/"},"modified":"2026-03-04T10:04:17","modified_gmt":"2026-03-04T13:04:17","slug":"jardin-burle-marx","status":"publish","type":"page","link":"https:\/\/hotelnacionalriodejaneiro.com\/es\/experiencias\/jardin-burle-marx\/","title":{"rendered":"Jard\u00edn Burle Marx"},"content":{"rendered":"\t\t<div data-elementor-type=\"wp-page\" data-elementor-id=\"9582\" class=\"elementor elementor-9582 elementor-1654\" data-elementor-post-type=\"page\">\n\t\t\t\t<div class=\"elementor-element elementor-element-640a6bf e-flex e-con-boxed e-con e-parent\" data-id=\"640a6bf\" data-element_type=\"container\" data-settings=\"{&quot;background_background&quot;:&quot;slideshow&quot;,&quot;background_slideshow_ken_burns&quot;:&quot;yes&quot;,&quot;background_slideshow_gallery&quot;:[{&quot;id&quot;:9576,&quot;url&quot;:&quot;https:\\\/\\\/hotelnacionalriodejaneiro.com\\\/wp-content\\\/uploads\\\/2024\\\/06\\\/Header-Jardim-Burle-Marx-3.webp&quot;},{&quot;id&quot;:9571,&quot;url&quot;:&quot;https:\\\/\\\/hotelnacionalriodejaneiro.com\\\/wp-content\\\/uploads\\\/2024\\\/06\\\/Header-Jardim-Burle-Marx-2.webp&quot;},{&quot;id&quot;:9528,&quot;url&quot;:&quot;https:\\\/\\\/hotelnacionalriodejaneiro.com\\\/wp-content\\\/uploads\\\/2024\\\/06\\\/Header-Jardim-Burle-Marx.webp&quot;}],&quot;background_slideshow_loop&quot;:&quot;yes&quot;,&quot;background_slideshow_slide_duration&quot;:5000,&quot;background_slideshow_slide_transition&quot;:&quot;fade&quot;,&quot;background_slideshow_transition_duration&quot;:500,&quot;background_slideshow_ken_burns_zoom_direction&quot;:&quot;in&quot;}\">\n\t\t\t\t\t<div class=\"e-con-inner\">\n\t\t\t\t<div class=\"elementor-element elementor-element-deabc68 elementor-widget__width-inherit elementor-widget-mobile__width-inherit elementor-invisible elementor-widget elementor-widget-heading\" data-id=\"deabc68\" data-element_type=\"widget\" data-settings=\"{&quot;_animation&quot;:&quot;fadeIn&quot;}\" data-widget_type=\"heading.default\">\n\t\t\t\t<div class=\"elementor-widget-container\">\n\t\t\t\t\t<h2 class=\"elementor-heading-title elementor-size-default\">Jard\u00edn Burle Marx<\/h2>\t\t\t\t<\/div>\n\t\t\t\t<\/div>\n\t\t\t\t<div class=\"elementor-element elementor-element-566959d elementor-widget__width-inherit elementor-widget-mobile__width-inherit elementor-invisible elementor-widget elementor-widget-heading\" data-id=\"566959d\" data-element_type=\"widget\" data-settings=\"{&quot;_animation&quot;:&quot;fadeIn&quot;}\" data-widget_type=\"heading.default\">\n\t\t\t\t<div class=\"elementor-widget-container\">\n\t\t\t\t\t<h2 class=\"elementor-heading-title elementor-size-default\">Refugio de paz y tranquilidad<\/h2>\t\t\t\t<\/div>\n\t\t\t\t<\/div>\n\t\t\t\t\t<\/div>\n\t\t\t\t<\/div>\n\t\t<div class=\"elementor-element elementor-element-9ba47be e-flex e-con-boxed e-con e-child\" data-id=\"9ba47be\" data-element_type=\"container\">\n\t\t\t\t\t<div class=\"e-con-inner\">\n\t\t<div class=\"elementor-element elementor-element-94697a9 e-con-full e-flex e-con e-child\" data-id=\"94697a9\" data-element_type=\"container\">\n\t\t\t\t<div class=\"elementor-element elementor-element-b1749d7 elementor-invisible elementor-widget elementor-widget-heading\" data-id=\"b1749d7\" data-element_type=\"widget\" data-settings=\"{&quot;_animation&quot;:&quot;fadeIn&quot;}\" data-widget_type=\"heading.default\">\n\t\t\t\t<div class=\"elementor-widget-container\">\n\t\t\t\t\t<h2 class=\"elementor-heading-title elementor-size-default\">Jard\u00edn Burle Marx<\/h2>\t\t\t\t<\/div>\n\t\t\t\t<\/div>\n\t\t\t\t<div class=\"elementor-element elementor-element-5d7560f elementor-invisible elementor-widget elementor-widget-text-editor\" data-id=\"5d7560f\" data-element_type=\"widget\" data-settings=\"{&quot;_animation&quot;:&quot;fadeIn&quot;,&quot;_animation_delay&quot;:&quot;200&quot;}\" data-widget_type=\"text-editor.default\">\n\t\t\t\t<div class=\"elementor-widget-container\">\n\t\t\t\t\t\t\t\t\t<p data-pm-slice=\"1 1 []\">Creado por el renombrado paisajista brasile\u00f1o Roberto Burle Marx, este jard\u00edn es un testimonio de la genialidad del artista, quien combin\u00f3 con maestr\u00eda especies nativas de la flora brasile\u00f1a con elementos de dise\u00f1o moderno. Cuenta con m\u00e1s de 10 mil metros cuadrados y recuerda a un laberinto verde, donde senderos sinuosos revelan sorpresas en cada esquina. Una oportunidad \u00fanica de apreciar una gran variedad de plantas, \u00e1rboles y flores, algunas de las cuales son raras y dif\u00edciles de encontrar en otros lugares. Este jard\u00edn es un refugio de paz y tranquilidad, invitando al hu\u00e9sped a disfrutar de momentos \u00fanicos de contemplaci\u00f3n y relajaci\u00f3n.<br>   <\/p>\t\t\t\t\t\t\t\t<\/div>\n\t\t\t\t<\/div>\n\t\t\t\t<div class=\"elementor-element elementor-element-60104fa elementor-widget-mobile__width-inherit elementor-invisible elementor-widget elementor-widget-jkit_button\" data-id=\"60104fa\" data-element_type=\"widget\" data-settings=\"{&quot;_animation&quot;:&quot;fadeIn&quot;,&quot;_animation_delay&quot;:&quot;600&quot;}\" data-widget_type=\"jkit_button.default\">\n\t\t\t\t<div class=\"elementor-widget-container\">\n\t\t\t\t\t<div  class=\"jeg-elementor-kit jkit-button  icon-position-before jeg_module___69e10b2482efb\" ><a href=\"https:\/\/book.omnibees.com\/chain\/9531?lang=pt-BR&#038;currencyId=16&#038;version=4\" class=\"jkit-button-wrapper\">HAGA SU RESERVA<\/a><\/div>\t\t\t\t<\/div>\n\t\t\t\t<\/div>\n\t\t\t\t<\/div>\n\t\t<div class=\"elementor-element elementor-element-d0e7d5b e-con-full e-flex e-con e-child\" data-id=\"d0e7d5b\" data-element_type=\"container\">\n\t\t\t\t<div class=\"elementor-element elementor-element-f8c254f elementor-widget elementor-widget-gallery\" data-id=\"f8c254f\" data-element_type=\"widget\" data-settings=\"{&quot;columns&quot;:2,&quot;columns_mobile&quot;:2,&quot;lazyload&quot;:&quot;yes&quot;,&quot;gallery_layout&quot;:&quot;grid&quot;,&quot;columns_tablet&quot;:2,&quot;gap&quot;:{&quot;unit&quot;:&quot;px&quot;,&quot;size&quot;:10,&quot;sizes&quot;:[]},&quot;gap_tablet&quot;:{&quot;unit&quot;:&quot;px&quot;,&quot;size&quot;:10,&quot;sizes&quot;:[]},&quot;gap_mobile&quot;:{&quot;unit&quot;:&quot;px&quot;,&quot;size&quot;:10,&quot;sizes&quot;:[]},&quot;link_to&quot;:&quot;file&quot;,&quot;aspect_ratio&quot;:&quot;3:2&quot;,&quot;overlay_background&quot;:&quot;yes&quot;,&quot;content_hover_animation&quot;:&quot;fade-in&quot;}\" data-widget_type=\"gallery.default\">\n\t\t\t\t<div class=\"elementor-widget-container\">\n\t\t\t\t\t\t\t<div class=\"elementor-gallery__container\">\n\t\t\t\t\t\t\t<a class=\"e-gallery-item elementor-gallery-item elementor-animated-content\" href=\"https:\/\/hotelnacionalriodejaneiro.com\/wp-content\/uploads\/2024\/06\/Jardim-Burle-Marx-3.webp\" data-elementor-open-lightbox=\"yes\" data-elementor-lightbox-slideshow=\"f8c254f\" data-elementor-lightbox-title=\"Jard\u00edn Burle Marx\" data-e-action-hash=\"#elementor-action%3Aaction%3Dlightbox%26settings%3DeyJpZCI6OTU3NywidXJsIjoiaHR0cHM6XC9cL2hvdGVsbmFjaW9uYWxyaW9kZWphbmVpcm8uY29tXC93cC1jb250ZW50XC91cGxvYWRzXC8yMDI0XC8wNlwvSmFyZGltLUJ1cmxlLU1hcngtMy53ZWJwIiwic2xpZGVzaG93IjoiZjhjMjU0ZiJ9\">\n\t\t\t\t\t<div class=\"e-gallery-image elementor-gallery-item__image\" data-thumbnail=\"https:\/\/hotelnacionalriodejaneiro.com\/wp-content\/uploads\/2024\/06\/Jardim-Burle-Marx-3-300x190.webp\" data-width=\"300\" data-height=\"190\" aria-label=\"Jard\u00edn Burle Marx\" role=\"img\" ><\/div>\n\t\t\t\t\t\t\t\t\t\t\t<div class=\"elementor-gallery-item__overlay\"><\/div>\n\t\t\t\t\t\t\t\t\t\t\t\t\t\t<\/a>\n\t\t\t\t\t\t\t<a class=\"e-gallery-item elementor-gallery-item elementor-animated-content\" href=\"https:\/\/hotelnacionalriodejaneiro.com\/wp-content\/uploads\/2024\/06\/Jardim-Burle-Marx-2.webp\" data-elementor-open-lightbox=\"yes\" data-elementor-lightbox-slideshow=\"f8c254f\" data-elementor-lightbox-title=\"Jard\u00edn Burle Marx\" data-e-action-hash=\"#elementor-action%3Aaction%3Dlightbox%26settings%3DeyJpZCI6OTU3OCwidXJsIjoiaHR0cHM6XC9cL2hvdGVsbmFjaW9uYWxyaW9kZWphbmVpcm8uY29tXC93cC1jb250ZW50XC91cGxvYWRzXC8yMDI0XC8wNlwvSmFyZGltLUJ1cmxlLU1hcngtMi53ZWJwIiwic2xpZGVzaG93IjoiZjhjMjU0ZiJ9\">\n\t\t\t\t\t<div class=\"e-gallery-image elementor-gallery-item__image\" data-thumbnail=\"https:\/\/hotelnacionalriodejaneiro.com\/wp-content\/uploads\/2024\/06\/Jardim-Burle-Marx-2-300x201.webp\" data-width=\"300\" data-height=\"201\" aria-label=\"Jard\u00edn Burle Marx\" role=\"img\" ><\/div>\n\t\t\t\t\t\t\t\t\t\t\t<div class=\"elementor-gallery-item__overlay\"><\/div>\n\t\t\t\t\t\t\t\t\t\t\t\t\t\t<\/a>\n\t\t\t\t\t\t\t<a class=\"e-gallery-item elementor-gallery-item elementor-animated-content\" href=\"https:\/\/hotelnacionalriodejaneiro.com\/wp-content\/uploads\/2024\/06\/Jardim-Burle-Marx-1.webp\" data-elementor-open-lightbox=\"yes\" data-elementor-lightbox-slideshow=\"f8c254f\" data-elementor-lightbox-title=\"Jard\u00edn Burle Marx\" data-e-action-hash=\"#elementor-action%3Aaction%3Dlightbox%26settings%3DeyJpZCI6OTU3OSwidXJsIjoiaHR0cHM6XC9cL2hvdGVsbmFjaW9uYWxyaW9kZWphbmVpcm8uY29tXC93cC1jb250ZW50XC91cGxvYWRzXC8yMDI0XC8wNlwvSmFyZGltLUJ1cmxlLU1hcngtMS53ZWJwIiwic2xpZGVzaG93IjoiZjhjMjU0ZiJ9\">\n\t\t\t\t\t<div class=\"e-gallery-image elementor-gallery-item__image\" data-thumbnail=\"https:\/\/hotelnacionalriodejaneiro.com\/wp-content\/uploads\/2024\/06\/Jardim-Burle-Marx-1-300x201.webp\" data-width=\"300\" data-height=\"201\" aria-label=\"Jard\u00edn Burle Marx\" role=\"img\" ><\/div>\n\t\t\t\t\t\t\t\t\t\t\t<div class=\"elementor-gallery-item__overlay\"><\/div>\n\t\t\t\t\t\t\t\t\t\t\t\t\t\t<\/a>\n\t\t\t\t\t\t\t<a class=\"e-gallery-item elementor-gallery-item elementor-animated-content\" href=\"https:\/\/hotelnacionalriodejaneiro.com\/wp-content\/uploads\/2024\/06\/Jardim-Burle-Marx-4.webp\" data-elementor-open-lightbox=\"yes\" data-elementor-lightbox-slideshow=\"f8c254f\" data-elementor-lightbox-title=\"Jard\u00edn Burle Marx\" data-e-action-hash=\"#elementor-action%3Aaction%3Dlightbox%26settings%3DeyJpZCI6OTU4MCwidXJsIjoiaHR0cHM6XC9cL2hvdGVsbmFjaW9uYWxyaW9kZWphbmVpcm8uY29tXC93cC1jb250ZW50XC91cGxvYWRzXC8yMDI0XC8wNlwvSmFyZGltLUJ1cmxlLU1hcngtNC53ZWJwIiwic2xpZGVzaG93IjoiZjhjMjU0ZiJ9\">\n\t\t\t\t\t<div class=\"e-gallery-image elementor-gallery-item__image\" data-thumbnail=\"https:\/\/hotelnacionalriodejaneiro.com\/wp-content\/uploads\/2024\/06\/Jardim-Burle-Marx-4-300x219.webp\" data-width=\"300\" data-height=\"219\" aria-label=\"Jard\u00edn Burle Marx\" role=\"img\" ><\/div>\n\t\t\t\t\t\t\t\t\t\t\t<div class=\"elementor-gallery-item__overlay\"><\/div>\n\t\t\t\t\t\t\t\t\t\t\t\t\t\t<\/a>\n\t\t\t\t\t<\/div>\n\t\t\t\t\t<\/div>\n\t\t\t\t<\/div>\n\t\t\t\t<\/div>\n\t\t\t\t\t<\/div>\n\t\t\t\t<\/div>\n\t\t<div class=\"elementor-element elementor-element-2e7ff3a e-flex e-con-boxed e-con e-parent\" data-id=\"2e7ff3a\" data-element_type=\"container\">\n\t\t\t\t\t<div class=\"e-con-inner\">\n\t\t\t\t<div class=\"elementor-element elementor-element-fa5016b elementor-widget__width-inherit elementor-widget-mobile__width-initial elementor-invisible elementor-widget elementor-widget-heading\" data-id=\"fa5016b\" data-element_type=\"widget\" data-settings=\"{&quot;_animation&quot;:&quot;fadeIn&quot;}\" data-widget_type=\"heading.default\">\n\t\t\t\t<div class=\"elementor-widget-container\">\n\t\t\t\t\t<h2 class=\"elementor-heading-title elementor-size-default\">Descubra otras experiencias incre\u00edbles para usted y su familia.<\/h2>\t\t\t\t<\/div>\n\t\t\t\t<\/div>\n\t\t<div class=\"elementor-element elementor-element-9f70641 e-con-full e-flex e-con e-child\" data-id=\"9f70641\" data-element_type=\"container\">\n\t\t<div class=\"elementor-element elementor-element-b0c2dd2 e-con-full e-flex elementor-invisible e-con e-child\" data-id=\"b0c2dd2\" data-element_type=\"container\" data-settings=\"{&quot;animation&quot;:&quot;fadeIn&quot;,&quot;animation_delay&quot;:&quot;1000&quot;}\">\n\t\t<a class=\"elementor-element elementor-element-9e38316 e-con-full e-flex e-con e-child\" data-id=\"9e38316\" data-element_type=\"container\" href=\"https:\/\/hotelnacionalriodejaneiro.com\/experiencias\/espaco-kids\/\">\n\t\t\t\t<div class=\"elementor-element elementor-element-2324c21 elementor-widget elementor-widget-image\" data-id=\"2324c21\" data-element_type=\"widget\" data-widget_type=\"image.default\">\n\t\t\t\t<div class=\"elementor-widget-container\">\n\t\t\t\t\t\t\t\t\t\t\t\t\t\t\t<img fetchpriority=\"high\" decoding=\"async\" width=\"1920\" height=\"1281\" src=\"https:\/\/hotelnacionalriodejaneiro.com\/wp-content\/uploads\/2024\/06\/Espaco-KIDS.webp\" class=\"attachment-full size-full wp-image-9525\" alt=\"Espacio Kids\" srcset=\"https:\/\/hotelnacionalriodejaneiro.com\/wp-content\/uploads\/2024\/06\/Espaco-KIDS.webp 1920w, https:\/\/hotelnacionalriodejaneiro.com\/wp-content\/uploads\/2024\/06\/Espaco-KIDS-300x200.webp 300w, https:\/\/hotelnacionalriodejaneiro.com\/wp-content\/uploads\/2024\/06\/Espaco-KIDS-1024x683.webp 1024w, https:\/\/hotelnacionalriodejaneiro.com\/wp-content\/uploads\/2024\/06\/Espaco-KIDS-768x512.webp 768w, https:\/\/hotelnacionalriodejaneiro.com\/wp-content\/uploads\/2024\/06\/Espaco-KIDS-1536x1025.webp 1536w\" sizes=\"(max-width: 1920px) 100vw, 1920px\" \/>\t\t\t\t\t\t\t\t\t\t\t\t\t\t\t<\/div>\n\t\t\t\t<\/div>\n\t\t\t\t<\/a>\n\t\t<div class=\"elementor-element elementor-element-f5376c9 e-con-full e-flex e-con e-child\" data-id=\"f5376c9\" data-element_type=\"container\">\n\t\t\t\t<div class=\"elementor-element elementor-element-1ac5ff9 elementor-widget elementor-widget-heading\" data-id=\"1ac5ff9\" data-element_type=\"widget\" data-widget_type=\"heading.default\">\n\t\t\t\t<div class=\"elementor-widget-container\">\n\t\t\t\t\t<h6 class=\"elementor-heading-title elementor-size-default\">Espacio Kids<\/h6>\t\t\t\t<\/div>\n\t\t\t\t<\/div>\n\t\t<div class=\"elementor-element elementor-element-0e2eddc e-con-full e-flex e-con e-child\" data-id=\"0e2eddc\" data-element_type=\"container\">\n\t\t\t\t<div class=\"elementor-element elementor-element-d615bb8 elementor-widget-mobile__width-inherit elementor-widget elementor-widget-jkit_button\" data-id=\"d615bb8\" data-element_type=\"widget\" data-widget_type=\"jkit_button.default\">\n\t\t\t\t<div class=\"elementor-widget-container\">\n\t\t\t\t\t<div  class=\"jeg-elementor-kit jkit-button  icon-position-before jeg_module__1_69e10b2485f02\" ><a href=\"https:\/\/hotelnacionalriodejaneiro.com\/experiencias\/espaco-kids\/\" class=\"jkit-button-wrapper\">Ver detalles<\/a><\/div>\t\t\t\t<\/div>\n\t\t\t\t<\/div>\n\t\t\t\t<\/div>\n\t\t\t\t<\/div>\n\t\t\t\t<\/div>\n\t\t<div class=\"elementor-element elementor-element-dca919f e-con-full e-flex elementor-invisible e-con e-child\" data-id=\"dca919f\" data-element_type=\"container\" data-settings=\"{&quot;animation&quot;:&quot;fadeIn&quot;,&quot;animation_delay&quot;:&quot;1000&quot;}\">\n\t\t<a class=\"elementor-element elementor-element-64142a9 e-con-full e-flex e-con e-child\" data-id=\"64142a9\" data-element_type=\"container\" href=\"https:\/\/hotelnacionalriodejaneiro.com\/experiencias\/quiosque-nacional\/\">\n\t\t\t\t<div class=\"elementor-element elementor-element-571571d elementor-widget elementor-widget-image\" data-id=\"571571d\" data-element_type=\"widget\" data-widget_type=\"image.default\">\n\t\t\t\t<div class=\"elementor-widget-container\">\n\t\t\t\t\t\t\t\t\t\t\t\t\t\t\t<img decoding=\"async\" width=\"1181\" height=\"792\" src=\"https:\/\/hotelnacionalriodejaneiro.com\/wp-content\/uploads\/2024\/06\/Experiencia-Quiosque-NACIONAL.webp\" class=\"attachment-full size-full wp-image-9217\" alt=\"Experiencia Quiosque NACIONAL\" srcset=\"https:\/\/hotelnacionalriodejaneiro.com\/wp-content\/uploads\/2024\/06\/Experiencia-Quiosque-NACIONAL.webp 1181w, https:\/\/hotelnacionalriodejaneiro.com\/wp-content\/uploads\/2024\/06\/Experiencia-Quiosque-NACIONAL-300x201.webp 300w, https:\/\/hotelnacionalriodejaneiro.com\/wp-content\/uploads\/2024\/06\/Experiencia-Quiosque-NACIONAL-1024x687.webp 1024w, https:\/\/hotelnacionalriodejaneiro.com\/wp-content\/uploads\/2024\/06\/Experiencia-Quiosque-NACIONAL-768x515.webp 768w\" sizes=\"(max-width: 1181px) 100vw, 1181px\" \/>\t\t\t\t\t\t\t\t\t\t\t\t\t\t\t<\/div>\n\t\t\t\t<\/div>\n\t\t\t\t<\/a>\n\t\t<div class=\"elementor-element elementor-element-1bbdd65 e-con-full e-flex e-con e-child\" data-id=\"1bbdd65\" data-element_type=\"container\">\n\t\t\t\t<div class=\"elementor-element elementor-element-680c064 elementor-widget elementor-widget-heading\" data-id=\"680c064\" data-element_type=\"widget\" data-widget_type=\"heading.default\">\n\t\t\t\t<div class=\"elementor-widget-container\">\n\t\t\t\t\t<h6 class=\"elementor-heading-title elementor-size-default\">Quiosque NACIONAL<\/h6>\t\t\t\t<\/div>\n\t\t\t\t<\/div>\n\t\t<div class=\"elementor-element elementor-element-2f0c8cb e-con-full e-flex e-con e-child\" data-id=\"2f0c8cb\" data-element_type=\"container\">\n\t\t\t\t<div class=\"elementor-element elementor-element-3ef704f elementor-widget-mobile__width-inherit elementor-widget elementor-widget-jkit_button\" data-id=\"3ef704f\" data-element_type=\"widget\" data-widget_type=\"jkit_button.default\">\n\t\t\t\t<div class=\"elementor-widget-container\">\n\t\t\t\t\t<div  class=\"jeg-elementor-kit jkit-button  icon-position-before jeg_module__2_69e10b24871fc\" ><a href=\"https:\/\/hotelnacionalriodejaneiro.com\/experiencias\/quiosque-nacional\/\" class=\"jkit-button-wrapper\">Ver detalles<\/a><\/div>\t\t\t\t<\/div>\n\t\t\t\t<\/div>\n\t\t\t\t<\/div>\n\t\t\t\t<\/div>\n\t\t\t\t<\/div>\n\t\t<div class=\"elementor-element elementor-element-6a4bc6f e-con-full e-flex elementor-invisible e-con e-child\" data-id=\"6a4bc6f\" data-element_type=\"container\" data-settings=\"{&quot;animation&quot;:&quot;fadeIn&quot;,&quot;animation_delay&quot;:&quot;1000&quot;}\">\n\t\t<a class=\"elementor-element elementor-element-f53f6b4 e-con-full e-flex e-con e-child\" data-id=\"f53f6b4\" data-element_type=\"container\" href=\"https:\/\/hotelnacionalriodejaneiro.com\/experiencias\/piscina\/\">\n\t\t\t\t<div class=\"elementor-element elementor-element-ffb246c elementor-widget elementor-widget-image\" data-id=\"ffb246c\" data-element_type=\"widget\" data-widget_type=\"image.default\">\n\t\t\t\t<div class=\"elementor-widget-container\">\n\t\t\t\t\t\t\t\t\t\t\t\t\t\t\t<img decoding=\"async\" width=\"1920\" height=\"1272\" src=\"https:\/\/hotelnacionalriodejaneiro.com\/wp-content\/uploads\/2024\/06\/Piscinas.webp\" class=\"attachment-full size-full wp-image-9378\" alt=\"Experiencias - Piscina - Hotel Nacional Rio de Janeiro HNRJ\" srcset=\"https:\/\/hotelnacionalriodejaneiro.com\/wp-content\/uploads\/2024\/06\/Piscinas.webp 1920w, https:\/\/hotelnacionalriodejaneiro.com\/wp-content\/uploads\/2024\/06\/Piscinas-300x199.webp 300w, https:\/\/hotelnacionalriodejaneiro.com\/wp-content\/uploads\/2024\/06\/Piscinas-1024x678.webp 1024w, https:\/\/hotelnacionalriodejaneiro.com\/wp-content\/uploads\/2024\/06\/Piscinas-768x509.webp 768w, https:\/\/hotelnacionalriodejaneiro.com\/wp-content\/uploads\/2024\/06\/Piscinas-1536x1018.webp 1536w\" sizes=\"(max-width: 1920px) 100vw, 1920px\" \/>\t\t\t\t\t\t\t\t\t\t\t\t\t\t\t<\/div>\n\t\t\t\t<\/div>\n\t\t\t\t<\/a>\n\t\t<div class=\"elementor-element elementor-element-9de5f92 e-con-full e-flex e-con e-child\" data-id=\"9de5f92\" data-element_type=\"container\">\n\t\t\t\t<div class=\"elementor-element elementor-element-6eecfc1 elementor-widget elementor-widget-heading\" data-id=\"6eecfc1\" data-element_type=\"widget\" data-widget_type=\"heading.default\">\n\t\t\t\t<div class=\"elementor-widget-container\">\n\t\t\t\t\t<h6 class=\"elementor-heading-title elementor-size-default\">Piscina Climatizada<\/h6>\t\t\t\t<\/div>\n\t\t\t\t<\/div>\n\t\t<div class=\"elementor-element elementor-element-e5512a2 e-con-full e-flex e-con e-child\" data-id=\"e5512a2\" data-element_type=\"container\">\n\t\t\t\t<div class=\"elementor-element elementor-element-b465667 elementor-widget-mobile__width-inherit elementor-widget elementor-widget-jkit_button\" data-id=\"b465667\" data-element_type=\"widget\" data-widget_type=\"jkit_button.default\">\n\t\t\t\t<div class=\"elementor-widget-container\">\n\t\t\t\t\t<div  class=\"jeg-elementor-kit jkit-button  icon-position-before jeg_module__3_69e10b2489865\" ><a href=\"https:\/\/hotelnacionalriodejaneiro.com\/experiencias\/piscina\/\" class=\"jkit-button-wrapper\">Ver detalles<\/a><\/div>\t\t\t\t<\/div>\n\t\t\t\t<\/div>\n\t\t\t\t<\/div>\n\t\t\t\t<\/div>\n\t\t\t\t<\/div>\n\t\t<div class=\"elementor-element elementor-element-556b920 e-con-full e-flex elementor-invisible e-con e-child\" data-id=\"556b920\" data-element_type=\"container\" data-settings=\"{&quot;animation&quot;:&quot;fadeIn&quot;,&quot;animation_delay&quot;:&quot;1000&quot;}\">\n\t\t<a class=\"elementor-element elementor-element-b163cca e-con-full e-flex e-con e-child\" data-id=\"b163cca\" data-element_type=\"container\" href=\"https:\/\/hotelnacionalriodejaneiro.com\/experiencias\/cultura-e-arte\/\">\n\t\t\t\t<div class=\"elementor-element elementor-element-3fc54bb elementor-widget elementor-widget-image\" data-id=\"3fc54bb\" data-element_type=\"widget\" data-widget_type=\"image.default\">\n\t\t\t\t<div class=\"elementor-widget-container\">\n\t\t\t\t\t\t\t\t\t\t\t\t\t\t\t<img loading=\"lazy\" decoding=\"async\" width=\"1920\" height=\"1272\" src=\"https:\/\/hotelnacionalriodejaneiro.com\/wp-content\/uploads\/2024\/06\/Cultura-Arte-Hotel-Nacional.webp\" class=\"attachment-full size-full wp-image-9527\" alt=\"Cultura &amp; Arte\" srcset=\"https:\/\/hotelnacionalriodejaneiro.com\/wp-content\/uploads\/2024\/06\/Cultura-Arte-Hotel-Nacional.webp 1920w, https:\/\/hotelnacionalriodejaneiro.com\/wp-content\/uploads\/2024\/06\/Cultura-Arte-Hotel-Nacional-300x199.webp 300w, https:\/\/hotelnacionalriodejaneiro.com\/wp-content\/uploads\/2024\/06\/Cultura-Arte-Hotel-Nacional-1024x678.webp 1024w, https:\/\/hotelnacionalriodejaneiro.com\/wp-content\/uploads\/2024\/06\/Cultura-Arte-Hotel-Nacional-768x509.webp 768w, https:\/\/hotelnacionalriodejaneiro.com\/wp-content\/uploads\/2024\/06\/Cultura-Arte-Hotel-Nacional-1536x1018.webp 1536w\" sizes=\"(max-width: 1920px) 100vw, 1920px\" \/>\t\t\t\t\t\t\t\t\t\t\t\t\t\t\t<\/div>\n\t\t\t\t<\/div>\n\t\t\t\t<\/a>\n\t\t<div class=\"elementor-element elementor-element-0044f04 e-con-full e-flex e-con e-child\" data-id=\"0044f04\" data-element_type=\"container\">\n\t\t\t\t<div class=\"elementor-element elementor-element-748de9a elementor-widget elementor-widget-heading\" data-id=\"748de9a\" data-element_type=\"widget\" data-widget_type=\"heading.default\">\n\t\t\t\t<div class=\"elementor-widget-container\">\n\t\t\t\t\t<h6 class=\"elementor-heading-title elementor-size-default\">Cultura &amp; Arte<\/h6>\t\t\t\t<\/div>\n\t\t\t\t<\/div>\n\t\t<div class=\"elementor-element elementor-element-bea7259 e-con-full e-flex e-con e-child\" data-id=\"bea7259\" data-element_type=\"container\">\n\t\t\t\t<div class=\"elementor-element elementor-element-2b97abc elementor-widget-mobile__width-inherit elementor-widget elementor-widget-jkit_button\" data-id=\"2b97abc\" data-element_type=\"widget\" data-widget_type=\"jkit_button.default\">\n\t\t\t\t<div class=\"elementor-widget-container\">\n\t\t\t\t\t<div  class=\"jeg-elementor-kit jkit-button  icon-position-before jeg_module__4_69e10b248ab28\" ><a href=\"https:\/\/hotelnacionalriodejaneiro.com\/experiencias\/cultura-e-arte\/\" class=\"jkit-button-wrapper\">Ver detalles<\/a><\/div>\t\t\t\t<\/div>\n\t\t\t\t<\/div>\n\t\t\t\t<\/div>\n\t\t\t\t<\/div>\n\t\t\t\t<\/div>\n\t\t\t\t<\/div>\n\t\t\t\t\t<\/div>\n\t\t\t\t<\/div>\n\t\t\t\t<\/div>\n\t\t","protected":false},"excerpt":{"rendered":"<p>Jard\u00edn Burle Marx Refugio de paz y tranquilidad Jard\u00edn Burle Marx Creado por el renombrado paisajista brasile\u00f1o Roberto Burle Marx, este jard\u00edn es un testimonio de la genialidad del artista, quien combin\u00f3 con maestr\u00eda especies nativas de la flora brasile\u00f1a con elementos de dise\u00f1o moderno. Cuenta con m\u00e1s de 10 mil metros cuadrados y recuerda [&hellip;]<\/p>\n","protected":false},"author":5,"featured_media":9581,"parent":9532,"menu_order":0,"comment_status":"closed","ping_status":"closed","template":"elementor_header_footer","meta":{"footnotes":""},"class_list":["post-9582","page","type-page","status-publish","has-post-thumbnail","hentry"],"aioseo_notices":[],"_links":{"self":[{"href":"https:\/\/hotelnacionalriodejaneiro.com\/es\/wp-json\/wp\/v2\/pages\/9582","targetHints":{"allow":["GET"]}}],"collection":[{"href":"https:\/\/hotelnacionalriodejaneiro.com\/es\/wp-json\/wp\/v2\/pages"}],"about":[{"href":"https:\/\/hotelnacionalriodejaneiro.com\/es\/wp-json\/wp\/v2\/types\/page"}],"author":[{"embeddable":true,"href":"https:\/\/hotelnacionalriodejaneiro.com\/es\/wp-json\/wp\/v2\/users\/5"}],"replies":[{"embeddable":true,"href":"https:\/\/hotelnacionalriodejaneiro.com\/es\/wp-json\/wp\/v2\/comments?post=9582"}],"version-history":[{"count":1,"href":"https:\/\/hotelnacionalriodejaneiro.com\/es\/wp-json\/wp\/v2\/pages\/9582\/revisions"}],"predecessor-version":[{"id":9583,"href":"https:\/\/hotelnacionalriodejaneiro.com\/es\/wp-json\/wp\/v2\/pages\/9582\/revisions\/9583"}],"up":[{"embeddable":true,"href":"https:\/\/hotelnacionalriodejaneiro.com\/es\/wp-json\/wp\/v2\/pages\/9532"}],"wp:featuredmedia":[{"embeddable":true,"href":"https:\/\/hotelnacionalriodejaneiro.com\/es\/wp-json\/wp\/v2\/media\/9581"}],"wp:attachment":[{"href":"https:\/\/hotelnacionalriodejaneiro.com\/es\/wp-json\/wp\/v2\/media?parent=9582"}],"curies":[{"name":"wp","href":"https:\/\/api.w.org\/{rel}","templated":true}]}}