{"id":9554,"date":"2024-06-03T23:40:35","date_gmt":"2024-06-04T02:40:35","guid":{"rendered":"https:\/\/hotelnacionalriodejaneiro.com\/experiencias\/piscina-climatizada\/"},"modified":"2026-03-04T09:26:33","modified_gmt":"2026-03-04T12:26:33","slug":"piscina-climatizada","status":"publish","type":"page","link":"https:\/\/hotelnacionalriodejaneiro.com\/es\/experiencias\/piscina-climatizada\/","title":{"rendered":"Piscina Climatizada"},"content":{"rendered":"\t\t<div data-elementor-type=\"wp-page\" data-elementor-id=\"9554\" class=\"elementor elementor-9554 elementor-1656\" data-elementor-post-type=\"page\">\n\t\t\t\t<div class=\"elementor-element elementor-element-5b0f497 e-flex e-con-boxed e-con e-parent\" data-id=\"5b0f497\" data-element_type=\"container\" data-settings=\"{&quot;background_background&quot;:&quot;slideshow&quot;,&quot;background_slideshow_ken_burns&quot;:&quot;yes&quot;,&quot;background_slideshow_gallery&quot;:[{&quot;id&quot;:9326,&quot;url&quot;:&quot;https:\\\/\\\/hotelnacionalriodejaneiro.com\\\/wp-content\\\/uploads\\\/2024\\\/06\\\/Piscina-Header-1.webp&quot;},{&quot;id&quot;:9218,&quot;url&quot;:&quot;https:\\\/\\\/hotelnacionalriodejaneiro.com\\\/wp-content\\\/uploads\\\/2024\\\/06\\\/Experiencia-Piscina-Aquecida-e1719522781615.webp&quot;},{&quot;id&quot;:9550,&quot;url&quot;:&quot;https:\\\/\\\/hotelnacionalriodejaneiro.com\\\/wp-content\\\/uploads\\\/2024\\\/06\\\/Hotel-Nacional-Piscina.webp&quot;},{&quot;id&quot;:9530,&quot;url&quot;:&quot;https:\\\/\\\/hotelnacionalriodejaneiro.com\\\/wp-content\\\/uploads\\\/2024\\\/06\\\/Header-Piscina-Hotel-Nacional.webp&quot;},{&quot;id&quot;:9551,&quot;url&quot;:&quot;https:\\\/\\\/hotelnacionalriodejaneiro.com\\\/wp-content\\\/uploads\\\/2024\\\/06\\\/Piscina-Texto-ou-Header.webp&quot;}],&quot;background_slideshow_loop&quot;:&quot;yes&quot;,&quot;background_slideshow_slide_duration&quot;:5000,&quot;background_slideshow_slide_transition&quot;:&quot;fade&quot;,&quot;background_slideshow_transition_duration&quot;:500,&quot;background_slideshow_ken_burns_zoom_direction&quot;:&quot;in&quot;}\">\n\t\t\t\t\t<div class=\"e-con-inner\">\n\t\t\t\t<div class=\"elementor-element elementor-element-d188d27 elementor-widget__width-inherit elementor-widget-mobile__width-inherit elementor-invisible elementor-widget elementor-widget-heading\" data-id=\"d188d27\" data-element_type=\"widget\" data-settings=\"{&quot;_animation&quot;:&quot;fadeIn&quot;}\" data-widget_type=\"heading.default\">\n\t\t\t\t<div class=\"elementor-widget-container\">\n\t\t\t\t\t<h1 class=\"elementor-heading-title elementor-size-default\">Piscina Climatizada<\/h1>\t\t\t\t<\/div>\n\t\t\t\t<\/div>\n\t\t\t\t<div class=\"elementor-element elementor-element-a746ec5 elementor-widget__width-inherit elementor-widget-mobile__width-inherit elementor-invisible elementor-widget elementor-widget-heading\" data-id=\"a746ec5\" data-element_type=\"widget\" data-settings=\"{&quot;_animation&quot;:&quot;fadeIn&quot;}\" data-widget_type=\"heading.default\">\n\t\t\t\t<div class=\"elementor-widget-container\">\n\t\t\t\t\t<h2 class=\"elementor-heading-title elementor-size-default\">Momentos de relaxaci\u00f3n y desconexi\u00f3n<\/h2>\t\t\t\t<\/div>\n\t\t\t\t<\/div>\n\t\t\t\t\t<\/div>\n\t\t\t\t<\/div>\n\t\t<div class=\"elementor-element elementor-element-74b3cad e-flex e-con-boxed e-con e-child\" data-id=\"74b3cad\" data-element_type=\"container\">\n\t\t\t\t\t<div class=\"e-con-inner\">\n\t\t<div class=\"elementor-element elementor-element-bd58c2e e-con-full e-flex e-con e-child\" data-id=\"bd58c2e\" data-element_type=\"container\">\n\t\t\t\t<div class=\"elementor-element elementor-element-f665487 elementor-invisible elementor-widget elementor-widget-heading\" data-id=\"f665487\" data-element_type=\"widget\" data-settings=\"{&quot;_animation&quot;:&quot;fadeIn&quot;}\" data-widget_type=\"heading.default\">\n\t\t\t\t<div class=\"elementor-widget-container\">\n\t\t\t\t\t<h2 class=\"elementor-heading-title elementor-size-default\">Piscina Climatizada<\/h2>\t\t\t\t<\/div>\n\t\t\t\t<\/div>\n\t\t\t\t<div class=\"elementor-element elementor-element-1dc88ea elementor-invisible elementor-widget elementor-widget-text-editor\" data-id=\"1dc88ea\" data-element_type=\"widget\" data-settings=\"{&quot;_animation&quot;:&quot;fadeIn&quot;,&quot;_animation_delay&quot;:&quot;200&quot;}\" data-widget_type=\"text-editor.default\">\n\t\t\t\t<div class=\"elementor-widget-container\">\n\t\t\t\t\t\t\t\t\t<p data-pm-slice=\"1 1 []\">El hotel cuenta con piscina climatizada, con un formato redondeado que acompa\u00f1a sus l\u00edneas arquitect\u00f3nicas, proporcionando una genuina integraci\u00f3n de espacios y la sensaci\u00f3n de estar dentro de una concha. Una experiencia memorable, tanto en cada inmersi\u00f3n como en los espacios de convivencia a su alrededor. El ambiente dispone de tumbonas y sombrillas para una relajaci\u00f3n total, adem\u00e1s de un peque\u00f1o balc\u00f3n superior frente al mar, a los pies de la ic\u00f3nica escultura \u201cSereia\u201d. Cuenta adem\u00e1s con un pool bar, que garantiza todo el confort y la conveniencia necesarios para una estad\u00eda inolvidable. En funci\u00f3n de su ubicaci\u00f3n y proximidad, el espacio ofrece una salida exclusiva a la playa.<br>    <\/p>\t\t\t\t\t\t\t\t<\/div>\n\t\t\t\t<\/div>\n\t\t\t\t<div class=\"elementor-element elementor-element-fea7d7c elementor-widget-mobile__width-inherit elementor-invisible elementor-widget elementor-widget-jkit_button\" data-id=\"fea7d7c\" data-element_type=\"widget\" data-settings=\"{&quot;_animation&quot;:&quot;fadeIn&quot;,&quot;_animation_delay&quot;:&quot;600&quot;}\" data-widget_type=\"jkit_button.default\">\n\t\t\t\t<div class=\"elementor-widget-container\">\n\t\t\t\t\t<div  class=\"jeg-elementor-kit jkit-button  icon-position-before jeg_module___69e34a9b211f3\" ><a href=\"https:\/\/book.omnibees.com\/chain\/9531?lang=pt-BR&#038;currencyId=16&#038;version=4\" class=\"jkit-button-wrapper\">HAGA SU RESERVA<\/a><\/div>\t\t\t\t<\/div>\n\t\t\t\t<\/div>\n\t\t\t\t<\/div>\n\t\t<div class=\"elementor-element elementor-element-6f14670 e-con-full e-flex e-con e-child\" data-id=\"6f14670\" data-element_type=\"container\">\n\t\t\t\t<div class=\"elementor-element elementor-element-85c91de elementor-widget elementor-widget-gallery\" data-id=\"85c91de\" data-element_type=\"widget\" data-settings=\"{&quot;columns&quot;:2,&quot;columns_mobile&quot;:2,&quot;lazyload&quot;:&quot;yes&quot;,&quot;gallery_layout&quot;:&quot;grid&quot;,&quot;columns_tablet&quot;:2,&quot;gap&quot;:{&quot;unit&quot;:&quot;px&quot;,&quot;size&quot;:10,&quot;sizes&quot;:[]},&quot;gap_tablet&quot;:{&quot;unit&quot;:&quot;px&quot;,&quot;size&quot;:10,&quot;sizes&quot;:[]},&quot;gap_mobile&quot;:{&quot;unit&quot;:&quot;px&quot;,&quot;size&quot;:10,&quot;sizes&quot;:[]},&quot;link_to&quot;:&quot;file&quot;,&quot;aspect_ratio&quot;:&quot;3:2&quot;,&quot;overlay_background&quot;:&quot;yes&quot;,&quot;content_hover_animation&quot;:&quot;fade-in&quot;}\" data-widget_type=\"gallery.default\">\n\t\t\t\t<div class=\"elementor-widget-container\">\n\t\t\t\t\t\t\t<div class=\"elementor-gallery__container\">\n\t\t\t\t\t\t\t<a class=\"e-gallery-item elementor-gallery-item elementor-animated-content\" href=\"https:\/\/hotelnacionalriodejaneiro.com\/wp-content\/uploads\/2024\/06\/Piscina-Texto1.webp\" data-elementor-open-lightbox=\"yes\" data-elementor-lightbox-slideshow=\"85c91de\" data-elementor-lightbox-title=\"Hotel Nacional - Piscina\" data-e-action-hash=\"#elementor-action%3Aaction%3Dlightbox%26settings%3DeyJpZCI6OTU1MiwidXJsIjoiaHR0cHM6XC9cL2hvdGVsbmFjaW9uYWxyaW9kZWphbmVpcm8uY29tXC93cC1jb250ZW50XC91cGxvYWRzXC8yMDI0XC8wNlwvUGlzY2luYS1UZXh0bzEud2VicCIsInNsaWRlc2hvdyI6Ijg1YzkxZGUifQ%3D%3D\">\n\t\t\t\t\t<div class=\"e-gallery-image elementor-gallery-item__image\" data-thumbnail=\"https:\/\/hotelnacionalriodejaneiro.com\/wp-content\/uploads\/2024\/06\/Piscina-Texto1.webp\" data-width=\"1920\" data-height=\"1273\" aria-label=\"Hotel Nacional - Piscina\" role=\"img\" ><\/div>\n\t\t\t\t\t\t\t\t\t\t\t<div class=\"elementor-gallery-item__overlay\"><\/div>\n\t\t\t\t\t\t\t\t\t\t\t\t\t\t<\/a>\n\t\t\t\t\t\t\t<a class=\"e-gallery-item elementor-gallery-item elementor-animated-content\" href=\"https:\/\/hotelnacionalriodejaneiro.com\/wp-content\/uploads\/2024\/06\/Hotel-Nacional-Piscina-2.webp\" data-elementor-open-lightbox=\"yes\" data-elementor-lightbox-slideshow=\"85c91de\" data-elementor-lightbox-title=\"Hotel Nacional - Piscina\" data-e-action-hash=\"#elementor-action%3Aaction%3Dlightbox%26settings%3DeyJpZCI6OTM3OSwidXJsIjoiaHR0cHM6XC9cL2hvdGVsbmFjaW9uYWxyaW9kZWphbmVpcm8uY29tXC93cC1jb250ZW50XC91cGxvYWRzXC8yMDI0XC8wNlwvSG90ZWwtTmFjaW9uYWwtUGlzY2luYS0yLndlYnAiLCJzbGlkZXNob3ciOiI4NWM5MWRlIn0%3D\">\n\t\t\t\t\t<div class=\"e-gallery-image elementor-gallery-item__image\" data-thumbnail=\"https:\/\/hotelnacionalriodejaneiro.com\/wp-content\/uploads\/2024\/06\/Hotel-Nacional-Piscina-2.webp\" data-width=\"1920\" data-height=\"1288\" aria-label=\"Hotel Nacional - Piscina\" role=\"img\" ><\/div>\n\t\t\t\t\t\t\t\t\t\t\t<div class=\"elementor-gallery-item__overlay\"><\/div>\n\t\t\t\t\t\t\t\t\t\t\t\t\t\t<\/a>\n\t\t\t\t\t\t\t<a class=\"e-gallery-item elementor-gallery-item elementor-animated-content\" href=\"https:\/\/hotelnacionalriodejaneiro.com\/wp-content\/uploads\/2024\/06\/Piscina-Texto2.webp\" data-elementor-open-lightbox=\"yes\" data-elementor-lightbox-slideshow=\"85c91de\" data-elementor-lightbox-title=\"Hotel Nacional - Piscina\" data-e-action-hash=\"#elementor-action%3Aaction%3Dlightbox%26settings%3DeyJpZCI6OTU1MywidXJsIjoiaHR0cHM6XC9cL2hvdGVsbmFjaW9uYWxyaW9kZWphbmVpcm8uY29tXC93cC1jb250ZW50XC91cGxvYWRzXC8yMDI0XC8wNlwvUGlzY2luYS1UZXh0bzIud2VicCIsInNsaWRlc2hvdyI6Ijg1YzkxZGUifQ%3D%3D\">\n\t\t\t\t\t<div class=\"e-gallery-image elementor-gallery-item__image\" data-thumbnail=\"https:\/\/hotelnacionalriodejaneiro.com\/wp-content\/uploads\/2024\/06\/Piscina-Texto2.webp\" data-width=\"1920\" data-height=\"1258\" aria-label=\"Hotel Nacional - Piscina\" role=\"img\" ><\/div>\n\t\t\t\t\t\t\t\t\t\t\t<div class=\"elementor-gallery-item__overlay\"><\/div>\n\t\t\t\t\t\t\t\t\t\t\t\t\t\t<\/a>\n\t\t\t\t\t\t\t<a class=\"e-gallery-item elementor-gallery-item elementor-animated-content\" href=\"https:\/\/hotelnacionalriodejaneiro.com\/wp-content\/uploads\/2024\/06\/Hotel-Nacional-Piscina.webp\" data-elementor-open-lightbox=\"yes\" data-elementor-lightbox-slideshow=\"85c91de\" data-elementor-lightbox-title=\"Hotel Nacional - Piscina\" data-e-action-hash=\"#elementor-action%3Aaction%3Dlightbox%26settings%3DeyJpZCI6OTU1MCwidXJsIjoiaHR0cHM6XC9cL2hvdGVsbmFjaW9uYWxyaW9kZWphbmVpcm8uY29tXC93cC1jb250ZW50XC91cGxvYWRzXC8yMDI0XC8wNlwvSG90ZWwtTmFjaW9uYWwtUGlzY2luYS53ZWJwIiwic2xpZGVzaG93IjoiODVjOTFkZSJ9\">\n\t\t\t\t\t<div class=\"e-gallery-image elementor-gallery-item__image\" data-thumbnail=\"https:\/\/hotelnacionalriodejaneiro.com\/wp-content\/uploads\/2024\/06\/Hotel-Nacional-Piscina.webp\" data-width=\"1920\" data-height=\"1288\" aria-label=\"Hotel Nacional - Piscina\" role=\"img\" ><\/div>\n\t\t\t\t\t\t\t\t\t\t\t<div class=\"elementor-gallery-item__overlay\"><\/div>\n\t\t\t\t\t\t\t\t\t\t\t\t\t\t<\/a>\n\t\t\t\t\t<\/div>\n\t\t\t\t\t<\/div>\n\t\t\t\t<\/div>\n\t\t\t\t<\/div>\n\t\t\t\t\t<\/div>\n\t\t\t\t<\/div>\n\t\t<div class=\"elementor-element elementor-element-1a247fe e-flex e-con-boxed e-con e-parent\" data-id=\"1a247fe\" data-element_type=\"container\">\n\t\t\t\t\t<div class=\"e-con-inner\">\n\t\t\t\t<div class=\"elementor-element elementor-element-5cc81a5 elementor-widget__width-inherit elementor-widget-mobile__width-initial elementor-invisible elementor-widget elementor-widget-heading\" data-id=\"5cc81a5\" data-element_type=\"widget\" data-settings=\"{&quot;_animation&quot;:&quot;fadeIn&quot;}\" data-widget_type=\"heading.default\">\n\t\t\t\t<div class=\"elementor-widget-container\">\n\t\t\t\t\t<h2 class=\"elementor-heading-title elementor-size-default\">Descubra otras experiencias incre\u00edbles para usted y su familia.<\/h2>\t\t\t\t<\/div>\n\t\t\t\t<\/div>\n\t\t<div class=\"elementor-element elementor-element-c374790 e-con-full e-flex e-con e-child\" data-id=\"c374790\" data-element_type=\"container\">\n\t\t<div class=\"elementor-element elementor-element-6af631e e-con-full e-flex elementor-invisible e-con e-child\" data-id=\"6af631e\" data-element_type=\"container\" data-settings=\"{&quot;animation&quot;:&quot;fadeIn&quot;,&quot;animation_delay&quot;:&quot;1000&quot;}\">\n\t\t<a class=\"elementor-element elementor-element-aad5f60 e-con-full e-flex e-con e-child\" data-id=\"aad5f60\" data-element_type=\"container\" href=\"https:\/\/hotelnacionalriodejaneiro.com\/experiencias\/espaco-kids\/\">\n\t\t\t\t<div class=\"elementor-element elementor-element-100adba elementor-widget elementor-widget-image\" data-id=\"100adba\" data-element_type=\"widget\" data-widget_type=\"image.default\">\n\t\t\t\t<div class=\"elementor-widget-container\">\n\t\t\t\t\t\t\t\t\t\t\t\t\t\t\t<img fetchpriority=\"high\" decoding=\"async\" width=\"1920\" height=\"1281\" src=\"https:\/\/hotelnacionalriodejaneiro.com\/wp-content\/uploads\/2024\/06\/Espaco-KIDS.webp\" class=\"attachment-full size-full wp-image-9525\" alt=\"Espacio Kids\" srcset=\"https:\/\/hotelnacionalriodejaneiro.com\/wp-content\/uploads\/2024\/06\/Espaco-KIDS.webp 1920w, https:\/\/hotelnacionalriodejaneiro.com\/wp-content\/uploads\/2024\/06\/Espaco-KIDS-300x200.webp 300w, https:\/\/hotelnacionalriodejaneiro.com\/wp-content\/uploads\/2024\/06\/Espaco-KIDS-1024x683.webp 1024w, https:\/\/hotelnacionalriodejaneiro.com\/wp-content\/uploads\/2024\/06\/Espaco-KIDS-768x512.webp 768w, https:\/\/hotelnacionalriodejaneiro.com\/wp-content\/uploads\/2024\/06\/Espaco-KIDS-1536x1025.webp 1536w\" sizes=\"(max-width: 1920px) 100vw, 1920px\" \/>\t\t\t\t\t\t\t\t\t\t\t\t\t\t\t<\/div>\n\t\t\t\t<\/div>\n\t\t\t\t<\/a>\n\t\t<div class=\"elementor-element elementor-element-eb5dcea e-con-full e-flex e-con e-child\" data-id=\"eb5dcea\" data-element_type=\"container\">\n\t\t\t\t<div class=\"elementor-element elementor-element-124c37d elementor-widget elementor-widget-heading\" data-id=\"124c37d\" data-element_type=\"widget\" data-widget_type=\"heading.default\">\n\t\t\t\t<div class=\"elementor-widget-container\">\n\t\t\t\t\t<h6 class=\"elementor-heading-title elementor-size-default\">Espacio Kids<\/h6>\t\t\t\t<\/div>\n\t\t\t\t<\/div>\n\t\t<div class=\"elementor-element elementor-element-41e59d7 e-con-full e-flex e-con e-child\" data-id=\"41e59d7\" data-element_type=\"container\">\n\t\t\t\t<div class=\"elementor-element elementor-element-3d8b6ed elementor-widget-mobile__width-inherit elementor-widget elementor-widget-jkit_button\" data-id=\"3d8b6ed\" data-element_type=\"widget\" data-widget_type=\"jkit_button.default\">\n\t\t\t\t<div class=\"elementor-widget-container\">\n\t\t\t\t\t<div  class=\"jeg-elementor-kit jkit-button  icon-position-before jeg_module__1_69e34a9b25596\" ><a href=\"https:\/\/hotelnacionalriodejaneiro.com\/experiencias\/espaco-kids\/\" class=\"jkit-button-wrapper\">Ver detalles<\/a><\/div>\t\t\t\t<\/div>\n\t\t\t\t<\/div>\n\t\t\t\t<\/div>\n\t\t\t\t<\/div>\n\t\t\t\t<\/div>\n\t\t<div class=\"elementor-element elementor-element-7595f01 e-con-full e-flex elementor-invisible e-con e-child\" data-id=\"7595f01\" data-element_type=\"container\" data-settings=\"{&quot;animation&quot;:&quot;fadeIn&quot;,&quot;animation_delay&quot;:&quot;1000&quot;}\">\n\t\t<a class=\"elementor-element elementor-element-882c638 e-con-full e-flex e-con e-child\" data-id=\"882c638\" data-element_type=\"container\" href=\"https:\/\/hotelnacionalriodejaneiro.com\/experiencias\/jardim-burle-marx\/\">\n\t\t\t\t<div class=\"elementor-element elementor-element-b31c9e9 elementor-widget elementor-widget-image\" data-id=\"b31c9e9\" data-element_type=\"widget\" data-widget_type=\"image.default\">\n\t\t\t\t<div class=\"elementor-widget-container\">\n\t\t\t\t\t\t\t\t\t\t\t\t\t\t\t<img decoding=\"async\" width=\"1920\" height=\"1216\" src=\"https:\/\/hotelnacionalriodejaneiro.com\/wp-content\/uploads\/2024\/06\/Jardim-Burle-Marx.webp\" class=\"attachment-full size-full wp-image-9526\" alt=\"Jard\u00edn Burle Marx\" srcset=\"https:\/\/hotelnacionalriodejaneiro.com\/wp-content\/uploads\/2024\/06\/Jardim-Burle-Marx.webp 1920w, https:\/\/hotelnacionalriodejaneiro.com\/wp-content\/uploads\/2024\/06\/Jardim-Burle-Marx-300x190.webp 300w, https:\/\/hotelnacionalriodejaneiro.com\/wp-content\/uploads\/2024\/06\/Jardim-Burle-Marx-1024x649.webp 1024w, https:\/\/hotelnacionalriodejaneiro.com\/wp-content\/uploads\/2024\/06\/Jardim-Burle-Marx-768x486.webp 768w, https:\/\/hotelnacionalriodejaneiro.com\/wp-content\/uploads\/2024\/06\/Jardim-Burle-Marx-1536x973.webp 1536w\" sizes=\"(max-width: 1920px) 100vw, 1920px\" \/>\t\t\t\t\t\t\t\t\t\t\t\t\t\t\t<\/div>\n\t\t\t\t<\/div>\n\t\t\t\t<\/a>\n\t\t<div class=\"elementor-element elementor-element-e3c9f3b e-con-full e-flex e-con e-child\" data-id=\"e3c9f3b\" data-element_type=\"container\">\n\t\t\t\t<div class=\"elementor-element elementor-element-7d99445 elementor-widget elementor-widget-heading\" data-id=\"7d99445\" data-element_type=\"widget\" data-widget_type=\"heading.default\">\n\t\t\t\t<div class=\"elementor-widget-container\">\n\t\t\t\t\t<h6 class=\"elementor-heading-title elementor-size-default\">Jard\u00edn Burle Marx<\/h6>\t\t\t\t<\/div>\n\t\t\t\t<\/div>\n\t\t<div class=\"elementor-element elementor-element-25cf357 e-con-full e-flex e-con e-child\" data-id=\"25cf357\" data-element_type=\"container\">\n\t\t\t\t<div class=\"elementor-element elementor-element-301d74d elementor-widget-mobile__width-inherit elementor-widget elementor-widget-jkit_button\" data-id=\"301d74d\" data-element_type=\"widget\" data-widget_type=\"jkit_button.default\">\n\t\t\t\t<div class=\"elementor-widget-container\">\n\t\t\t\t\t<div  class=\"jeg-elementor-kit jkit-button  icon-position-before jeg_module__2_69e34a9b2712c\" ><a href=\"https:\/\/hotelnacionalriodejaneiro.com\/experiencias\/jardim-burle-marx\/\" class=\"jkit-button-wrapper\">Ver detalles<\/a><\/div>\t\t\t\t<\/div>\n\t\t\t\t<\/div>\n\t\t\t\t<\/div>\n\t\t\t\t<\/div>\n\t\t\t\t<\/div>\n\t\t<div class=\"elementor-element elementor-element-92e9910 e-con-full e-flex elementor-invisible e-con e-child\" data-id=\"92e9910\" data-element_type=\"container\" data-settings=\"{&quot;animation&quot;:&quot;fadeIn&quot;,&quot;animation_delay&quot;:&quot;1000&quot;}\">\n\t\t<a class=\"elementor-element elementor-element-3be3553 e-con-full e-flex e-con e-child\" data-id=\"3be3553\" data-element_type=\"container\" href=\"https:\/\/hotelnacionalriodejaneiro.com\/experiencias\/quiosque-nacional\/\">\n\t\t\t\t<div class=\"elementor-element elementor-element-a3aa6c1 elementor-widget elementor-widget-image\" data-id=\"a3aa6c1\" data-element_type=\"widget\" data-widget_type=\"image.default\">\n\t\t\t\t<div class=\"elementor-widget-container\">\n\t\t\t\t\t\t\t\t\t\t\t\t\t\t\t<img decoding=\"async\" width=\"1181\" height=\"792\" src=\"https:\/\/hotelnacionalriodejaneiro.com\/wp-content\/uploads\/2024\/06\/Experiencia-Quiosque-NACIONAL.webp\" class=\"attachment-full size-full wp-image-9217\" alt=\"Experiencia Quiosque NACIONAL\" srcset=\"https:\/\/hotelnacionalriodejaneiro.com\/wp-content\/uploads\/2024\/06\/Experiencia-Quiosque-NACIONAL.webp 1181w, https:\/\/hotelnacionalriodejaneiro.com\/wp-content\/uploads\/2024\/06\/Experiencia-Quiosque-NACIONAL-300x201.webp 300w, https:\/\/hotelnacionalriodejaneiro.com\/wp-content\/uploads\/2024\/06\/Experiencia-Quiosque-NACIONAL-1024x687.webp 1024w, https:\/\/hotelnacionalriodejaneiro.com\/wp-content\/uploads\/2024\/06\/Experiencia-Quiosque-NACIONAL-768x515.webp 768w\" sizes=\"(max-width: 1181px) 100vw, 1181px\" \/>\t\t\t\t\t\t\t\t\t\t\t\t\t\t\t<\/div>\n\t\t\t\t<\/div>\n\t\t\t\t<\/a>\n\t\t<div class=\"elementor-element elementor-element-23076f7 e-con-full e-flex e-con e-child\" data-id=\"23076f7\" data-element_type=\"container\">\n\t\t\t\t<div class=\"elementor-element elementor-element-212ec74 elementor-widget elementor-widget-heading\" data-id=\"212ec74\" data-element_type=\"widget\" data-widget_type=\"heading.default\">\n\t\t\t\t<div class=\"elementor-widget-container\">\n\t\t\t\t\t<h6 class=\"elementor-heading-title elementor-size-default\">Quiosco NACIONAL<\/h6>\t\t\t\t<\/div>\n\t\t\t\t<\/div>\n\t\t<div class=\"elementor-element elementor-element-d394a5a e-con-full e-flex e-con e-child\" data-id=\"d394a5a\" data-element_type=\"container\">\n\t\t\t\t<div class=\"elementor-element elementor-element-249aa5a elementor-widget-mobile__width-inherit elementor-widget elementor-widget-jkit_button\" data-id=\"249aa5a\" data-element_type=\"widget\" data-widget_type=\"jkit_button.default\">\n\t\t\t\t<div class=\"elementor-widget-container\">\n\t\t\t\t\t<div  class=\"jeg-elementor-kit jkit-button  icon-position-before jeg_module__3_69e34a9b28c5f\" ><a href=\"https:\/\/hotelnacionalriodejaneiro.com\/experiencias\/quiosque-nacional\/\" class=\"jkit-button-wrapper\">Ver detalles<\/a><\/div>\t\t\t\t<\/div>\n\t\t\t\t<\/div>\n\t\t\t\t<\/div>\n\t\t\t\t<\/div>\n\t\t\t\t<\/div>\n\t\t<div class=\"elementor-element elementor-element-f4463de e-con-full e-flex elementor-invisible e-con e-child\" data-id=\"f4463de\" data-element_type=\"container\" data-settings=\"{&quot;animation&quot;:&quot;fadeIn&quot;,&quot;animation_delay&quot;:&quot;1000&quot;}\">\n\t\t<a class=\"elementor-element elementor-element-4e6a8e6 e-con-full e-flex e-con e-child\" data-id=\"4e6a8e6\" data-element_type=\"container\" href=\"https:\/\/hotelnacionalriodejaneiro.com\/experiencias\/cultura-e-arte\/\">\n\t\t\t\t<div class=\"elementor-element elementor-element-b93b360 elementor-widget elementor-widget-image\" data-id=\"b93b360\" data-element_type=\"widget\" data-widget_type=\"image.default\">\n\t\t\t\t<div class=\"elementor-widget-container\">\n\t\t\t\t\t\t\t\t\t\t\t\t\t\t\t<img loading=\"lazy\" decoding=\"async\" width=\"1920\" height=\"1272\" src=\"https:\/\/hotelnacionalriodejaneiro.com\/wp-content\/uploads\/2024\/06\/Cultura-Arte-Hotel-Nacional.webp\" class=\"attachment-full size-full wp-image-9527\" alt=\"Cultura &amp; Arte\" srcset=\"https:\/\/hotelnacionalriodejaneiro.com\/wp-content\/uploads\/2024\/06\/Cultura-Arte-Hotel-Nacional.webp 1920w, https:\/\/hotelnacionalriodejaneiro.com\/wp-content\/uploads\/2024\/06\/Cultura-Arte-Hotel-Nacional-300x199.webp 300w, https:\/\/hotelnacionalriodejaneiro.com\/wp-content\/uploads\/2024\/06\/Cultura-Arte-Hotel-Nacional-1024x678.webp 1024w, https:\/\/hotelnacionalriodejaneiro.com\/wp-content\/uploads\/2024\/06\/Cultura-Arte-Hotel-Nacional-768x509.webp 768w, https:\/\/hotelnacionalriodejaneiro.com\/wp-content\/uploads\/2024\/06\/Cultura-Arte-Hotel-Nacional-1536x1018.webp 1536w\" sizes=\"(max-width: 1920px) 100vw, 1920px\" \/>\t\t\t\t\t\t\t\t\t\t\t\t\t\t\t<\/div>\n\t\t\t\t<\/div>\n\t\t\t\t<\/a>\n\t\t<div class=\"elementor-element elementor-element-e8761e3 e-con-full e-flex e-con e-child\" data-id=\"e8761e3\" data-element_type=\"container\">\n\t\t\t\t<div class=\"elementor-element elementor-element-d1d1ef0 elementor-widget elementor-widget-heading\" data-id=\"d1d1ef0\" data-element_type=\"widget\" data-widget_type=\"heading.default\">\n\t\t\t\t<div class=\"elementor-widget-container\">\n\t\t\t\t\t<h6 class=\"elementor-heading-title elementor-size-default\">Cultura &amp; Arte<\/h6>\t\t\t\t<\/div>\n\t\t\t\t<\/div>\n\t\t<div class=\"elementor-element elementor-element-017e147 e-con-full e-flex e-con e-child\" data-id=\"017e147\" data-element_type=\"container\">\n\t\t\t\t<div class=\"elementor-element elementor-element-e1fc4e6 elementor-widget-mobile__width-inherit elementor-widget elementor-widget-jkit_button\" data-id=\"e1fc4e6\" data-element_type=\"widget\" data-widget_type=\"jkit_button.default\">\n\t\t\t\t<div class=\"elementor-widget-container\">\n\t\t\t\t\t<div  class=\"jeg-elementor-kit jkit-button  icon-position-before jeg_module__4_69e34a9b2a7e5\" ><a href=\"https:\/\/hotelnacionalriodejaneiro.com\/experiencias\/cultura-e-arte\/\" class=\"jkit-button-wrapper\">Ver detalles<\/a><\/div>\t\t\t\t<\/div>\n\t\t\t\t<\/div>\n\t\t\t\t<\/div>\n\t\t\t\t<\/div>\n\t\t\t\t<\/div>\n\t\t\t\t<\/div>\n\t\t\t\t\t<\/div>\n\t\t\t\t<\/div>\n\t\t\t\t<\/div>\n\t\t","protected":false},"excerpt":{"rendered":"<p>Piscina Climatizada Momentos de relaxaci\u00f3n y desconexi\u00f3n Piscina Climatizada El hotel cuenta con piscina climatizada, con un formato redondeado que acompa\u00f1a sus l\u00edneas arquitect\u00f3nicas, proporcionando una genuina integraci\u00f3n de espacios y la sensaci\u00f3n de estar dentro de una concha. Una experiencia memorable, tanto en cada inmersi\u00f3n como en los espacios de convivencia a su alrededor. [&hellip;]<\/p>\n","protected":false},"author":5,"featured_media":9326,"parent":9532,"menu_order":0,"comment_status":"closed","ping_status":"closed","template":"","meta":{"footnotes":""},"class_list":["post-9554","page","type-page","status-publish","has-post-thumbnail","hentry"],"aioseo_notices":[],"_links":{"self":[{"href":"https:\/\/hotelnacionalriodejaneiro.com\/es\/wp-json\/wp\/v2\/pages\/9554","targetHints":{"allow":["GET"]}}],"collection":[{"href":"https:\/\/hotelnacionalriodejaneiro.com\/es\/wp-json\/wp\/v2\/pages"}],"about":[{"href":"https:\/\/hotelnacionalriodejaneiro.com\/es\/wp-json\/wp\/v2\/types\/page"}],"author":[{"embeddable":true,"href":"https:\/\/hotelnacionalriodejaneiro.com\/es\/wp-json\/wp\/v2\/users\/5"}],"replies":[{"embeddable":true,"href":"https:\/\/hotelnacionalriodejaneiro.com\/es\/wp-json\/wp\/v2\/comments?post=9554"}],"version-history":[{"count":1,"href":"https:\/\/hotelnacionalriodejaneiro.com\/es\/wp-json\/wp\/v2\/pages\/9554\/revisions"}],"predecessor-version":[{"id":9555,"href":"https:\/\/hotelnacionalriodejaneiro.com\/es\/wp-json\/wp\/v2\/pages\/9554\/revisions\/9555"}],"up":[{"embeddable":true,"href":"https:\/\/hotelnacionalriodejaneiro.com\/es\/wp-json\/wp\/v2\/pages\/9532"}],"wp:featuredmedia":[{"embeddable":true,"href":"https:\/\/hotelnacionalriodejaneiro.com\/es\/wp-json\/wp\/v2\/media\/9326"}],"wp:attachment":[{"href":"https:\/\/hotelnacionalriodejaneiro.com\/es\/wp-json\/wp\/v2\/media?parent=9554"}],"curies":[{"name":"wp","href":"https:\/\/api.w.org\/{rel}","templated":true}]}}