{"id":9515,"date":"2024-06-03T23:43:11","date_gmt":"2024-06-04T02:43:11","guid":{"rendered":"https:\/\/hotelnacionalriodejaneiro.com\/bienestar\/fitness-center\/"},"modified":"2026-03-03T18:01:20","modified_gmt":"2026-03-03T21:01:20","slug":"fitness-center","status":"publish","type":"page","link":"https:\/\/hotelnacionalriodejaneiro.com\/es\/bienestar\/fitness-center\/","title":{"rendered":"Fitness Center"},"content":{"rendered":"\t\t<div data-elementor-type=\"wp-page\" data-elementor-id=\"9515\" class=\"elementor elementor-9515 elementor-1663\" data-elementor-post-type=\"page\">\n\t\t\t\t<div class=\"elementor-element elementor-element-095ed28 e-flex e-con-boxed e-con e-parent\" data-id=\"095ed28\" data-element_type=\"container\" data-settings=\"{&quot;background_background&quot;:&quot;slideshow&quot;,&quot;background_slideshow_ken_burns&quot;:&quot;yes&quot;,&quot;background_slideshow_gallery&quot;:[{&quot;id&quot;:9505,&quot;url&quot;:&quot;https:\\\/\\\/hotelnacionalriodejaneiro.com\\\/wp-content\\\/uploads\\\/2024\\\/06\\\/Header-Hotel-Nacional-Fitness-Cente-3-scaled.webp&quot;},{&quot;id&quot;:9336,&quot;url&quot;:&quot;https:\\\/\\\/hotelnacionalriodejaneiro.com\\\/wp-content\\\/uploads\\\/2024\\\/06\\\/Header-Hotel-Nacional-Fitness-Cente-2-scaled.webp&quot;},{&quot;id&quot;:9512,&quot;url&quot;:&quot;https:\\\/\\\/hotelnacionalriodejaneiro.com\\\/wp-content\\\/uploads\\\/2024\\\/06\\\/Header-Hotel-Nacional-Fitness-Cente-1-scaled.webp&quot;}],&quot;background_slideshow_loop&quot;:&quot;yes&quot;,&quot;background_slideshow_slide_duration&quot;:5000,&quot;background_slideshow_slide_transition&quot;:&quot;fade&quot;,&quot;background_slideshow_transition_duration&quot;:500,&quot;background_slideshow_ken_burns_zoom_direction&quot;:&quot;in&quot;}\">\n\t\t\t\t\t<div class=\"e-con-inner\">\n\t\t\t\t<div class=\"elementor-element elementor-element-3e95012 elementor-widget__width-inherit elementor-widget-mobile__width-inherit elementor-invisible elementor-widget elementor-widget-heading\" data-id=\"3e95012\" data-element_type=\"widget\" data-settings=\"{&quot;_animation&quot;:&quot;fadeIn&quot;}\" data-widget_type=\"heading.default\">\n\t\t\t\t<div class=\"elementor-widget-container\">\n\t\t\t\t\t<h1 class=\"elementor-heading-title elementor-size-default\">Fitness Center<\/h1>\t\t\t\t<\/div>\n\t\t\t\t<\/div>\n\t\t\t\t<div class=\"elementor-element elementor-element-59af1d7 elementor-widget__width-inherit elementor-widget-mobile__width-inherit elementor-invisible elementor-widget elementor-widget-heading\" data-id=\"59af1d7\" data-element_type=\"widget\" data-settings=\"{&quot;_animation&quot;:&quot;fadeIn&quot;}\" data-widget_type=\"heading.default\">\n\t\t\t\t<div class=\"elementor-widget-container\">\n\t\t\t\t\t<h2 class=\"elementor-heading-title elementor-size-default\">Ambiente completo para una rutina saludable en pro de tu bienestar.<\/h2>\t\t\t\t<\/div>\n\t\t\t\t<\/div>\n\t\t\t\t\t<\/div>\n\t\t\t\t<\/div>\n\t\t<div class=\"elementor-element elementor-element-2bca242 e-flex e-con-boxed e-con e-child\" data-id=\"2bca242\" data-element_type=\"container\">\n\t\t\t\t\t<div class=\"e-con-inner\">\n\t\t<div class=\"elementor-element elementor-element-2becbac e-con-full e-flex e-con e-child\" data-id=\"2becbac\" data-element_type=\"container\">\n\t\t\t\t<div class=\"elementor-element elementor-element-3bd5a87 elementor-invisible elementor-widget elementor-widget-heading\" data-id=\"3bd5a87\" data-element_type=\"widget\" data-settings=\"{&quot;_animation&quot;:&quot;fadeIn&quot;}\" data-widget_type=\"heading.default\">\n\t\t\t\t<div class=\"elementor-widget-container\">\n\t\t\t\t\t<h2 class=\"elementor-heading-title elementor-size-default\">Fitness Center<\/h2>\t\t\t\t<\/div>\n\t\t\t\t<\/div>\n\t\t\t\t<div class=\"elementor-element elementor-element-59ce489 elementor-invisible elementor-widget elementor-widget-text-editor\" data-id=\"59ce489\" data-element_type=\"widget\" data-settings=\"{&quot;_animation&quot;:&quot;fadeIn&quot;,&quot;_animation_delay&quot;:&quot;200&quot;}\" data-widget_type=\"text-editor.default\">\n\t\t\t\t<div class=\"elementor-widget-container\">\n\t\t\t\t\t\t\t\t\t<p data-pm-slice=\"1 1 []\">El Fitness Center cuenta con 250 m\u00b2 totalmente climatizados, en el 2\u00ba piso del hotel, frente al Jard\u00edn Burle Marx y con el mar al fondo.<br> Espacio exclusivo para quienes desean mantener una rutina saludable de ejercicios. Cuenta con equipos de \u00faltima generaci\u00f3n para la pr\u00e1ctica de las m\u00e1s variadas actividades f\u00edsicas. <\/p>\t\t\t\t\t\t\t\t<\/div>\n\t\t\t\t<\/div>\n\t\t\t\t<div class=\"elementor-element elementor-element-bfb103b elementor-mobile-align-center elementor-icon-list--layout-traditional elementor-list-item-link-full_width elementor-invisible elementor-widget elementor-widget-icon-list\" data-id=\"bfb103b\" data-element_type=\"widget\" data-settings=\"{&quot;_animation&quot;:&quot;fadeIn&quot;,&quot;_animation_delay&quot;:&quot;400&quot;}\" data-widget_type=\"icon-list.default\">\n\t\t\t\t<div class=\"elementor-widget-container\">\n\t\t\t\t\t\t\t<ul class=\"elementor-icon-list-items\">\n\t\t\t\t\t\t\t<li class=\"elementor-icon-list-item\">\n\t\t\t\t\t\t\t\t\t\t\t<span class=\"elementor-icon-list-icon\">\n\t\t\t\t\t\t\t<svg aria-hidden=\"true\" class=\"e-font-icon-svg e-fas-calendar-check\" viewBox=\"0 0 448 512\" xmlns=\"http:\/\/www.w3.org\/2000\/svg\"><path d=\"M436 160H12c-6.627 0-12-5.373-12-12v-36c0-26.51 21.49-48 48-48h48V12c0-6.627 5.373-12 12-12h40c6.627 0 12 5.373 12 12v52h128V12c0-6.627 5.373-12 12-12h40c6.627 0 12 5.373 12 12v52h48c26.51 0 48 21.49 48 48v36c0 6.627-5.373 12-12 12zM12 192h424c6.627 0 12 5.373 12 12v260c0 26.51-21.49 48-48 48H48c-26.51 0-48-21.49-48-48V204c0-6.627 5.373-12 12-12zm333.296 95.947l-28.169-28.398c-4.667-4.705-12.265-4.736-16.97-.068L194.12 364.665l-45.98-46.352c-4.667-4.705-12.266-4.736-16.971-.068l-28.397 28.17c-4.705 4.667-4.736 12.265-.068 16.97l82.601 83.269c4.667 4.705 12.265 4.736 16.97.068l142.953-141.805c4.705-4.667 4.736-12.265.068-16.97z\"><\/path><\/svg>\t\t\t\t\t\t<\/span>\n\t\t\t\t\t\t\t\t\t\t<span class=\"elementor-icon-list-text\">Abierto Todos los D\u00edas<br><b>(inclusive domingos y feriados)<\/b><\/span>\n\t\t\t\t\t\t\t\t\t<\/li>\n\t\t\t\t\t\t\t\t<li class=\"elementor-icon-list-item\">\n\t\t\t\t\t\t\t\t\t\t\t<span class=\"elementor-icon-list-icon\">\n\t\t\t\t\t\t\t<svg aria-hidden=\"true\" class=\"e-font-icon-svg e-fas-clock\" viewBox=\"0 0 512 512\" xmlns=\"http:\/\/www.w3.org\/2000\/svg\"><path d=\"M256,8C119,8,8,119,8,256S119,504,256,504,504,393,504,256,393,8,256,8Zm92.49,313h0l-20,25a16,16,0,0,1-22.49,2.5h0l-67-49.72a40,40,0,0,1-15-31.23V112a16,16,0,0,1,16-16h32a16,16,0,0,1,16,16V256l58,42.5A16,16,0,0,1,348.49,321Z\"><\/path><\/svg>\t\t\t\t\t\t<\/span>\n\t\t\t\t\t\t\t\t\t\t<span class=\"elementor-icon-list-text\">Hor\u00e1rio de Funcionamiento:<br><b>Das 06h00 \u00e0s 22h00<\/b><\/span>\n\t\t\t\t\t\t\t\t\t<\/li>\n\t\t\t\t\t\t<\/ul>\n\t\t\t\t\t\t<\/div>\n\t\t\t\t<\/div>\n\t\t\t\t<div class=\"elementor-element elementor-element-2d74520 elementor-widget-mobile__width-inherit elementor-invisible elementor-widget elementor-widget-jkit_button\" data-id=\"2d74520\" data-element_type=\"widget\" data-settings=\"{&quot;_animation&quot;:&quot;fadeIn&quot;,&quot;_animation_delay&quot;:&quot;600&quot;}\" data-widget_type=\"jkit_button.default\">\n\t\t\t\t<div class=\"elementor-widget-container\">\n\t\t\t\t\t<div  class=\"jeg-elementor-kit jkit-button  icon-position-before jeg_module___69e370981b1be\" ><a href=\"https:\/\/book.omnibees.com\/chain\/9531?lang=pt-BR&#038;currencyId=16&#038;version=4\" class=\"jkit-button-wrapper\">HAGA SU RESERVA<\/a><\/div>\t\t\t\t<\/div>\n\t\t\t\t<\/div>\n\t\t\t\t<\/div>\n\t\t<div class=\"elementor-element elementor-element-b3b15dd e-con-full e-flex e-con e-child\" data-id=\"b3b15dd\" data-element_type=\"container\">\n\t\t\t\t<div class=\"elementor-element elementor-element-1fac549 elementor-widget elementor-widget-gallery\" data-id=\"1fac549\" data-element_type=\"widget\" data-settings=\"{&quot;columns&quot;:2,&quot;columns_mobile&quot;:2,&quot;lazyload&quot;:&quot;yes&quot;,&quot;gallery_layout&quot;:&quot;grid&quot;,&quot;columns_tablet&quot;:2,&quot;gap&quot;:{&quot;unit&quot;:&quot;px&quot;,&quot;size&quot;:10,&quot;sizes&quot;:[]},&quot;gap_tablet&quot;:{&quot;unit&quot;:&quot;px&quot;,&quot;size&quot;:10,&quot;sizes&quot;:[]},&quot;gap_mobile&quot;:{&quot;unit&quot;:&quot;px&quot;,&quot;size&quot;:10,&quot;sizes&quot;:[]},&quot;link_to&quot;:&quot;file&quot;,&quot;aspect_ratio&quot;:&quot;3:2&quot;,&quot;overlay_background&quot;:&quot;yes&quot;,&quot;content_hover_animation&quot;:&quot;fade-in&quot;}\" data-widget_type=\"gallery.default\">\n\t\t\t\t<div class=\"elementor-widget-container\">\n\t\t\t\t\t\t\t<div class=\"elementor-gallery__container\">\n\t\t\t\t\t\t\t<a class=\"e-gallery-item elementor-gallery-item elementor-animated-content\" href=\"https:\/\/hotelnacionalriodejaneiro.com\/wp-content\/uploads\/2024\/06\/Hotel-Nacional-Fitness-Center-2.webp\" data-elementor-open-lightbox=\"yes\" data-elementor-lightbox-slideshow=\"1fac549\" data-elementor-lightbox-title=\"Hotel Nacional - Fitness Center\" data-e-action-hash=\"#elementor-action%3Aaction%3Dlightbox%26settings%3DeyJpZCI6OTUwMCwidXJsIjoiaHR0cHM6XC9cL2hvdGVsbmFjaW9uYWxyaW9kZWphbmVpcm8uY29tXC93cC1jb250ZW50XC91cGxvYWRzXC8yMDI0XC8wNlwvSG90ZWwtTmFjaW9uYWwtRml0bmVzcy1DZW50ZXItMi53ZWJwIiwic2xpZGVzaG93IjoiMWZhYzU0OSJ9\">\n\t\t\t\t\t<div class=\"e-gallery-image elementor-gallery-item__image\" data-thumbnail=\"https:\/\/hotelnacionalriodejaneiro.com\/wp-content\/uploads\/2024\/06\/Hotel-Nacional-Fitness-Center-2-300x201.webp\" data-width=\"300\" data-height=\"201\" aria-label=\"Hotel Nacional - Fitness Center\" role=\"img\" ><\/div>\n\t\t\t\t\t\t\t\t\t\t\t<div class=\"elementor-gallery-item__overlay\"><\/div>\n\t\t\t\t\t\t\t\t\t\t\t\t\t\t<\/a>\n\t\t\t\t\t\t\t<a class=\"e-gallery-item elementor-gallery-item elementor-animated-content\" href=\"https:\/\/hotelnacionalriodejaneiro.com\/wp-content\/uploads\/2024\/06\/Hotel-Nacional-Fitness-Center-4.webp\" data-elementor-open-lightbox=\"yes\" data-elementor-lightbox-slideshow=\"1fac549\" data-elementor-lightbox-title=\"Hotel Nacional - Fitness Center\" data-e-action-hash=\"#elementor-action%3Aaction%3Dlightbox%26settings%3DeyJpZCI6OTUwNiwidXJsIjoiaHR0cHM6XC9cL2hvdGVsbmFjaW9uYWxyaW9kZWphbmVpcm8uY29tXC93cC1jb250ZW50XC91cGxvYWRzXC8yMDI0XC8wNlwvSG90ZWwtTmFjaW9uYWwtRml0bmVzcy1DZW50ZXItNC53ZWJwIiwic2xpZGVzaG93IjoiMWZhYzU0OSJ9\">\n\t\t\t\t\t<div class=\"e-gallery-image elementor-gallery-item__image\" data-thumbnail=\"https:\/\/hotelnacionalriodejaneiro.com\/wp-content\/uploads\/2024\/06\/Hotel-Nacional-Fitness-Center-4-300x201.webp\" data-width=\"300\" data-height=\"201\" aria-label=\"Hotel Nacional - Fitness Center\" role=\"img\" ><\/div>\n\t\t\t\t\t\t\t\t\t\t\t<div class=\"elementor-gallery-item__overlay\"><\/div>\n\t\t\t\t\t\t\t\t\t\t\t\t\t\t<\/a>\n\t\t\t\t\t\t\t<a class=\"e-gallery-item elementor-gallery-item elementor-animated-content\" href=\"https:\/\/hotelnacionalriodejaneiro.com\/wp-content\/uploads\/2024\/06\/Hotel-Nacional-Fitness-Center-1.webp\" data-elementor-open-lightbox=\"yes\" data-elementor-lightbox-slideshow=\"1fac549\" data-elementor-lightbox-title=\"Hotel Nacional - Fitness Center\" data-e-action-hash=\"#elementor-action%3Aaction%3Dlightbox%26settings%3DeyJpZCI6OTUxMywidXJsIjoiaHR0cHM6XC9cL2hvdGVsbmFjaW9uYWxyaW9kZWphbmVpcm8uY29tXC93cC1jb250ZW50XC91cGxvYWRzXC8yMDI0XC8wNlwvSG90ZWwtTmFjaW9uYWwtRml0bmVzcy1DZW50ZXItMS53ZWJwIiwic2xpZGVzaG93IjoiMWZhYzU0OSJ9\">\n\t\t\t\t\t<div class=\"e-gallery-image elementor-gallery-item__image\" data-thumbnail=\"https:\/\/hotelnacionalriodejaneiro.com\/wp-content\/uploads\/2024\/06\/Hotel-Nacional-Fitness-Center-1-300x201.webp\" data-width=\"300\" data-height=\"201\" aria-label=\"Hotel Nacional - Fitness Center\" role=\"img\" ><\/div>\n\t\t\t\t\t\t\t\t\t\t\t<div class=\"elementor-gallery-item__overlay\"><\/div>\n\t\t\t\t\t\t\t\t\t\t\t\t\t\t<\/a>\n\t\t\t\t\t\t\t<a class=\"e-gallery-item elementor-gallery-item elementor-animated-content\" href=\"https:\/\/hotelnacionalriodejaneiro.com\/wp-content\/uploads\/2024\/06\/Hotel-Nacional-Fitness-Center-3.webp\" data-elementor-open-lightbox=\"yes\" data-elementor-lightbox-slideshow=\"1fac549\" data-elementor-lightbox-title=\"Hotel Nacional - Fitness Center\" data-e-action-hash=\"#elementor-action%3Aaction%3Dlightbox%26settings%3DeyJpZCI6OTUxNCwidXJsIjoiaHR0cHM6XC9cL2hvdGVsbmFjaW9uYWxyaW9kZWphbmVpcm8uY29tXC93cC1jb250ZW50XC91cGxvYWRzXC8yMDI0XC8wNlwvSG90ZWwtTmFjaW9uYWwtRml0bmVzcy1DZW50ZXItMy53ZWJwIiwic2xpZGVzaG93IjoiMWZhYzU0OSJ9\">\n\t\t\t\t\t<div class=\"e-gallery-image elementor-gallery-item__image\" data-thumbnail=\"https:\/\/hotelnacionalriodejaneiro.com\/wp-content\/uploads\/2024\/06\/Hotel-Nacional-Fitness-Center-3-300x201.webp\" data-width=\"300\" data-height=\"201\" aria-label=\"Hotel Nacional - Fitness Center\" role=\"img\" ><\/div>\n\t\t\t\t\t\t\t\t\t\t\t<div class=\"elementor-gallery-item__overlay\"><\/div>\n\t\t\t\t\t\t\t\t\t\t\t\t\t\t<\/a>\n\t\t\t\t\t<\/div>\n\t\t\t\t\t<\/div>\n\t\t\t\t<\/div>\n\t\t\t\t<\/div>\n\t\t\t\t\t<\/div>\n\t\t\t\t<\/div>\n\t\t<div class=\"elementor-element elementor-element-8b8d04c e-flex e-con-boxed e-con e-parent\" data-id=\"8b8d04c\" data-element_type=\"container\">\n\t\t\t\t\t<div class=\"e-con-inner\">\n\t\t\t\t<div class=\"elementor-element elementor-element-ace136e elementor-invisible elementor-widget elementor-widget-heading\" data-id=\"ace136e\" data-element_type=\"widget\" data-settings=\"{&quot;_animation&quot;:&quot;fadeIn&quot;}\" data-widget_type=\"heading.default\">\n\t\t\t\t<div class=\"elementor-widget-container\">\n\t\t\t\t\t<h3 class=\"elementor-heading-title elementor-size-default\">Conoce el NACIONAL Spa<\/h3>\t\t\t\t<\/div>\n\t\t\t\t<\/div>\n\t\t<div class=\"elementor-element elementor-element-644884b e-flex e-con-boxed e-con e-child\" data-id=\"644884b\" data-element_type=\"container\">\n\t\t\t\t\t<div class=\"e-con-inner\">\n\t\t<div class=\"elementor-element elementor-element-0d115db e-con-full e-flex e-con e-child\" data-id=\"0d115db\" data-element_type=\"container\">\n\t\t\t\t<div class=\"elementor-element elementor-element-64f3c01 elementor-widget__width-auto elementor-invisible elementor-widget elementor-widget-image\" data-id=\"64f3c01\" data-element_type=\"widget\" data-settings=\"{&quot;_animation&quot;:&quot;fadeIn&quot;}\" data-widget_type=\"image.default\">\n\t\t\t\t<div class=\"elementor-widget-container\">\n\t\t\t\t\t\t\t\t\t\t\t\t\t\t\t<img fetchpriority=\"high\" decoding=\"async\" width=\"1920\" height=\"800\" src=\"https:\/\/hotelnacionalriodejaneiro.com\/wp-content\/uploads\/2024\/05\/Hotel-Nacional-Spa.webp\" class=\"attachment-full size-full wp-image-9427\" alt=\"Hotel Nacional - Spa\" srcset=\"https:\/\/hotelnacionalriodejaneiro.com\/wp-content\/uploads\/2024\/05\/Hotel-Nacional-Spa.webp 1920w, https:\/\/hotelnacionalriodejaneiro.com\/wp-content\/uploads\/2024\/05\/Hotel-Nacional-Spa-300x125.webp 300w, https:\/\/hotelnacionalriodejaneiro.com\/wp-content\/uploads\/2024\/05\/Hotel-Nacional-Spa-1024x427.webp 1024w, https:\/\/hotelnacionalriodejaneiro.com\/wp-content\/uploads\/2024\/05\/Hotel-Nacional-Spa-768x320.webp 768w, https:\/\/hotelnacionalriodejaneiro.com\/wp-content\/uploads\/2024\/05\/Hotel-Nacional-Spa-1536x640.webp 1536w\" sizes=\"(max-width: 1920px) 100vw, 1920px\" \/>\t\t\t\t\t\t\t\t\t\t\t\t\t\t\t<\/div>\n\t\t\t\t<\/div>\n\t\t\t\t<div class=\"elementor-element elementor-element-4fc4e84 elementor-widget__width-auto elementor-absolute elementor-hidden-mobile elementor-invisible elementor-widget elementor-widget-image\" data-id=\"4fc4e84\" data-element_type=\"widget\" data-settings=\"{&quot;_position&quot;:&quot;absolute&quot;,&quot;_animation&quot;:&quot;fadeIn&quot;,&quot;_animation_delay&quot;:&quot;200&quot;}\" data-widget_type=\"image.default\">\n\t\t\t\t<div class=\"elementor-widget-container\">\n\t\t\t\t\t\t\t\t\t\t\t\t\t\t\t<img decoding=\"async\" width=\"1920\" height=\"800\" src=\"https:\/\/hotelnacionalriodejaneiro.com\/wp-content\/uploads\/2024\/05\/Hotel-Nacional-Sauna.webp\" class=\"attachment-full size-full wp-image-9231\" alt=\"Hotel Nacional - Sauna\" srcset=\"https:\/\/hotelnacionalriodejaneiro.com\/wp-content\/uploads\/2024\/05\/Hotel-Nacional-Sauna.webp 1920w, https:\/\/hotelnacionalriodejaneiro.com\/wp-content\/uploads\/2024\/05\/Hotel-Nacional-Sauna-300x125.webp 300w, https:\/\/hotelnacionalriodejaneiro.com\/wp-content\/uploads\/2024\/05\/Hotel-Nacional-Sauna-1024x427.webp 1024w, https:\/\/hotelnacionalriodejaneiro.com\/wp-content\/uploads\/2024\/05\/Hotel-Nacional-Sauna-768x320.webp 768w, https:\/\/hotelnacionalriodejaneiro.com\/wp-content\/uploads\/2024\/05\/Hotel-Nacional-Sauna-1536x640.webp 1536w\" sizes=\"(max-width: 1920px) 100vw, 1920px\" \/>\t\t\t\t\t\t\t\t\t\t\t\t\t\t\t<\/div>\n\t\t\t\t<\/div>\n\t\t\t\t<\/div>\n\t\t<div class=\"elementor-element elementor-element-5d49623 e-con-full e-flex e-con e-child\" data-id=\"5d49623\" data-element_type=\"container\">\n\t\t\t\t<div class=\"elementor-element elementor-element-47e256e elementor-invisible elementor-widget elementor-widget-heading\" data-id=\"47e256e\" data-element_type=\"widget\" data-settings=\"{&quot;_animation&quot;:&quot;fadeIn&quot;}\" data-widget_type=\"heading.default\">\n\t\t\t\t<div class=\"elementor-widget-container\">\n\t\t\t\t\t<h4 class=\"elementor-heading-title elementor-size-default\"><a href=\"https:\/\/hotelnacionalriodejaneiro.com\/bem-estar\/nacional-spa\/\">NACIONAL Spa<\/a><\/h4>\t\t\t\t<\/div>\n\t\t\t\t<\/div>\n\t\t\t\t<div class=\"elementor-element elementor-element-5e47ee8 elementor-invisible elementor-widget elementor-widget-text-editor\" data-id=\"5e47ee8\" data-element_type=\"widget\" data-settings=\"{&quot;_animation&quot;:&quot;fadeIn&quot;,&quot;_animation_delay&quot;:&quot;200&quot;}\" data-widget_type=\"text-editor.default\">\n\t\t\t\t<div class=\"elementor-widget-container\">\n\t\t\t\t\t\t\t\t\t<p data-pm-slice=\"1 1 []\">El Nacional Spa cuenta con 220m\u00b2 de puro relax y confort con una diversificaci\u00f3n de servicios que proporcionan momentos \u00fanicos de bienestar, equilibrio y armon\u00eda.<\/p>\t\t\t\t\t\t\t\t<\/div>\n\t\t\t\t<\/div>\n\t\t\t\t<div class=\"elementor-element elementor-element-389fca4 elementor-widget-mobile__width-inherit elementor-invisible elementor-widget elementor-widget-jkit_button\" data-id=\"389fca4\" data-element_type=\"widget\" data-settings=\"{&quot;_animation&quot;:&quot;fadeIn&quot;,&quot;_animation_delay&quot;:&quot;600&quot;}\" data-widget_type=\"jkit_button.default\">\n\t\t\t\t<div class=\"elementor-widget-container\">\n\t\t\t\t\t<div  class=\"jeg-elementor-kit jkit-button  icon-position-before jeg_module__1_69e370981e544\" ><a href=\"https:\/\/hotelnacionalriodejaneiro.com\/bem-estar\/nacional-spa\/\" class=\"jkit-button-wrapper\">SEPA M\u00c1S<\/a><\/div>\t\t\t\t<\/div>\n\t\t\t\t<\/div>\n\t\t\t\t<\/div>\n\t\t\t\t\t<\/div>\n\t\t\t\t<\/div>\n\t\t\t\t\t<\/div>\n\t\t\t\t<\/div>\n\t\t\t\t<\/div>\n\t\t","protected":false},"excerpt":{"rendered":"<p>Fitness Center Ambiente completo para una rutina saludable en pro de tu bienestar. Fitness Center El Fitness Center cuenta con 250 m\u00b2 totalmente climatizados, en el 2\u00ba piso del hotel, frente al Jard\u00edn Burle Marx y con el mar al fondo. Espacio exclusivo para quienes desean mantener una rutina saludable de ejercicios. Cuenta con equipos [&hellip;]<\/p>\n","protected":false},"author":5,"featured_media":9336,"parent":9503,"menu_order":0,"comment_status":"closed","ping_status":"closed","template":"","meta":{"footnotes":""},"class_list":["post-9515","page","type-page","status-publish","has-post-thumbnail","hentry"],"aioseo_notices":[],"_links":{"self":[{"href":"https:\/\/hotelnacionalriodejaneiro.com\/es\/wp-json\/wp\/v2\/pages\/9515","targetHints":{"allow":["GET"]}}],"collection":[{"href":"https:\/\/hotelnacionalriodejaneiro.com\/es\/wp-json\/wp\/v2\/pages"}],"about":[{"href":"https:\/\/hotelnacionalriodejaneiro.com\/es\/wp-json\/wp\/v2\/types\/page"}],"author":[{"embeddable":true,"href":"https:\/\/hotelnacionalriodejaneiro.com\/es\/wp-json\/wp\/v2\/users\/5"}],"replies":[{"embeddable":true,"href":"https:\/\/hotelnacionalriodejaneiro.com\/es\/wp-json\/wp\/v2\/comments?post=9515"}],"version-history":[{"count":1,"href":"https:\/\/hotelnacionalriodejaneiro.com\/es\/wp-json\/wp\/v2\/pages\/9515\/revisions"}],"predecessor-version":[{"id":9516,"href":"https:\/\/hotelnacionalriodejaneiro.com\/es\/wp-json\/wp\/v2\/pages\/9515\/revisions\/9516"}],"up":[{"embeddable":true,"href":"https:\/\/hotelnacionalriodejaneiro.com\/es\/wp-json\/wp\/v2\/pages\/9503"}],"wp:featuredmedia":[{"embeddable":true,"href":"https:\/\/hotelnacionalriodejaneiro.com\/es\/wp-json\/wp\/v2\/media\/9336"}],"wp:attachment":[{"href":"https:\/\/hotelnacionalriodejaneiro.com\/es\/wp-json\/wp\/v2\/media?parent=9515"}],"curies":[{"name":"wp","href":"https:\/\/api.w.org\/{rel}","templated":true}]}}