{"id":9510,"date":"2024-05-20T12:33:29","date_gmt":"2024-05-20T15:33:29","guid":{"rendered":"https:\/\/hotelnacionalriodejaneiro.com\/bienestar\/nacional-spa\/"},"modified":"2026-03-03T17:48:26","modified_gmt":"2026-03-03T20:48:26","slug":"nacional-spa","status":"publish","type":"page","link":"https:\/\/hotelnacionalriodejaneiro.com\/es\/bienestar\/nacional-spa\/","title":{"rendered":"Nacional Spa"},"content":{"rendered":"\t\t<div data-elementor-type=\"wp-page\" data-elementor-id=\"9510\" class=\"elementor elementor-9510 elementor-169\" data-elementor-post-type=\"page\">\n\t\t\t\t<div class=\"elementor-element elementor-element-359cf27 e-flex e-con-boxed e-con e-parent\" data-id=\"359cf27\" data-element_type=\"container\" data-settings=\"{&quot;background_background&quot;:&quot;slideshow&quot;,&quot;background_slideshow_ken_burns&quot;:&quot;yes&quot;,&quot;background_slideshow_gallery&quot;:[{&quot;id&quot;:9384,&quot;url&quot;:&quot;https:\\\/\\\/hotelnacionalriodejaneiro.com\\\/wp-content\\\/uploads\\\/2024\\\/06\\\/Header-Nacional-Spa-3.webp&quot;},{&quot;id&quot;:9383,&quot;url&quot;:&quot;https:\\\/\\\/hotelnacionalriodejaneiro.com\\\/wp-content\\\/uploads\\\/2024\\\/06\\\/Header-Nacional-Spa-2.webp&quot;},{&quot;id&quot;:9507,&quot;url&quot;:&quot;https:\\\/\\\/hotelnacionalriodejaneiro.com\\\/wp-content\\\/uploads\\\/2024\\\/06\\\/Header-Nacional-Spa.webp&quot;}],&quot;background_slideshow_loop&quot;:&quot;yes&quot;,&quot;background_slideshow_slide_duration&quot;:5000,&quot;background_slideshow_slide_transition&quot;:&quot;fade&quot;,&quot;background_slideshow_transition_duration&quot;:500,&quot;background_slideshow_ken_burns_zoom_direction&quot;:&quot;in&quot;}\">\n\t\t\t\t\t<div class=\"e-con-inner\">\n\t\t\t\t<div class=\"elementor-element elementor-element-4ef2982 elementor-widget__width-inherit elementor-widget-mobile__width-inherit elementor-invisible elementor-widget elementor-widget-heading\" data-id=\"4ef2982\" data-element_type=\"widget\" data-settings=\"{&quot;_animation&quot;:&quot;fadeIn&quot;}\" data-widget_type=\"heading.default\">\n\t\t\t\t<div class=\"elementor-widget-container\">\n\t\t\t\t\t<h1 class=\"elementor-heading-title elementor-size-default\">NACIONAL Spa<\/h1>\t\t\t\t<\/div>\n\t\t\t\t<\/div>\n\t\t\t\t<div class=\"elementor-element elementor-element-8f0b8c9 elementor-widget__width-inherit elementor-widget-mobile__width-inherit elementor-invisible elementor-widget elementor-widget-heading\" data-id=\"8f0b8c9\" data-element_type=\"widget\" data-settings=\"{&quot;_animation&quot;:&quot;fadeIn&quot;}\" data-widget_type=\"heading.default\">\n\t\t\t\t<div class=\"elementor-widget-container\">\n\t\t\t\t\t<h2 class=\"elementor-heading-title elementor-size-default\">Un spa urbano completo para su bienestar<br><\/h2>\t\t\t\t<\/div>\n\t\t\t\t<\/div>\n\t\t\t\t\t<\/div>\n\t\t\t\t<\/div>\n\t\t<div class=\"elementor-element elementor-element-4256ab8 e-flex e-con-boxed e-con e-child\" data-id=\"4256ab8\" data-element_type=\"container\">\n\t\t\t\t\t<div class=\"e-con-inner\">\n\t\t<div class=\"elementor-element elementor-element-16c75b0 e-con-full e-flex e-con e-child\" data-id=\"16c75b0\" data-element_type=\"container\">\n\t\t\t\t<div class=\"elementor-element elementor-element-104af68 elementor-invisible elementor-widget elementor-widget-heading\" data-id=\"104af68\" data-element_type=\"widget\" data-settings=\"{&quot;_animation&quot;:&quot;fadeIn&quot;}\" data-widget_type=\"heading.default\">\n\t\t\t\t<div class=\"elementor-widget-container\">\n\t\t\t\t\t<h2 class=\"elementor-heading-title elementor-size-default\">NACIONAL Spa<\/h2>\t\t\t\t<\/div>\n\t\t\t\t<\/div>\n\t\t\t\t<div class=\"elementor-element elementor-element-ac549b5 elementor-invisible elementor-widget elementor-widget-text-editor\" data-id=\"ac549b5\" data-element_type=\"widget\" data-settings=\"{&quot;_animation&quot;:&quot;fadeIn&quot;,&quot;_animation_delay&quot;:&quot;200&quot;}\" data-widget_type=\"text-editor.default\">\n\t\t\t\t<div class=\"elementor-widget-container\">\n\t\t\t\t\t\t\t\t\t<p data-pm-slice=\"1 1 []\">El Nacional Spa cuenta con 220 m\u00b2 de puro relax y bienestar, con una diversificaci\u00f3n de servicios que proporcionan momentos \u00fanicos de equilibrio y armon\u00eda. Una leg\u00edtima jornada de experiencias transformadoras. Ofrece masajes, ba\u00f1os, saunas y Day Spas para una o dos personas e incluso peque\u00f1os grupos, adem\u00e1s de un Espacio Beauty, con servicios de cabello, u\u00f1as y maquillaje. El ambiente est\u00e1 ubicado en el 2\u00ba piso del hotel, frente al bell\u00edsimo Jard\u00edn Burle Marx y con el mar al fondo, complementando toda esta experiencia sensorial.<br>   <\/p>\t\t\t\t\t\t\t\t<\/div>\n\t\t\t\t<\/div>\n\t\t\t\t<div class=\"elementor-element elementor-element-964b51d elementor-mobile-align-center elementor-icon-list--layout-traditional elementor-list-item-link-full_width elementor-invisible elementor-widget elementor-widget-icon-list\" data-id=\"964b51d\" data-element_type=\"widget\" data-settings=\"{&quot;_animation&quot;:&quot;fadeIn&quot;,&quot;_animation_delay&quot;:&quot;400&quot;}\" data-widget_type=\"icon-list.default\">\n\t\t\t\t<div class=\"elementor-widget-container\">\n\t\t\t\t\t\t\t<ul class=\"elementor-icon-list-items\">\n\t\t\t\t\t\t\t<li class=\"elementor-icon-list-item\">\n\t\t\t\t\t\t\t\t\t\t\t<span class=\"elementor-icon-list-icon\">\n\t\t\t\t\t\t\t<svg aria-hidden=\"true\" class=\"e-font-icon-svg e-fas-calendar-check\" viewBox=\"0 0 448 512\" xmlns=\"http:\/\/www.w3.org\/2000\/svg\"><path d=\"M436 160H12c-6.627 0-12-5.373-12-12v-36c0-26.51 21.49-48 48-48h48V12c0-6.627 5.373-12 12-12h40c6.627 0 12 5.373 12 12v52h128V12c0-6.627 5.373-12 12-12h40c6.627 0 12 5.373 12 12v52h48c26.51 0 48 21.49 48 48v36c0 6.627-5.373 12-12 12zM12 192h424c6.627 0 12 5.373 12 12v260c0 26.51-21.49 48-48 48H48c-26.51 0-48-21.49-48-48V204c0-6.627 5.373-12 12-12zm333.296 95.947l-28.169-28.398c-4.667-4.705-12.265-4.736-16.97-.068L194.12 364.665l-45.98-46.352c-4.667-4.705-12.266-4.736-16.971-.068l-28.397 28.17c-4.705 4.667-4.736 12.265-.068 16.97l82.601 83.269c4.667 4.705 12.265 4.736 16.97.068l142.953-141.805c4.705-4.667 4.736-12.265.068-16.97z\"><\/path><\/svg>\t\t\t\t\t\t<\/span>\n\t\t\t\t\t\t\t\t\t\t<span class=\"elementor-icon-list-text\">Abierto Todos los D\u00edas<br><b>(inclusive domingos y feriados)<\/b><\/span>\n\t\t\t\t\t\t\t\t\t<\/li>\n\t\t\t\t\t\t\t\t<li class=\"elementor-icon-list-item\">\n\t\t\t\t\t\t\t\t\t\t\t<span class=\"elementor-icon-list-icon\">\n\t\t\t\t\t\t\t<svg aria-hidden=\"true\" class=\"e-font-icon-svg e-fas-clock\" viewBox=\"0 0 512 512\" xmlns=\"http:\/\/www.w3.org\/2000\/svg\"><path d=\"M256,8C119,8,8,119,8,256S119,504,256,504,504,393,504,256,393,8,256,8Zm92.49,313h0l-20,25a16,16,0,0,1-22.49,2.5h0l-67-49.72a40,40,0,0,1-15-31.23V112a16,16,0,0,1,16-16h32a16,16,0,0,1,16,16V256l58,42.5A16,16,0,0,1,348.49,321Z\"><\/path><\/svg>\t\t\t\t\t\t<\/span>\n\t\t\t\t\t\t\t\t\t\t<span class=\"elementor-icon-list-text\">Horario de Funcionamiento:<br><b> De 10h00 a 21h00<\/b><\/span>\n\t\t\t\t\t\t\t\t\t<\/li>\n\t\t\t\t\t\t\t\t<li class=\"elementor-icon-list-item\">\n\t\t\t\t\t\t\t\t\t\t\t<span class=\"elementor-icon-list-icon\">\n\t\t\t\t\t\t\t<svg aria-hidden=\"true\" class=\"e-font-icon-svg e-fas-check\" viewBox=\"0 0 512 512\" xmlns=\"http:\/\/www.w3.org\/2000\/svg\"><path d=\"M173.898 439.404l-166.4-166.4c-9.997-9.997-9.997-26.206 0-36.204l36.203-36.204c9.997-9.998 26.207-9.998 36.204 0L192 312.69 432.095 72.596c9.997-9.997 26.207-9.997 36.204 0l36.203 36.204c9.997 9.997 9.997 26.206 0 36.204l-294.4 294.401c-9.998 9.997-26.207 9.997-36.204-.001z\"><\/path><\/svg>\t\t\t\t\t\t<\/span>\n\t\t\t\t\t\t\t\t\t\t<span class=\"elementor-icon-list-text\">Atenci\u00f3n para hu\u00e9spedes y no hu\u00e9spedes<\/span>\n\t\t\t\t\t\t\t\t\t<\/li>\n\t\t\t\t\t\t\t\t<li class=\"elementor-icon-list-item\">\n\t\t\t\t\t\t\t\t\t\t\t<span class=\"elementor-icon-list-icon\">\n\t\t\t\t\t\t\t<svg aria-hidden=\"true\" class=\"e-font-icon-svg e-fas-exclamation-triangle\" viewBox=\"0 0 576 512\" xmlns=\"http:\/\/www.w3.org\/2000\/svg\"><path d=\"M569.517 440.013C587.975 472.007 564.806 512 527.94 512H48.054c-36.937 0-59.999-40.055-41.577-71.987L246.423 23.985c18.467-32.009 64.72-31.951 83.154 0l239.94 416.028zM288 354c-25.405 0-46 20.595-46 46s20.595 46 46 46 46-20.595 46-46-20.595-46-46-46zm-43.673-165.346l7.418 136c.347 6.364 5.609 11.346 11.982 11.346h48.546c6.373 0 11.635-4.982 11.982-11.346l7.418-136c.375-6.874-5.098-12.654-11.982-12.654h-63.383c-6.884 0-12.356 5.78-11.981 12.654z\"><\/path><\/svg>\t\t\t\t\t\t<\/span>\n\t\t\t\t\t\t\t\t\t\t<span class=\"elementor-icon-list-text\">Los servicios del SPA se cobran por separado<br><\/span>\n\t\t\t\t\t\t\t\t\t<\/li>\n\t\t\t\t\t\t<\/ul>\n\t\t\t\t\t\t<\/div>\n\t\t\t\t<\/div>\n\t\t\t\t<div class=\"elementor-element elementor-element-1d08474 elementor-widget-mobile__width-inherit elementor-invisible elementor-widget elementor-widget-jkit_button\" data-id=\"1d08474\" data-element_type=\"widget\" data-settings=\"{&quot;_animation&quot;:&quot;fadeIn&quot;,&quot;_animation_delay&quot;:&quot;600&quot;}\" data-widget_type=\"jkit_button.default\">\n\t\t\t\t<div class=\"elementor-widget-container\">\n\t\t\t\t\t<div  class=\"jeg-elementor-kit jkit-button  icon-position-before jeg_module___69e3453d5f286\" ><a href=\"https:\/\/api.whatsapp.com\/send?phone=5521964270782\" class=\"jkit-button-wrapper\">HAGA SU RESERVA<\/a><\/div>\t\t\t\t<\/div>\n\t\t\t\t<\/div>\n\t\t\t\t<\/div>\n\t\t<div class=\"elementor-element elementor-element-dd8b62d e-con-full e-flex e-con e-child\" data-id=\"dd8b62d\" data-element_type=\"container\">\n\t\t\t\t<div class=\"elementor-element elementor-element-dd53c03 elementor-widget elementor-widget-gallery\" data-id=\"dd53c03\" data-element_type=\"widget\" data-settings=\"{&quot;columns&quot;:2,&quot;columns_mobile&quot;:2,&quot;lazyload&quot;:&quot;yes&quot;,&quot;gallery_layout&quot;:&quot;grid&quot;,&quot;columns_tablet&quot;:2,&quot;gap&quot;:{&quot;unit&quot;:&quot;px&quot;,&quot;size&quot;:10,&quot;sizes&quot;:[]},&quot;gap_tablet&quot;:{&quot;unit&quot;:&quot;px&quot;,&quot;size&quot;:10,&quot;sizes&quot;:[]},&quot;gap_mobile&quot;:{&quot;unit&quot;:&quot;px&quot;,&quot;size&quot;:10,&quot;sizes&quot;:[]},&quot;link_to&quot;:&quot;file&quot;,&quot;aspect_ratio&quot;:&quot;3:2&quot;,&quot;overlay_background&quot;:&quot;yes&quot;,&quot;content_hover_animation&quot;:&quot;fade-in&quot;}\" data-widget_type=\"gallery.default\">\n\t\t\t\t<div class=\"elementor-widget-container\">\n\t\t\t\t\t\t\t<div class=\"elementor-gallery__container\">\n\t\t\t\t\t\t\t<a class=\"e-gallery-item elementor-gallery-item elementor-animated-content\" href=\"https:\/\/hotelnacionalriodejaneiro.com\/wp-content\/uploads\/2024\/06\/Nacional-Spa.webp\" data-elementor-open-lightbox=\"yes\" data-elementor-lightbox-slideshow=\"dd53c03\" data-elementor-lightbox-title=\"Nacional Spa \u2013 Bienestar \u2013 Hotel Nacional Rio de Janeiro HNRJ\" data-e-action-hash=\"#elementor-action%3Aaction%3Dlightbox%26settings%3DeyJpZCI6OTMzNSwidXJsIjoiaHR0cHM6XC9cL2hvdGVsbmFjaW9uYWxyaW9kZWphbmVpcm8uY29tXC93cC1jb250ZW50XC91cGxvYWRzXC8yMDI0XC8wNlwvTmFjaW9uYWwtU3BhLndlYnAiLCJzbGlkZXNob3ciOiJkZDUzYzAzIn0%3D\">\n\t\t\t\t\t<div class=\"e-gallery-image elementor-gallery-item__image\" data-thumbnail=\"https:\/\/hotelnacionalriodejaneiro.com\/wp-content\/uploads\/2024\/06\/Nacional-Spa.webp\" data-width=\"1920\" data-height=\"1288\" aria-label=\"Nacional Spa \u2013 Bienestar \u2013 Hotel Nacional Rio de Janeiro HNRJ\" role=\"img\" ><\/div>\n\t\t\t\t\t\t\t\t\t\t\t<div class=\"elementor-gallery-item__overlay\"><\/div>\n\t\t\t\t\t\t\t\t\t\t\t\t\t\t<\/a>\n\t\t\t\t\t\t\t<a class=\"e-gallery-item elementor-gallery-item elementor-animated-content\" href=\"https:\/\/hotelnacionalriodejaneiro.com\/wp-content\/uploads\/2024\/06\/Nacional-Spa-1.webp\" data-elementor-open-lightbox=\"yes\" data-elementor-lightbox-slideshow=\"dd53c03\" data-elementor-lightbox-title=\"Nacional Spa\" data-e-action-hash=\"#elementor-action%3Aaction%3Dlightbox%26settings%3DeyJpZCI6OTUwOCwidXJsIjoiaHR0cHM6XC9cL2hvdGVsbmFjaW9uYWxyaW9kZWphbmVpcm8uY29tXC93cC1jb250ZW50XC91cGxvYWRzXC8yMDI0XC8wNlwvTmFjaW9uYWwtU3BhLTEud2VicCIsInNsaWRlc2hvdyI6ImRkNTNjMDMifQ%3D%3D\">\n\t\t\t\t\t<div class=\"e-gallery-image elementor-gallery-item__image\" data-thumbnail=\"https:\/\/hotelnacionalriodejaneiro.com\/wp-content\/uploads\/2024\/06\/Nacional-Spa-1.webp\" data-width=\"1920\" data-height=\"1288\" aria-label=\"Nacional Spa\" role=\"img\" ><\/div>\n\t\t\t\t\t\t\t\t\t\t\t<div class=\"elementor-gallery-item__overlay\"><\/div>\n\t\t\t\t\t\t\t\t\t\t\t\t\t\t<\/a>\n\t\t\t\t\t\t\t<a class=\"e-gallery-item elementor-gallery-item elementor-animated-content\" href=\"https:\/\/hotelnacionalriodejaneiro.com\/wp-content\/uploads\/2024\/06\/Nacional-Spa-2.webp\" data-elementor-open-lightbox=\"yes\" data-elementor-lightbox-slideshow=\"dd53c03\" data-elementor-lightbox-title=\"Nacional Spa\" data-e-action-hash=\"#elementor-action%3Aaction%3Dlightbox%26settings%3DeyJpZCI6OTQ5OSwidXJsIjoiaHR0cHM6XC9cL2hvdGVsbmFjaW9uYWxyaW9kZWphbmVpcm8uY29tXC93cC1jb250ZW50XC91cGxvYWRzXC8yMDI0XC8wNlwvTmFjaW9uYWwtU3BhLTIud2VicCIsInNsaWRlc2hvdyI6ImRkNTNjMDMifQ%3D%3D\">\n\t\t\t\t\t<div class=\"e-gallery-image elementor-gallery-item__image\" data-thumbnail=\"https:\/\/hotelnacionalriodejaneiro.com\/wp-content\/uploads\/2024\/06\/Nacional-Spa-2.webp\" data-width=\"1920\" data-height=\"1288\" aria-label=\"Nacional Spa\" role=\"img\" ><\/div>\n\t\t\t\t\t\t\t\t\t\t\t<div class=\"elementor-gallery-item__overlay\"><\/div>\n\t\t\t\t\t\t\t\t\t\t\t\t\t\t<\/a>\n\t\t\t\t\t\t\t<a class=\"e-gallery-item elementor-gallery-item elementor-animated-content\" href=\"https:\/\/hotelnacionalriodejaneiro.com\/wp-content\/uploads\/2024\/06\/Nacional-Spa-3.webp\" data-elementor-open-lightbox=\"yes\" data-elementor-lightbox-slideshow=\"dd53c03\" data-elementor-lightbox-title=\"Nacional Spa\" data-e-action-hash=\"#elementor-action%3Aaction%3Dlightbox%26settings%3DeyJpZCI6OTUwOSwidXJsIjoiaHR0cHM6XC9cL2hvdGVsbmFjaW9uYWxyaW9kZWphbmVpcm8uY29tXC93cC1jb250ZW50XC91cGxvYWRzXC8yMDI0XC8wNlwvTmFjaW9uYWwtU3BhLTMud2VicCIsInNsaWRlc2hvdyI6ImRkNTNjMDMifQ%3D%3D\">\n\t\t\t\t\t<div class=\"e-gallery-image elementor-gallery-item__image\" data-thumbnail=\"https:\/\/hotelnacionalriodejaneiro.com\/wp-content\/uploads\/2024\/06\/Nacional-Spa-3.webp\" data-width=\"1920\" data-height=\"1288\" aria-label=\"Nacional Spa\" role=\"img\" ><\/div>\n\t\t\t\t\t\t\t\t\t\t\t<div class=\"elementor-gallery-item__overlay\"><\/div>\n\t\t\t\t\t\t\t\t\t\t\t\t\t\t<\/a>\n\t\t\t\t\t<\/div>\n\t\t\t\t\t<\/div>\n\t\t\t\t<\/div>\n\t\t\t\t<\/div>\n\t\t\t\t\t<\/div>\n\t\t\t\t<\/div>\n\t\t<div class=\"elementor-element elementor-element-74456a7 e-flex e-con-boxed e-con e-parent\" data-id=\"74456a7\" data-element_type=\"container\">\n\t\t\t\t\t<div class=\"e-con-inner\">\n\t\t\t\t<div class=\"elementor-element elementor-element-322bc49 elementor-invisible elementor-widget elementor-widget-heading\" data-id=\"322bc49\" data-element_type=\"widget\" data-settings=\"{&quot;_animation&quot;:&quot;fadeIn&quot;}\" data-widget_type=\"heading.default\">\n\t\t\t\t<div class=\"elementor-widget-container\">\n\t\t\t\t\t<h3 class=\"elementor-heading-title elementor-size-default\">Conoce nuestro Centro de Fitness<\/h3>\t\t\t\t<\/div>\n\t\t\t\t<\/div>\n\t\t<div class=\"elementor-element elementor-element-2e49636 e-flex e-con-boxed e-con e-child\" data-id=\"2e49636\" data-element_type=\"container\">\n\t\t\t\t\t<div class=\"e-con-inner\">\n\t\t<div class=\"elementor-element elementor-element-2bb9979 e-con-full e-flex e-con e-child\" data-id=\"2bb9979\" data-element_type=\"container\">\n\t\t\t\t<div class=\"elementor-element elementor-element-1cbc983 elementor-widget__width-auto elementor-invisible elementor-widget elementor-widget-image\" data-id=\"1cbc983\" data-element_type=\"widget\" data-settings=\"{&quot;_animation&quot;:&quot;fadeIn&quot;}\" data-widget_type=\"image.default\">\n\t\t\t\t<div class=\"elementor-widget-container\">\n\t\t\t\t\t\t\t\t\t\t\t\t\t\t\t<img fetchpriority=\"high\" decoding=\"async\" width=\"2560\" height=\"1298\" src=\"https:\/\/hotelnacionalriodejaneiro.com\/wp-content\/uploads\/2024\/06\/Header-Hotel-Nacional-Fitness-Cente-3-scaled.webp\" class=\"attachment-full size-full wp-image-9505\" alt=\"Hotel Nacional - Fitness Center\" srcset=\"https:\/\/hotelnacionalriodejaneiro.com\/wp-content\/uploads\/2024\/06\/Header-Hotel-Nacional-Fitness-Cente-3-scaled.webp 2560w, https:\/\/hotelnacionalriodejaneiro.com\/wp-content\/uploads\/2024\/06\/Header-Hotel-Nacional-Fitness-Cente-3-300x152.webp 300w, https:\/\/hotelnacionalriodejaneiro.com\/wp-content\/uploads\/2024\/06\/Header-Hotel-Nacional-Fitness-Cente-3-1024x519.webp 1024w, https:\/\/hotelnacionalriodejaneiro.com\/wp-content\/uploads\/2024\/06\/Header-Hotel-Nacional-Fitness-Cente-3-768x390.webp 768w, https:\/\/hotelnacionalriodejaneiro.com\/wp-content\/uploads\/2024\/06\/Header-Hotel-Nacional-Fitness-Cente-3-1536x779.webp 1536w, https:\/\/hotelnacionalriodejaneiro.com\/wp-content\/uploads\/2024\/06\/Header-Hotel-Nacional-Fitness-Cente-3-2048x1039.webp 2048w\" sizes=\"(max-width: 2560px) 100vw, 2560px\" \/>\t\t\t\t\t\t\t\t\t\t\t\t\t\t\t<\/div>\n\t\t\t\t<\/div>\n\t\t\t\t<div class=\"elementor-element elementor-element-c9edddf elementor-widget__width-auto elementor-absolute elementor-hidden-mobile elementor-invisible elementor-widget elementor-widget-image\" data-id=\"c9edddf\" data-element_type=\"widget\" data-settings=\"{&quot;_position&quot;:&quot;absolute&quot;,&quot;_animation&quot;:&quot;fadeIn&quot;,&quot;_animation_delay&quot;:&quot;200&quot;}\" data-widget_type=\"image.default\">\n\t\t\t\t<div class=\"elementor-widget-container\">\n\t\t\t\t\t\t\t\t\t\t\t\t\t\t\t<img decoding=\"async\" width=\"2362\" height=\"1584\" src=\"https:\/\/hotelnacionalriodejaneiro.com\/wp-content\/uploads\/2024\/06\/Hotel-Nacional-Fitness-Center-4.webp\" class=\"attachment-full size-full wp-image-9506\" alt=\"Hotel Nacional - Fitness Center\" srcset=\"https:\/\/hotelnacionalriodejaneiro.com\/wp-content\/uploads\/2024\/06\/Hotel-Nacional-Fitness-Center-4.webp 2362w, https:\/\/hotelnacionalriodejaneiro.com\/wp-content\/uploads\/2024\/06\/Hotel-Nacional-Fitness-Center-4-300x201.webp 300w, https:\/\/hotelnacionalriodejaneiro.com\/wp-content\/uploads\/2024\/06\/Hotel-Nacional-Fitness-Center-4-1024x687.webp 1024w, https:\/\/hotelnacionalriodejaneiro.com\/wp-content\/uploads\/2024\/06\/Hotel-Nacional-Fitness-Center-4-768x515.webp 768w, https:\/\/hotelnacionalriodejaneiro.com\/wp-content\/uploads\/2024\/06\/Hotel-Nacional-Fitness-Center-4-1536x1030.webp 1536w, https:\/\/hotelnacionalriodejaneiro.com\/wp-content\/uploads\/2024\/06\/Hotel-Nacional-Fitness-Center-4-2048x1373.webp 2048w\" sizes=\"(max-width: 2362px) 100vw, 2362px\" \/>\t\t\t\t\t\t\t\t\t\t\t\t\t\t\t<\/div>\n\t\t\t\t<\/div>\n\t\t\t\t<\/div>\n\t\t<div class=\"elementor-element elementor-element-e2f7266 e-con-full e-flex e-con e-child\" data-id=\"e2f7266\" data-element_type=\"container\">\n\t\t\t\t<div class=\"elementor-element elementor-element-c07a03d elementor-invisible elementor-widget elementor-widget-heading\" data-id=\"c07a03d\" data-element_type=\"widget\" data-settings=\"{&quot;_animation&quot;:&quot;fadeIn&quot;}\" data-widget_type=\"heading.default\">\n\t\t\t\t<div class=\"elementor-widget-container\">\n\t\t\t\t\t<h4 class=\"elementor-heading-title elementor-size-default\"><a href=\"https:\/\/hotelnacionalriodejaneiro.com\/bem-estar\/fitness-center\/\">Fitness Center<\/a><\/h4>\t\t\t\t<\/div>\n\t\t\t\t<\/div>\n\t\t\t\t<div class=\"elementor-element elementor-element-fcffe3b elementor-invisible elementor-widget elementor-widget-text-editor\" data-id=\"fcffe3b\" data-element_type=\"widget\" data-settings=\"{&quot;_animation&quot;:&quot;fadeIn&quot;,&quot;_animation_delay&quot;:&quot;200&quot;}\" data-widget_type=\"text-editor.default\">\n\t\t\t\t<div class=\"elementor-widget-container\">\n\t\t\t\t\t\t\t\t\t<p data-pm-slice=\"1 1 []\">El Centro de Fitness cuenta con 250m\u00b2 totalmente climatizados, en el 2\u00ba piso del hotel, frente al Jard\u00edn Burle Marx y el mar al fondo.<\/p>\t\t\t\t\t\t\t\t<\/div>\n\t\t\t\t<\/div>\n\t\t\t\t<div class=\"elementor-element elementor-element-b1143d1 elementor-widget-mobile__width-inherit elementor-invisible elementor-widget elementor-widget-jkit_button\" data-id=\"b1143d1\" data-element_type=\"widget\" data-settings=\"{&quot;_animation&quot;:&quot;fadeIn&quot;,&quot;_animation_delay&quot;:&quot;600&quot;}\" data-widget_type=\"jkit_button.default\">\n\t\t\t\t<div class=\"elementor-widget-container\">\n\t\t\t\t\t<div  class=\"jeg-elementor-kit jkit-button  icon-position-before jeg_module__1_69e3453d622dd\" ><a href=\"https:\/\/hotelnacionalriodejaneiro.com\/bem-estar\/fitness-center\/\" class=\"jkit-button-wrapper\">SEPA M\u00c1S<\/a><\/div>\t\t\t\t<\/div>\n\t\t\t\t<\/div>\n\t\t\t\t<\/div>\n\t\t\t\t\t<\/div>\n\t\t\t\t<\/div>\n\t\t\t\t\t<\/div>\n\t\t\t\t<\/div>\n\t\t\t\t<\/div>\n\t\t","protected":false},"excerpt":{"rendered":"<p>NACIONAL Spa Un spa urbano completo para su bienestar NACIONAL Spa El Nacional Spa cuenta con 220 m\u00b2 de puro relax y bienestar, con una diversificaci\u00f3n de servicios que proporcionan momentos \u00fanicos de equilibrio y armon\u00eda. Una leg\u00edtima jornada de experiencias transformadoras. Ofrece masajes, ba\u00f1os, saunas y Day Spas para una o dos personas e [&hellip;]<\/p>\n","protected":false},"author":5,"featured_media":9335,"parent":9503,"menu_order":0,"comment_status":"closed","ping_status":"closed","template":"elementor_header_footer","meta":{"footnotes":""},"class_list":["post-9510","page","type-page","status-publish","has-post-thumbnail","hentry"],"aioseo_notices":[],"_links":{"self":[{"href":"https:\/\/hotelnacionalriodejaneiro.com\/es\/wp-json\/wp\/v2\/pages\/9510","targetHints":{"allow":["GET"]}}],"collection":[{"href":"https:\/\/hotelnacionalriodejaneiro.com\/es\/wp-json\/wp\/v2\/pages"}],"about":[{"href":"https:\/\/hotelnacionalriodejaneiro.com\/es\/wp-json\/wp\/v2\/types\/page"}],"author":[{"embeddable":true,"href":"https:\/\/hotelnacionalriodejaneiro.com\/es\/wp-json\/wp\/v2\/users\/5"}],"replies":[{"embeddable":true,"href":"https:\/\/hotelnacionalriodejaneiro.com\/es\/wp-json\/wp\/v2\/comments?post=9510"}],"version-history":[{"count":1,"href":"https:\/\/hotelnacionalriodejaneiro.com\/es\/wp-json\/wp\/v2\/pages\/9510\/revisions"}],"predecessor-version":[{"id":9511,"href":"https:\/\/hotelnacionalriodejaneiro.com\/es\/wp-json\/wp\/v2\/pages\/9510\/revisions\/9511"}],"up":[{"embeddable":true,"href":"https:\/\/hotelnacionalriodejaneiro.com\/es\/wp-json\/wp\/v2\/pages\/9503"}],"wp:featuredmedia":[{"embeddable":true,"href":"https:\/\/hotelnacionalriodejaneiro.com\/es\/wp-json\/wp\/v2\/media\/9335"}],"wp:attachment":[{"href":"https:\/\/hotelnacionalriodejaneiro.com\/es\/wp-json\/wp\/v2\/media?parent=9510"}],"curies":[{"name":"wp","href":"https:\/\/api.w.org\/{rel}","templated":true}]}}