{"id":9482,"date":"2024-06-03T23:44:22","date_gmt":"2024-06-04T02:44:22","guid":{"rendered":"https:\/\/hotelnacionalriodejaneiro.com\/gastronomia\/restaurante-la-sereia\/"},"modified":"2026-03-03T17:05:20","modified_gmt":"2026-03-03T20:05:20","slug":"restaurante-la-sereia","status":"publish","type":"page","link":"https:\/\/hotelnacionalriodejaneiro.com\/es\/gastronomia\/restaurante-la-sereia\/","title":{"rendered":"Restaurante La Sereia"},"content":{"rendered":"\t\t<div data-elementor-type=\"wp-page\" data-elementor-id=\"9482\" class=\"elementor elementor-9482 elementor-1665\" data-elementor-post-type=\"page\">\n\t\t\t\t<div class=\"elementor-element elementor-element-7e0b51a e-flex e-con-boxed e-con e-parent\" data-id=\"7e0b51a\" data-element_type=\"container\" data-settings=\"{&quot;background_background&quot;:&quot;slideshow&quot;,&quot;background_slideshow_ken_burns&quot;:&quot;yes&quot;,&quot;background_slideshow_gallery&quot;:[{&quot;id&quot;:9333,&quot;url&quot;:&quot;https:\\\/\\\/hotelnacionalriodejaneiro.com\\\/wp-content\\\/uploads\\\/2024\\\/06\\\/Header-Restaurante-A-Sereia3.webp&quot;},{&quot;id&quot;:9477,&quot;url&quot;:&quot;https:\\\/\\\/hotelnacionalriodejaneiro.com\\\/wp-content\\\/uploads\\\/2024\\\/06\\\/Restaurante-A-Sereia-1.webp&quot;},{&quot;id&quot;:9478,&quot;url&quot;:&quot;https:\\\/\\\/hotelnacionalriodejaneiro.com\\\/wp-content\\\/uploads\\\/2024\\\/06\\\/Header-Restaurante-A-Sereia2.webp&quot;}],&quot;background_slideshow_loop&quot;:&quot;yes&quot;,&quot;background_slideshow_slide_duration&quot;:5000,&quot;background_slideshow_slide_transition&quot;:&quot;fade&quot;,&quot;background_slideshow_transition_duration&quot;:500,&quot;background_slideshow_ken_burns_zoom_direction&quot;:&quot;in&quot;}\">\n\t\t\t\t\t<div class=\"e-con-inner\">\n\t\t\t\t<div class=\"elementor-element elementor-element-84f7102 elementor-widget__width-inherit elementor-widget-mobile__width-inherit elementor-invisible elementor-widget elementor-widget-heading\" data-id=\"84f7102\" data-element_type=\"widget\" data-settings=\"{&quot;_animation&quot;:&quot;fadeIn&quot;}\" data-widget_type=\"heading.default\">\n\t\t\t\t<div class=\"elementor-widget-container\">\n\t\t\t\t\t<h1 class=\"elementor-heading-title elementor-size-default\">Restaurante\n<\/h1>\t\t\t\t<\/div>\n\t\t\t\t<\/div>\n\t\t\t\t<div class=\"elementor-element elementor-element-1803b6e elementor-widget__width-inherit elementor-widget-mobile__width-inherit elementor-invisible elementor-widget elementor-widget-heading\" data-id=\"1803b6e\" data-element_type=\"widget\" data-settings=\"{&quot;_animation&quot;:&quot;fadeIn&quot;}\" data-widget_type=\"heading.default\">\n\t\t\t\t<div class=\"elementor-widget-container\">\n\t\t\t\t\t<h1 class=\"elementor-heading-title elementor-size-default\">A SEREIA<\/h1>\t\t\t\t<\/div>\n\t\t\t\t<\/div>\n\t\t\t\t<div class=\"elementor-element elementor-element-caa079f elementor-widget__width-inherit elementor-widget-mobile__width-inherit elementor-invisible elementor-widget elementor-widget-heading\" data-id=\"caa079f\" data-element_type=\"widget\" data-settings=\"{&quot;_animation&quot;:&quot;fadeIn&quot;}\" data-widget_type=\"heading.default\">\n\t\t\t\t<div class=\"elementor-widget-container\">\n\t\t\t\t\t<h2 class=\"elementor-heading-title elementor-size-default\">Un aut\u00e9ntico y sensorial viaje gastron\u00f3mico<\/h2>\t\t\t\t<\/div>\n\t\t\t\t<\/div>\n\t\t\t\t\t<\/div>\n\t\t\t\t<\/div>\n\t\t<div class=\"elementor-element elementor-element-496d11a e-flex e-con-boxed e-con e-child\" data-id=\"496d11a\" data-element_type=\"container\">\n\t\t\t\t\t<div class=\"e-con-inner\">\n\t\t<div class=\"elementor-element elementor-element-ff3abf0 e-con-full e-flex e-con e-child\" data-id=\"ff3abf0\" data-element_type=\"container\">\n\t\t\t\t<div class=\"elementor-element elementor-element-afc6323 elementor-invisible elementor-widget elementor-widget-heading\" data-id=\"afc6323\" data-element_type=\"widget\" data-settings=\"{&quot;_animation&quot;:&quot;fadeIn&quot;}\" data-widget_type=\"heading.default\">\n\t\t\t\t<div class=\"elementor-widget-container\">\n\t\t\t\t\t<h2 class=\"elementor-heading-title elementor-size-default\">Restaurante La Sereia<\/h2>\t\t\t\t<\/div>\n\t\t\t\t<\/div>\n\t\t\t\t<div class=\"elementor-element elementor-element-09b96eb elementor-invisible elementor-widget elementor-widget-text-editor\" data-id=\"09b96eb\" data-element_type=\"widget\" data-settings=\"{&quot;_animation&quot;:&quot;fadeIn&quot;,&quot;_animation_delay&quot;:&quot;200&quot;}\" data-widget_type=\"text-editor.default\">\n\t\t\t\t<div class=\"elementor-widget-container\">\n\t\t\t\t\t\t\t\t\t<p data-pm-slice=\"1 1 []\">Su men\u00fa privilegia toda la variedad de la cocina brasile\u00f1a y valora su regionalidad y explosi\u00f3n de sabores, caracter\u00edsticas de nuestro pa\u00eds. Como destaque, los s\u00e1bados, el restaurante ofrece la ya consagrada Feijoada Nacional, que traduce la informalidad y el alma carioca. Cuenta con un ambiente que combina arm\u00f3nicamente elegancia y calidez, ideal para la celebraci\u00f3n de ocasiones especiales.<br>  <\/p>\t\t\t\t\t\t\t\t<\/div>\n\t\t\t\t<\/div>\n\t\t\t\t<div class=\"elementor-element elementor-element-c3978d4 elementor-widget-mobile__width-inherit elementor-invisible elementor-widget elementor-widget-jkit_button\" data-id=\"c3978d4\" data-element_type=\"widget\" data-settings=\"{&quot;_animation&quot;:&quot;fadeIn&quot;,&quot;_animation_delay&quot;:&quot;600&quot;}\" data-widget_type=\"jkit_button.default\">\n\t\t\t\t<div class=\"elementor-widget-container\">\n\t\t\t\t\t<div  class=\"jeg-elementor-kit jkit-button  icon-position-before jeg_module___69e10ac3b3aef\" ><a href=\"https:\/\/wa.me\/+5521979480837\" class=\"jkit-button-wrapper\" target=\"_blank\">HAGA SU RESERVA<\/a><\/div>\t\t\t\t<\/div>\n\t\t\t\t<\/div>\n\t\t\t\t<\/div>\n\t\t<div class=\"elementor-element elementor-element-3785812 e-con-full e-flex e-con e-child\" data-id=\"3785812\" data-element_type=\"container\">\n\t\t\t\t<div class=\"elementor-element elementor-element-00c0df3 elementor-widget elementor-widget-gallery\" data-id=\"00c0df3\" data-element_type=\"widget\" data-settings=\"{&quot;columns&quot;:2,&quot;columns_mobile&quot;:2,&quot;lazyload&quot;:&quot;yes&quot;,&quot;gallery_layout&quot;:&quot;grid&quot;,&quot;columns_tablet&quot;:2,&quot;gap&quot;:{&quot;unit&quot;:&quot;px&quot;,&quot;size&quot;:10,&quot;sizes&quot;:[]},&quot;gap_tablet&quot;:{&quot;unit&quot;:&quot;px&quot;,&quot;size&quot;:10,&quot;sizes&quot;:[]},&quot;gap_mobile&quot;:{&quot;unit&quot;:&quot;px&quot;,&quot;size&quot;:10,&quot;sizes&quot;:[]},&quot;link_to&quot;:&quot;file&quot;,&quot;aspect_ratio&quot;:&quot;3:2&quot;,&quot;overlay_background&quot;:&quot;yes&quot;,&quot;content_hover_animation&quot;:&quot;fade-in&quot;}\" data-widget_type=\"gallery.default\">\n\t\t\t\t<div class=\"elementor-widget-container\">\n\t\t\t\t\t\t\t<div class=\"elementor-gallery__container\">\n\t\t\t\t\t\t\t<a class=\"e-gallery-item elementor-gallery-item elementor-animated-content\" href=\"https:\/\/hotelnacionalriodejaneiro.com\/wp-content\/uploads\/2024\/06\/Restaurante-A-Sereia3.webp\" data-elementor-open-lightbox=\"yes\" data-elementor-lightbox-slideshow=\"00c0df3\" data-elementor-lightbox-title=\"Restaurante La Sereia\" data-e-action-hash=\"#elementor-action%3Aaction%3Dlightbox%26settings%3DeyJpZCI6OTQ3OSwidXJsIjoiaHR0cHM6XC9cL2hvdGVsbmFjaW9uYWxyaW9kZWphbmVpcm8uY29tXC93cC1jb250ZW50XC91cGxvYWRzXC8yMDI0XC8wNlwvUmVzdGF1cmFudGUtQS1TZXJlaWEzLndlYnAiLCJzbGlkZXNob3ciOiIwMGMwZGYzIn0%3D\">\n\t\t\t\t\t<div class=\"e-gallery-image elementor-gallery-item__image\" data-thumbnail=\"https:\/\/hotelnacionalriodejaneiro.com\/wp-content\/uploads\/2024\/06\/Restaurante-A-Sereia3-300x201.webp\" data-width=\"300\" data-height=\"201\" aria-label=\"Restaurante La Sereia\" role=\"img\" ><\/div>\n\t\t\t\t\t\t\t\t\t\t\t<div class=\"elementor-gallery-item__overlay\"><\/div>\n\t\t\t\t\t\t\t\t\t\t\t\t\t\t<\/a>\n\t\t\t\t\t\t\t<a class=\"e-gallery-item elementor-gallery-item elementor-animated-content\" href=\"https:\/\/hotelnacionalriodejaneiro.com\/wp-content\/uploads\/2024\/06\/Restaurante-A-Sereia2.webp\" data-elementor-open-lightbox=\"yes\" data-elementor-lightbox-slideshow=\"00c0df3\" data-elementor-lightbox-title=\"Restaurante A Sereia - Gastronom\u00eda - Hotel Nacional Rio de Janeiro HNRJ\" data-e-action-hash=\"#elementor-action%3Aaction%3Dlightbox%26settings%3DeyJpZCI6OTM4MSwidXJsIjoiaHR0cHM6XC9cL2hvdGVsbmFjaW9uYWxyaW9kZWphbmVpcm8uY29tXC93cC1jb250ZW50XC91cGxvYWRzXC8yMDI0XC8wNlwvUmVzdGF1cmFudGUtQS1TZXJlaWEyLndlYnAiLCJzbGlkZXNob3ciOiIwMGMwZGYzIn0%3D\">\n\t\t\t\t\t<div class=\"e-gallery-image elementor-gallery-item__image\" data-thumbnail=\"https:\/\/hotelnacionalriodejaneiro.com\/wp-content\/uploads\/2024\/06\/Restaurante-A-Sereia2-300x201.webp\" data-width=\"300\" data-height=\"201\" aria-label=\"Restaurante A Sereia - Gastronom\u00eda - Hotel Nacional Rio de Janeiro HNRJ\" role=\"img\" ><\/div>\n\t\t\t\t\t\t\t\t\t\t\t<div class=\"elementor-gallery-item__overlay\"><\/div>\n\t\t\t\t\t\t\t\t\t\t\t\t\t\t<\/a>\n\t\t\t\t\t\t\t<a class=\"e-gallery-item elementor-gallery-item elementor-animated-content\" href=\"https:\/\/hotelnacionalriodejaneiro.com\/wp-content\/uploads\/2024\/06\/Restaurante-A-Sereia.webp\" data-elementor-open-lightbox=\"yes\" data-elementor-lightbox-slideshow=\"00c0df3\" data-elementor-lightbox-title=\"Restaurante La Sereia\" data-e-action-hash=\"#elementor-action%3Aaction%3Dlightbox%26settings%3DeyJpZCI6OTQ4MCwidXJsIjoiaHR0cHM6XC9cL2hvdGVsbmFjaW9uYWxyaW9kZWphbmVpcm8uY29tXC93cC1jb250ZW50XC91cGxvYWRzXC8yMDI0XC8wNlwvUmVzdGF1cmFudGUtQS1TZXJlaWEud2VicCIsInNsaWRlc2hvdyI6IjAwYzBkZjMifQ%3D%3D\">\n\t\t\t\t\t<div class=\"e-gallery-image elementor-gallery-item__image\" data-thumbnail=\"https:\/\/hotelnacionalriodejaneiro.com\/wp-content\/uploads\/2024\/06\/Restaurante-A-Sereia-300x201.webp\" data-width=\"300\" data-height=\"201\" aria-label=\"Restaurante La Sereia\" role=\"img\" ><\/div>\n\t\t\t\t\t\t\t\t\t\t\t<div class=\"elementor-gallery-item__overlay\"><\/div>\n\t\t\t\t\t\t\t\t\t\t\t\t\t\t<\/a>\n\t\t\t\t\t\t\t<a class=\"e-gallery-item elementor-gallery-item elementor-animated-content\" href=\"https:\/\/hotelnacionalriodejaneiro.com\/wp-content\/uploads\/2024\/06\/Restaurante-A-Sereia4.webp\" data-elementor-open-lightbox=\"yes\" data-elementor-lightbox-slideshow=\"00c0df3\" data-elementor-lightbox-title=\"Restaurante La Sereia\" data-e-action-hash=\"#elementor-action%3Aaction%3Dlightbox%26settings%3DeyJpZCI6OTQ4MSwidXJsIjoiaHR0cHM6XC9cL2hvdGVsbmFjaW9uYWxyaW9kZWphbmVpcm8uY29tXC93cC1jb250ZW50XC91cGxvYWRzXC8yMDI0XC8wNlwvUmVzdGF1cmFudGUtQS1TZXJlaWE0LndlYnAiLCJzbGlkZXNob3ciOiIwMGMwZGYzIn0%3D\">\n\t\t\t\t\t<div class=\"e-gallery-image elementor-gallery-item__image\" data-thumbnail=\"https:\/\/hotelnacionalriodejaneiro.com\/wp-content\/uploads\/2024\/06\/Restaurante-A-Sereia4-300x201.webp\" data-width=\"300\" data-height=\"201\" aria-label=\"Restaurante La Sereia\" role=\"img\" ><\/div>\n\t\t\t\t\t\t\t\t\t\t\t<div class=\"elementor-gallery-item__overlay\"><\/div>\n\t\t\t\t\t\t\t\t\t\t\t\t\t\t<\/a>\n\t\t\t\t\t<\/div>\n\t\t\t\t\t<\/div>\n\t\t\t\t<\/div>\n\t\t\t\t<\/div>\n\t\t\t\t\t<\/div>\n\t\t\t\t<\/div>\n\t\t<div class=\"elementor-element elementor-element-bab568e e-flex e-con-boxed e-con e-parent\" data-id=\"bab568e\" data-element_type=\"container\">\n\t\t\t\t\t<div class=\"e-con-inner\">\n\t\t\t\t<div class=\"elementor-element elementor-element-0c33d23 elementor-widget__width-initial elementor-invisible elementor-widget elementor-widget-heading\" data-id=\"0c33d23\" data-element_type=\"widget\" data-settings=\"{&quot;_animation&quot;:&quot;fadeIn&quot;}\" data-widget_type=\"heading.default\">\n\t\t\t\t<div class=\"elementor-widget-container\">\n\t\t\t\t\t<h2 class=\"elementor-heading-title elementor-size-default\">Vea otras opciones gastron\u00f3micas<\/h2>\t\t\t\t<\/div>\n\t\t\t\t<\/div>\n\t\t<div class=\"elementor-element elementor-element-66d5e3e e-flex e-con-boxed e-con e-child\" data-id=\"66d5e3e\" data-element_type=\"container\">\n\t\t\t\t\t<div class=\"e-con-inner\">\n\t\t<div class=\"elementor-element elementor-element-5cd47fd e-con-full e-flex elementor-invisible e-con e-child\" data-id=\"5cd47fd\" data-element_type=\"container\" data-settings=\"{&quot;animation&quot;:&quot;fadeIn&quot;,&quot;animation_delay&quot;:&quot;1000&quot;}\">\n\t\t<a class=\"elementor-element elementor-element-4ccd1d9 e-con-full e-flex e-con e-child\" data-id=\"4ccd1d9\" data-element_type=\"container\" href=\"https:\/\/hotelnacionalriodejaneiro.com\/gastronomia\/restaurante-masi\/\">\n\t\t\t\t<div class=\"elementor-element elementor-element-a2558d6 elementor-widget elementor-widget-image\" data-id=\"a2558d6\" data-element_type=\"widget\" data-widget_type=\"image.default\">\n\t\t\t\t<div class=\"elementor-widget-container\">\n\t\t\t\t\t\t\t\t\t\t\t\t\t\t\t<img fetchpriority=\"high\" decoding=\"async\" width=\"1980\" height=\"1351\" src=\"https:\/\/hotelnacionalriodejaneiro.com\/wp-content\/uploads\/2024\/06\/MASI-Texto-3.webp\" class=\"attachment-full size-full wp-image-9472\" alt=\"\" srcset=\"https:\/\/hotelnacionalriodejaneiro.com\/wp-content\/uploads\/2024\/06\/MASI-Texto-3.webp 1980w, https:\/\/hotelnacionalriodejaneiro.com\/wp-content\/uploads\/2024\/06\/MASI-Texto-3-300x205.webp 300w, https:\/\/hotelnacionalriodejaneiro.com\/wp-content\/uploads\/2024\/06\/MASI-Texto-3-1024x699.webp 1024w, https:\/\/hotelnacionalriodejaneiro.com\/wp-content\/uploads\/2024\/06\/MASI-Texto-3-768x524.webp 768w, https:\/\/hotelnacionalriodejaneiro.com\/wp-content\/uploads\/2024\/06\/MASI-Texto-3-1536x1048.webp 1536w\" sizes=\"(max-width: 1980px) 100vw, 1980px\" \/>\t\t\t\t\t\t\t\t\t\t\t\t\t\t\t<\/div>\n\t\t\t\t<\/div>\n\t\t\t\t<\/a>\n\t\t<div class=\"elementor-element elementor-element-26ad933 e-con-full e-flex e-con e-child\" data-id=\"26ad933\" data-element_type=\"container\">\n\t\t\t\t<div class=\"elementor-element elementor-element-4ea196e elementor-widget elementor-widget-heading\" data-id=\"4ea196e\" data-element_type=\"widget\" data-widget_type=\"heading.default\">\n\t\t\t\t<div class=\"elementor-widget-container\">\n\t\t\t\t\t<h6 class=\"elementor-heading-title elementor-size-default\">Restaurante MASI<\/h6>\t\t\t\t<\/div>\n\t\t\t\t<\/div>\n\t\t<div class=\"elementor-element elementor-element-8365c4b e-con-full e-flex e-con e-child\" data-id=\"8365c4b\" data-element_type=\"container\">\n\t\t\t\t<div class=\"elementor-element elementor-element-a9f5917 elementor-widget-mobile__width-inherit elementor-widget elementor-widget-jkit_button\" data-id=\"a9f5917\" data-element_type=\"widget\" data-widget_type=\"jkit_button.default\">\n\t\t\t\t<div class=\"elementor-widget-container\">\n\t\t\t\t\t<div  class=\"jeg-elementor-kit jkit-button  icon-position-before jeg_module__1_69e10ac3b6837\" ><a href=\"https:\/\/hotelnacionalriodejaneiro.com\/gastronomia\/restaurante-masi\/\" class=\"jkit-button-wrapper\">Ver detalles<\/a><\/div>\t\t\t\t<\/div>\n\t\t\t\t<\/div>\n\t\t\t\t<\/div>\n\t\t\t\t<\/div>\n\t\t\t\t<\/div>\n\t\t<div class=\"elementor-element elementor-element-e598cda e-con-full e-flex elementor-invisible e-con e-child\" data-id=\"e598cda\" data-element_type=\"container\" data-settings=\"{&quot;animation&quot;:&quot;fadeIn&quot;,&quot;animation_delay&quot;:&quot;1000&quot;}\">\n\t\t<a class=\"elementor-element elementor-element-02be729 e-con-full e-flex e-con e-child\" data-id=\"02be729\" data-element_type=\"container\" href=\"https:\/\/hotelnacionalriodejaneiro.com\/gastronomia\/lounge-bar-carybe\/\">\n\t\t\t\t<div class=\"elementor-element elementor-element-cbe36e5 elementor-widget elementor-widget-image\" data-id=\"cbe36e5\" data-element_type=\"widget\" data-widget_type=\"image.default\">\n\t\t\t\t<div class=\"elementor-widget-container\">\n\t\t\t\t\t\t\t\t\t\t\t\t\t\t\t<img decoding=\"async\" width=\"1920\" height=\"1645\" src=\"https:\/\/hotelnacionalriodejaneiro.com\/wp-content\/uploads\/2024\/06\/Lounge-Bar-Opcao.webp\" class=\"attachment-full size-full wp-image-9471\" alt=\"Lounge Bar Caryb\u00e9\" srcset=\"https:\/\/hotelnacionalriodejaneiro.com\/wp-content\/uploads\/2024\/06\/Lounge-Bar-Opcao.webp 1920w, https:\/\/hotelnacionalriodejaneiro.com\/wp-content\/uploads\/2024\/06\/Lounge-Bar-Opcao-300x257.webp 300w, https:\/\/hotelnacionalriodejaneiro.com\/wp-content\/uploads\/2024\/06\/Lounge-Bar-Opcao-1024x877.webp 1024w, https:\/\/hotelnacionalriodejaneiro.com\/wp-content\/uploads\/2024\/06\/Lounge-Bar-Opcao-768x658.webp 768w, https:\/\/hotelnacionalriodejaneiro.com\/wp-content\/uploads\/2024\/06\/Lounge-Bar-Opcao-1536x1316.webp 1536w\" sizes=\"(max-width: 1920px) 100vw, 1920px\" \/>\t\t\t\t\t\t\t\t\t\t\t\t\t\t\t<\/div>\n\t\t\t\t<\/div>\n\t\t\t\t<\/a>\n\t\t<div class=\"elementor-element elementor-element-6a03fb4 e-con-full e-flex e-con e-child\" data-id=\"6a03fb4\" data-element_type=\"container\">\n\t\t\t\t<div class=\"elementor-element elementor-element-a6ab260 elementor-widget elementor-widget-heading\" data-id=\"a6ab260\" data-element_type=\"widget\" data-widget_type=\"heading.default\">\n\t\t\t\t<div class=\"elementor-widget-container\">\n\t\t\t\t\t<h6 class=\"elementor-heading-title elementor-size-default\">Lounge Bar CARYB\u00c9<\/h6>\t\t\t\t<\/div>\n\t\t\t\t<\/div>\n\t\t<div class=\"elementor-element elementor-element-fb13b26 e-con-full e-flex e-con e-child\" data-id=\"fb13b26\" data-element_type=\"container\">\n\t\t\t\t<div class=\"elementor-element elementor-element-0508c6b elementor-widget-mobile__width-inherit elementor-widget elementor-widget-jkit_button\" data-id=\"0508c6b\" data-element_type=\"widget\" data-widget_type=\"jkit_button.default\">\n\t\t\t\t<div class=\"elementor-widget-container\">\n\t\t\t\t\t<div  class=\"jeg-elementor-kit jkit-button  icon-position-before jeg_module__2_69e10ac3b7a7d\" ><a href=\"https:\/\/hotelnacionalriodejaneiro.com\/gastronomia\/lounge-bar-carybe\/\" class=\"jkit-button-wrapper\">Ver detalles<\/a><\/div>\t\t\t\t<\/div>\n\t\t\t\t<\/div>\n\t\t\t\t<\/div>\n\t\t\t\t<\/div>\n\t\t\t\t<\/div>\n\t\t\t\t\t<\/div>\n\t\t\t\t<\/div>\n\t\t\t\t\t<\/div>\n\t\t\t\t<\/div>\n\t\t\t\t<\/div>\n\t\t","protected":false},"excerpt":{"rendered":"<p>Restaurante A SEREIA Un aut\u00e9ntico y sensorial viaje gastron\u00f3mico Restaurante La Sereia Su men\u00fa privilegia toda la variedad de la cocina brasile\u00f1a y valora su regionalidad y explosi\u00f3n de sabores, caracter\u00edsticas de nuestro pa\u00eds. Como destaque, los s\u00e1bados, el restaurante ofrece la ya consagrada Feijoada Nacional, que traduce la informalidad y el alma carioca. Cuenta [&hellip;]<\/p>\n","protected":false},"author":5,"featured_media":9381,"parent":9475,"menu_order":0,"comment_status":"closed","ping_status":"closed","template":"elementor_header_footer","meta":{"footnotes":""},"class_list":["post-9482","page","type-page","status-publish","has-post-thumbnail","hentry"],"aioseo_notices":[],"_links":{"self":[{"href":"https:\/\/hotelnacionalriodejaneiro.com\/es\/wp-json\/wp\/v2\/pages\/9482","targetHints":{"allow":["GET"]}}],"collection":[{"href":"https:\/\/hotelnacionalriodejaneiro.com\/es\/wp-json\/wp\/v2\/pages"}],"about":[{"href":"https:\/\/hotelnacionalriodejaneiro.com\/es\/wp-json\/wp\/v2\/types\/page"}],"author":[{"embeddable":true,"href":"https:\/\/hotelnacionalriodejaneiro.com\/es\/wp-json\/wp\/v2\/users\/5"}],"replies":[{"embeddable":true,"href":"https:\/\/hotelnacionalriodejaneiro.com\/es\/wp-json\/wp\/v2\/comments?post=9482"}],"version-history":[{"count":1,"href":"https:\/\/hotelnacionalriodejaneiro.com\/es\/wp-json\/wp\/v2\/pages\/9482\/revisions"}],"predecessor-version":[{"id":9483,"href":"https:\/\/hotelnacionalriodejaneiro.com\/es\/wp-json\/wp\/v2\/pages\/9482\/revisions\/9483"}],"up":[{"embeddable":true,"href":"https:\/\/hotelnacionalriodejaneiro.com\/es\/wp-json\/wp\/v2\/pages\/9475"}],"wp:featuredmedia":[{"embeddable":true,"href":"https:\/\/hotelnacionalriodejaneiro.com\/es\/wp-json\/wp\/v2\/media\/9381"}],"wp:attachment":[{"href":"https:\/\/hotelnacionalriodejaneiro.com\/es\/wp-json\/wp\/v2\/media?parent=9482"}],"curies":[{"name":"wp","href":"https:\/\/api.w.org\/{rel}","templated":true}]}}