{"id":9475,"date":"2024-05-20T12:34:18","date_gmt":"2024-05-20T15:34:18","guid":{"rendered":"https:\/\/hotelnacionalriodejaneiro.com\/gastronomia\/"},"modified":"2026-03-03T17:01:34","modified_gmt":"2026-03-03T20:01:34","slug":"gastronomia","status":"publish","type":"page","link":"https:\/\/hotelnacionalriodejaneiro.com\/es\/gastronomia\/","title":{"rendered":"Gastronom\u00eda"},"content":{"rendered":"\t\t<div data-elementor-type=\"wp-page\" data-elementor-id=\"9475\" class=\"elementor elementor-9475 elementor-171\" data-elementor-post-type=\"page\">\n\t\t\t\t<div class=\"elementor-element elementor-element-a13bcb1 e-flex e-con-boxed e-con e-parent\" data-id=\"a13bcb1\" data-element_type=\"container\" data-settings=\"{&quot;background_background&quot;:&quot;slideshow&quot;,&quot;background_slideshow_ken_burns&quot;:&quot;yes&quot;,&quot;background_slideshow_gallery&quot;:[{&quot;id&quot;:9473,&quot;url&quot;:&quot;https:\\\/\\\/hotelnacionalriodejaneiro.com\\\/wp-content\\\/uploads\\\/2024\\\/06\\\/Header-Restaurante-A-Sereia.webp&quot;},{&quot;id&quot;:9474,&quot;url&quot;:&quot;https:\\\/\\\/hotelnacionalriodejaneiro.com\\\/wp-content\\\/uploads\\\/2024\\\/06\\\/LoungeBar-Header-opcao2.webp&quot;},{&quot;id&quot;:9382,&quot;url&quot;:&quot;https:\\\/\\\/hotelnacionalriodejaneiro.com\\\/wp-content\\\/uploads\\\/2024\\\/06\\\/MASI-Header.webp&quot;}],&quot;background_slideshow_loop&quot;:&quot;yes&quot;,&quot;background_slideshow_slide_duration&quot;:5000,&quot;background_slideshow_slide_transition&quot;:&quot;fade&quot;,&quot;background_slideshow_transition_duration&quot;:500,&quot;background_slideshow_ken_burns_zoom_direction&quot;:&quot;in&quot;}\">\n\t\t\t\t\t<div class=\"e-con-inner\">\n\t\t<div class=\"elementor-element elementor-element-a6608c4 e-con-full e-flex e-con e-child\" data-id=\"a6608c4\" data-element_type=\"container\">\n\t\t\t\t<div class=\"elementor-element elementor-element-7b8eea3 elementor-widget__width-inherit elementor-widget-mobile__width-inherit elementor-invisible elementor-widget elementor-widget-heading\" data-id=\"7b8eea3\" data-element_type=\"widget\" data-settings=\"{&quot;_animation&quot;:&quot;fadeIn&quot;}\" data-widget_type=\"heading.default\">\n\t\t\t\t<div class=\"elementor-widget-container\">\n\t\t\t\t\t<h1 class=\"elementor-heading-title elementor-size-default\">Gastronom\u00eda<\/h1>\t\t\t\t<\/div>\n\t\t\t\t<\/div>\n\t\t\t\t<div class=\"elementor-element elementor-element-5b009d0 elementor-widget__width-inherit elementor-widget-mobile__width-inherit elementor-invisible elementor-widget elementor-widget-heading\" data-id=\"5b009d0\" data-element_type=\"widget\" data-settings=\"{&quot;_animation&quot;:&quot;fadeIn&quot;}\" data-widget_type=\"heading.default\">\n\t\t\t\t<div class=\"elementor-widget-container\">\n\t\t\t\t\t<h2 class=\"elementor-heading-title elementor-size-default\">Viva momentos inolvidables en nuestros restaurantes y bares, con men\u00fas que exaltan lo mejor de la gastronom\u00eda.<\/h2>\t\t\t\t<\/div>\n\t\t\t\t<\/div>\n\t\t\t\t<\/div>\n\t\t\t\t\t<\/div>\n\t\t\t\t<\/div>\n\t\t<div class=\"elementor-element elementor-element-99cce3f e-flex e-con-boxed e-con e-parent\" data-id=\"99cce3f\" data-element_type=\"container\">\n\t\t\t\t\t<div class=\"e-con-inner\">\n\t\t\t\t<div class=\"elementor-element elementor-element-987fad4 elementor-widget__width-initial elementor-invisible elementor-widget elementor-widget-heading\" data-id=\"987fad4\" data-element_type=\"widget\" data-settings=\"{&quot;_animation&quot;:&quot;fadeIn&quot;}\" data-widget_type=\"heading.default\">\n\t\t\t\t<div class=\"elementor-widget-container\">\n\t\t\t\t\t<h2 class=\"elementor-heading-title elementor-size-default\">Conozca nuestras opciones gastron\u00f3micas<\/h2>\t\t\t\t<\/div>\n\t\t\t\t<\/div>\n\t\t\t\t<div class=\"elementor-element elementor-element-1db22d9 elementor-widget__width-initial elementor-invisible elementor-widget elementor-widget-heading\" data-id=\"1db22d9\" data-element_type=\"widget\" data-settings=\"{&quot;_animation&quot;:&quot;fadeIn&quot;}\" data-widget_type=\"heading.default\">\n\t\t\t\t<div class=\"elementor-widget-container\">\n\t\t\t\t\t<h2 class=\"elementor-heading-title elementor-size-default\">El Hotel Nacional le ofrece un viaje gastron\u00f3mico que combina sabores aut\u00e9nticos con la sofisticaci\u00f3n de la alta cocina.<\/h2>\t\t\t\t<\/div>\n\t\t\t\t<\/div>\n\t\t<div class=\"elementor-element elementor-element-6a3c02d e-flex e-con-boxed e-con e-child\" data-id=\"6a3c02d\" data-element_type=\"container\">\n\t\t\t\t\t<div class=\"e-con-inner\">\n\t\t<div class=\"elementor-element elementor-element-4000cf6 e-con-full e-flex elementor-invisible e-con e-child\" data-id=\"4000cf6\" data-element_type=\"container\" data-settings=\"{&quot;animation&quot;:&quot;fadeIn&quot;,&quot;animation_delay&quot;:&quot;1000&quot;}\">\n\t\t<a class=\"elementor-element elementor-element-95573b7 e-con-full e-flex e-con e-child\" data-id=\"95573b7\" data-element_type=\"container\" href=\"https:\/\/hotelnacionalriodejaneiro.com\/gastronomia\/restaurante-a-sereia\/\">\n\t\t\t\t<div class=\"elementor-element elementor-element-b27ba6c elementor-widget elementor-widget-image\" data-id=\"b27ba6c\" data-element_type=\"widget\" data-widget_type=\"image.default\">\n\t\t\t\t<div class=\"elementor-widget-container\">\n\t\t\t\t\t\t\t\t\t\t\t\t\t\t\t<img fetchpriority=\"high\" decoding=\"async\" width=\"1920\" height=\"1288\" src=\"https:\/\/hotelnacionalriodejaneiro.com\/wp-content\/uploads\/2024\/06\/Restaurante-A-Sereia2.webp\" class=\"attachment-full size-full wp-image-9381\" alt=\"Restaurante A Sereia - Gastronom\u00eda - Hotel Nacional Rio de Janeiro HNRJ\" srcset=\"https:\/\/hotelnacionalriodejaneiro.com\/wp-content\/uploads\/2024\/06\/Restaurante-A-Sereia2.webp 1920w, https:\/\/hotelnacionalriodejaneiro.com\/wp-content\/uploads\/2024\/06\/Restaurante-A-Sereia2-300x201.webp 300w, https:\/\/hotelnacionalriodejaneiro.com\/wp-content\/uploads\/2024\/06\/Restaurante-A-Sereia2-1024x687.webp 1024w, https:\/\/hotelnacionalriodejaneiro.com\/wp-content\/uploads\/2024\/06\/Restaurante-A-Sereia2-768x515.webp 768w, https:\/\/hotelnacionalriodejaneiro.com\/wp-content\/uploads\/2024\/06\/Restaurante-A-Sereia2-1536x1030.webp 1536w\" sizes=\"(max-width: 1920px) 100vw, 1920px\" \/>\t\t\t\t\t\t\t\t\t\t\t\t\t\t\t<\/div>\n\t\t\t\t<\/div>\n\t\t\t\t<\/a>\n\t\t<div class=\"elementor-element elementor-element-c8f163d e-con-full e-flex e-con e-child\" data-id=\"c8f163d\" data-element_type=\"container\">\n\t\t\t\t<div class=\"elementor-element elementor-element-67e7d83 elementor-widget elementor-widget-heading\" data-id=\"67e7d83\" data-element_type=\"widget\" data-widget_type=\"heading.default\">\n\t\t\t\t<div class=\"elementor-widget-container\">\n\t\t\t\t\t<h6 class=\"elementor-heading-title elementor-size-default\"><a href=\"https:\/\/hotelnacionalriodejaneiro.com\/gastronomia\/restaurante-a-sereia\/\">Restaurante A SEREIA<\/a><\/h6>\t\t\t\t<\/div>\n\t\t\t\t<\/div>\n\t\t\t\t<div class=\"elementor-element elementor-element-ab24f1e elementor-widget elementor-widget-text-editor\" data-id=\"ab24f1e\" data-element_type=\"widget\" data-widget_type=\"text-editor.default\">\n\t\t\t\t<div class=\"elementor-widget-container\">\n\t\t\t\t\t\t\t\t\t<p class=\"elementor-heading-title elementor-size-default\">Un aut\u00e9ntico y sensorial viaje gastron\u00f3mico<\/p>\t\t\t\t\t\t\t\t<\/div>\n\t\t\t\t<\/div>\n\t\t<div class=\"elementor-element elementor-element-2e4c870 e-con-full e-flex e-con e-child\" data-id=\"2e4c870\" data-element_type=\"container\">\n\t\t\t\t<div class=\"elementor-element elementor-element-963919b elementor-widget-mobile__width-inherit elementor-widget elementor-widget-jkit_button\" data-id=\"963919b\" data-element_type=\"widget\" data-widget_type=\"jkit_button.default\">\n\t\t\t\t<div class=\"elementor-widget-container\">\n\t\t\t\t\t<div  class=\"jeg-elementor-kit jkit-button  icon-position-before jeg_module___69e777c5f2fd4\" ><a href=\"https:\/\/hotelnacionalriodejaneiro.com\/gastronomia\/restaurante-a-sereia\/\" class=\"jkit-button-wrapper\">Ver detalles<\/a><\/div>\t\t\t\t<\/div>\n\t\t\t\t<\/div>\n\t\t\t\t<\/div>\n\t\t\t\t<\/div>\n\t\t\t\t<\/div>\n\t\t<div class=\"elementor-element elementor-element-5b9efe6 e-con-full e-flex elementor-invisible e-con e-child\" data-id=\"5b9efe6\" data-element_type=\"container\" data-settings=\"{&quot;animation&quot;:&quot;fadeIn&quot;,&quot;animation_delay&quot;:&quot;1000&quot;}\">\n\t\t<a class=\"elementor-element elementor-element-fd5df86 e-con-full e-flex e-con e-child\" data-id=\"fd5df86\" data-element_type=\"container\" href=\"https:\/\/hotelnacionalriodejaneiro.com\/gastronomia\/lounge-bar-carybe\/\">\n\t\t\t\t<div class=\"elementor-element elementor-element-e78bf28 elementor-widget elementor-widget-image\" data-id=\"e78bf28\" data-element_type=\"widget\" data-widget_type=\"image.default\">\n\t\t\t\t<div class=\"elementor-widget-container\">\n\t\t\t\t\t\t\t\t\t\t\t\t\t\t\t<img decoding=\"async\" width=\"1920\" height=\"1645\" src=\"https:\/\/hotelnacionalriodejaneiro.com\/wp-content\/uploads\/2024\/06\/Lounge-Bar-Opcao.webp\" class=\"attachment-full size-full wp-image-9471\" alt=\"Lounge Bar Caryb\u00e9\" srcset=\"https:\/\/hotelnacionalriodejaneiro.com\/wp-content\/uploads\/2024\/06\/Lounge-Bar-Opcao.webp 1920w, https:\/\/hotelnacionalriodejaneiro.com\/wp-content\/uploads\/2024\/06\/Lounge-Bar-Opcao-300x257.webp 300w, https:\/\/hotelnacionalriodejaneiro.com\/wp-content\/uploads\/2024\/06\/Lounge-Bar-Opcao-1024x877.webp 1024w, https:\/\/hotelnacionalriodejaneiro.com\/wp-content\/uploads\/2024\/06\/Lounge-Bar-Opcao-768x658.webp 768w, https:\/\/hotelnacionalriodejaneiro.com\/wp-content\/uploads\/2024\/06\/Lounge-Bar-Opcao-1536x1316.webp 1536w\" sizes=\"(max-width: 1920px) 100vw, 1920px\" \/>\t\t\t\t\t\t\t\t\t\t\t\t\t\t\t<\/div>\n\t\t\t\t<\/div>\n\t\t\t\t<\/a>\n\t\t<div class=\"elementor-element elementor-element-12ae0c1 e-con-full e-flex e-con e-child\" data-id=\"12ae0c1\" data-element_type=\"container\">\n\t\t\t\t<div class=\"elementor-element elementor-element-8a7da8f elementor-widget elementor-widget-heading\" data-id=\"8a7da8f\" data-element_type=\"widget\" data-widget_type=\"heading.default\">\n\t\t\t\t<div class=\"elementor-widget-container\">\n\t\t\t\t\t<h6 class=\"elementor-heading-title elementor-size-default\"><a href=\"https:\/\/hotelnacionalriodejaneiro.com\/gastronomia\/lounge-bar-carybe\/\">Lounge Bar CARYB\u00c9<\/a><\/h6>\t\t\t\t<\/div>\n\t\t\t\t<\/div>\n\t\t\t\t<div class=\"elementor-element elementor-element-55ee14e elementor-widget elementor-widget-text-editor\" data-id=\"55ee14e\" data-element_type=\"widget\" data-widget_type=\"text-editor.default\">\n\t\t\t\t<div class=\"elementor-widget-container\">\n\t\t\t\t\t\t\t\t\t<p class=\"elementor-heading-title elementor-size-default\">El arte de ofrecer c\u00f3cteles ic\u00f3nicos<\/p>\t\t\t\t\t\t\t\t<\/div>\n\t\t\t\t<\/div>\n\t\t<div class=\"elementor-element elementor-element-4fdc13a e-con-full e-flex e-con e-child\" data-id=\"4fdc13a\" data-element_type=\"container\">\n\t\t\t\t<div class=\"elementor-element elementor-element-b8d068f elementor-widget-mobile__width-inherit elementor-widget elementor-widget-jkit_button\" data-id=\"b8d068f\" data-element_type=\"widget\" data-widget_type=\"jkit_button.default\">\n\t\t\t\t<div class=\"elementor-widget-container\">\n\t\t\t\t\t<div  class=\"jeg-elementor-kit jkit-button  icon-position-before jeg_module__1_69e777c600269\" ><a href=\"https:\/\/hotelnacionalriodejaneiro.com\/gastronomia\/lounge-bar-carybe\/\" class=\"jkit-button-wrapper\">Ver detalles<\/a><\/div>\t\t\t\t<\/div>\n\t\t\t\t<\/div>\n\t\t\t\t<\/div>\n\t\t\t\t<\/div>\n\t\t\t\t<\/div>\n\t\t<div class=\"elementor-element elementor-element-bb07800 e-con-full e-flex elementor-invisible e-con e-child\" data-id=\"bb07800\" data-element_type=\"container\" data-settings=\"{&quot;animation&quot;:&quot;fadeIn&quot;,&quot;animation_delay&quot;:&quot;1000&quot;}\">\n\t\t<a class=\"elementor-element elementor-element-df08dde e-con-full e-flex e-con e-child\" data-id=\"df08dde\" data-element_type=\"container\" href=\"https:\/\/hotelnacionalriodejaneiro.com\/gastronomia\/restaurante-masi\/\">\n\t\t\t\t<div class=\"elementor-element elementor-element-2890109 elementor-widget elementor-widget-image\" data-id=\"2890109\" data-element_type=\"widget\" data-widget_type=\"image.default\">\n\t\t\t\t<div class=\"elementor-widget-container\">\n\t\t\t\t\t\t\t\t\t\t\t\t\t\t\t<img decoding=\"async\" width=\"1980\" height=\"1351\" src=\"https:\/\/hotelnacionalriodejaneiro.com\/wp-content\/uploads\/2024\/06\/MASI-Texto-3.webp\" class=\"attachment-full size-full wp-image-9472\" alt=\"\" srcset=\"https:\/\/hotelnacionalriodejaneiro.com\/wp-content\/uploads\/2024\/06\/MASI-Texto-3.webp 1980w, https:\/\/hotelnacionalriodejaneiro.com\/wp-content\/uploads\/2024\/06\/MASI-Texto-3-300x205.webp 300w, https:\/\/hotelnacionalriodejaneiro.com\/wp-content\/uploads\/2024\/06\/MASI-Texto-3-1024x699.webp 1024w, https:\/\/hotelnacionalriodejaneiro.com\/wp-content\/uploads\/2024\/06\/MASI-Texto-3-768x524.webp 768w, https:\/\/hotelnacionalriodejaneiro.com\/wp-content\/uploads\/2024\/06\/MASI-Texto-3-1536x1048.webp 1536w\" sizes=\"(max-width: 1980px) 100vw, 1980px\" \/>\t\t\t\t\t\t\t\t\t\t\t\t\t\t\t<\/div>\n\t\t\t\t<\/div>\n\t\t\t\t<\/a>\n\t\t<div class=\"elementor-element elementor-element-15c977c e-con-full e-flex e-con e-child\" data-id=\"15c977c\" data-element_type=\"container\">\n\t\t\t\t<div class=\"elementor-element elementor-element-2b67142 elementor-widget elementor-widget-heading\" data-id=\"2b67142\" data-element_type=\"widget\" data-widget_type=\"heading.default\">\n\t\t\t\t<div class=\"elementor-widget-container\">\n\t\t\t\t\t<h6 class=\"elementor-heading-title elementor-size-default\"><a href=\"https:\/\/hotelnacionalriodejaneiro.com\/gastronomia\/restaurante-masi\/\">Restaurante MASI<\/a><\/h6>\t\t\t\t<\/div>\n\t\t\t\t<\/div>\n\t\t\t\t<div class=\"elementor-element elementor-element-434f9a5 elementor-widget elementor-widget-text-editor\" data-id=\"434f9a5\" data-element_type=\"widget\" data-widget_type=\"text-editor.default\">\n\t\t\t\t<div class=\"elementor-widget-container\">\n\t\t\t\t\t\t\t\t\t<p class=\"elementor-heading-title elementor-size-default\">Una fusi\u00f3n innovadora de cocina japonesa y mediterr\u00e1nea<\/p>\t\t\t\t\t\t\t\t<\/div>\n\t\t\t\t<\/div>\n\t\t<div class=\"elementor-element elementor-element-d23ddfd e-con-full e-flex e-con e-child\" data-id=\"d23ddfd\" data-element_type=\"container\">\n\t\t\t\t<div class=\"elementor-element elementor-element-797c990 elementor-widget-mobile__width-inherit elementor-widget elementor-widget-jkit_button\" data-id=\"797c990\" data-element_type=\"widget\" data-widget_type=\"jkit_button.default\">\n\t\t\t\t<div class=\"elementor-widget-container\">\n\t\t\t\t\t<div  class=\"jeg-elementor-kit jkit-button  icon-position-before jeg_module__2_69e777c6016f3\" ><a href=\"https:\/\/hotelnacionalriodejaneiro.com\/gastronomia\/restaurante-masi\/\" class=\"jkit-button-wrapper\">Ver detalles<\/a><\/div>\t\t\t\t<\/div>\n\t\t\t\t<\/div>\n\t\t\t\t<\/div>\n\t\t\t\t<\/div>\n\t\t\t\t<\/div>\n\t\t\t\t\t<\/div>\n\t\t\t\t<\/div>\n\t\t\t\t\t<\/div>\n\t\t\t\t<\/div>\n\t\t\t\t<\/div>\n\t\t","protected":false},"excerpt":{"rendered":"<p>Gastronom\u00eda Viva momentos inolvidables en nuestros restaurantes y bares, con men\u00fas que exaltan lo mejor de la gastronom\u00eda. Conozca nuestras opciones gastron\u00f3micas El Hotel Nacional le ofrece un viaje gastron\u00f3mico que combina sabores aut\u00e9nticos con la sofisticaci\u00f3n de la alta cocina. Restaurante A SEREIA Un aut\u00e9ntico y sensorial viaje gastron\u00f3mico Ver detalles Lounge Bar CARYB\u00c9 [&hellip;]<\/p>\n","protected":false},"author":5,"featured_media":9338,"parent":0,"menu_order":0,"comment_status":"closed","ping_status":"closed","template":"elementor_header_footer","meta":{"footnotes":""},"class_list":["post-9475","page","type-page","status-publish","has-post-thumbnail","hentry"],"aioseo_notices":[],"_links":{"self":[{"href":"https:\/\/hotelnacionalriodejaneiro.com\/es\/wp-json\/wp\/v2\/pages\/9475","targetHints":{"allow":["GET"]}}],"collection":[{"href":"https:\/\/hotelnacionalriodejaneiro.com\/es\/wp-json\/wp\/v2\/pages"}],"about":[{"href":"https:\/\/hotelnacionalriodejaneiro.com\/es\/wp-json\/wp\/v2\/types\/page"}],"author":[{"embeddable":true,"href":"https:\/\/hotelnacionalriodejaneiro.com\/es\/wp-json\/wp\/v2\/users\/5"}],"replies":[{"embeddable":true,"href":"https:\/\/hotelnacionalriodejaneiro.com\/es\/wp-json\/wp\/v2\/comments?post=9475"}],"version-history":[{"count":1,"href":"https:\/\/hotelnacionalriodejaneiro.com\/es\/wp-json\/wp\/v2\/pages\/9475\/revisions"}],"predecessor-version":[{"id":9476,"href":"https:\/\/hotelnacionalriodejaneiro.com\/es\/wp-json\/wp\/v2\/pages\/9475\/revisions\/9476"}],"wp:featuredmedia":[{"embeddable":true,"href":"https:\/\/hotelnacionalriodejaneiro.com\/es\/wp-json\/wp\/v2\/media\/9338"}],"wp:attachment":[{"href":"https:\/\/hotelnacionalriodejaneiro.com\/es\/wp-json\/wp\/v2\/media?parent=9475"}],"curies":[{"name":"wp","href":"https:\/\/api.w.org\/{rel}","templated":true}]}}