{"id":10026,"date":"2024-06-03T23:45:25","date_gmt":"2024-06-04T02:45:25","guid":{"rendered":"https:\/\/hotelnacionalriodejaneiro.com\/gastronomy\/lounge-bar-carybe\/"},"modified":"2026-03-06T15:27:54","modified_gmt":"2026-03-06T18:27:54","slug":"lounge-bar-carybe","status":"publish","type":"page","link":"https:\/\/hotelnacionalriodejaneiro.com\/en\/gastronomy\/lounge-bar-carybe\/","title":{"rendered":"Lounge Bar Caryb\u00e9"},"content":{"rendered":"\t\t<div data-elementor-type=\"wp-page\" data-elementor-id=\"10026\" class=\"elementor elementor-10026 elementor-1669\" data-elementor-post-type=\"page\">\n\t\t\t\t<div class=\"elementor-element elementor-element-8fb485e e-flex e-con-boxed e-con e-parent\" data-id=\"8fb485e\" data-element_type=\"container\" data-settings=\"{&quot;background_background&quot;:&quot;slideshow&quot;,&quot;background_slideshow_ken_burns&quot;:&quot;yes&quot;,&quot;background_slideshow_gallery&quot;:[{&quot;id&quot;:10020,&quot;url&quot;:&quot;https:\\\/\\\/hotelnacionalriodejaneiro.com\\\/wp-content\\\/uploads\\\/2024\\\/06\\\/LoungeBar-Header-opcao3.webp&quot;},{&quot;id&quot;:10021,&quot;url&quot;:&quot;https:\\\/\\\/hotelnacionalriodejaneiro.com\\\/wp-content\\\/uploads\\\/2024\\\/06\\\/Painel-Carybe-2.webp&quot;},{&quot;id&quot;:10022,&quot;url&quot;:&quot;https:\\\/\\\/hotelnacionalriodejaneiro.com\\\/wp-content\\\/uploads\\\/2024\\\/06\\\/Lounge-Bar-Texto.webp&quot;},{&quot;id&quot;:10023,&quot;url&quot;:&quot;https:\\\/\\\/hotelnacionalriodejaneiro.com\\\/wp-content\\\/uploads\\\/2024\\\/06\\\/LoungeBar-Header-opcao1.webp&quot;}],&quot;background_slideshow_loop&quot;:&quot;yes&quot;,&quot;background_slideshow_slide_duration&quot;:5000,&quot;background_slideshow_slide_transition&quot;:&quot;fade&quot;,&quot;background_slideshow_transition_duration&quot;:500,&quot;background_slideshow_ken_burns_zoom_direction&quot;:&quot;in&quot;}\">\n\t\t\t\t\t<div class=\"e-con-inner\">\n\t\t\t\t<div class=\"elementor-element elementor-element-b940441 elementor-widget__width-inherit elementor-widget-mobile__width-inherit elementor-invisible elementor-widget elementor-widget-heading\" data-id=\"b940441\" data-element_type=\"widget\" data-settings=\"{&quot;_animation&quot;:&quot;fadeIn&quot;}\" data-widget_type=\"heading.default\">\n\t\t\t\t<div class=\"elementor-widget-container\">\n\t\t\t\t\t<h1 class=\"elementor-heading-title elementor-size-default\">Lounge Bar<\/h1>\t\t\t\t<\/div>\n\t\t\t\t<\/div>\n\t\t\t\t<div class=\"elementor-element elementor-element-4fa8788 elementor-widget__width-inherit elementor-widget-mobile__width-inherit elementor-invisible elementor-widget elementor-widget-heading\" data-id=\"4fa8788\" data-element_type=\"widget\" data-settings=\"{&quot;_animation&quot;:&quot;fadeIn&quot;}\" data-widget_type=\"heading.default\">\n\t\t\t\t<div class=\"elementor-widget-container\">\n\t\t\t\t\t<h1 class=\"elementor-heading-title elementor-size-default\">Caryb\u00e9<\/h1>\t\t\t\t<\/div>\n\t\t\t\t<\/div>\n\t\t\t\t<div class=\"elementor-element elementor-element-d30a0ca elementor-widget__width-inherit elementor-widget-mobile__width-inherit elementor-invisible elementor-widget elementor-widget-heading\" data-id=\"d30a0ca\" data-element_type=\"widget\" data-settings=\"{&quot;_animation&quot;:&quot;fadeIn&quot;}\" data-widget_type=\"heading.default\">\n\t\t\t\t<div class=\"elementor-widget-container\">\n\t\t\t\t\t<h2 class=\"elementor-heading-title elementor-size-default\">The art of serving iconic drinks.<\/h2>\t\t\t\t<\/div>\n\t\t\t\t<\/div>\n\t\t\t\t\t<\/div>\n\t\t\t\t<\/div>\n\t\t<div class=\"elementor-element elementor-element-3363211 e-flex e-con-boxed e-con e-child\" data-id=\"3363211\" data-element_type=\"container\">\n\t\t\t\t\t<div class=\"e-con-inner\">\n\t\t<div class=\"elementor-element elementor-element-65fe587 e-con-full e-flex e-con e-child\" data-id=\"65fe587\" data-element_type=\"container\">\n\t\t\t\t<div class=\"elementor-element elementor-element-f153b34 elementor-invisible elementor-widget elementor-widget-heading\" data-id=\"f153b34\" data-element_type=\"widget\" data-settings=\"{&quot;_animation&quot;:&quot;fadeIn&quot;}\" data-widget_type=\"heading.default\">\n\t\t\t\t<div class=\"elementor-widget-container\">\n\t\t\t\t\t<h2 class=\"elementor-heading-title elementor-size-default\">Caryb\u00e9 Lounge Bar<\/h2>\t\t\t\t<\/div>\n\t\t\t\t<\/div>\n\t\t\t\t<div class=\"elementor-element elementor-element-d8e0709 elementor-invisible elementor-widget elementor-widget-text-editor\" data-id=\"d8e0709\" data-element_type=\"widget\" data-settings=\"{&quot;_animation&quot;:&quot;fadeIn&quot;,&quot;_animation_delay&quot;:&quot;200&quot;}\" data-widget_type=\"text-editor.default\">\n\t\t\t\t<div class=\"elementor-widget-container\">\n\t\t\t\t\t\t\t\t\t<p data-pm-slice=\"1 1 []\">With an atmosphere that combines art and refinement, the space pays homage to the renowned artist Caryb\u00e9, with his immense mural as a backdrop. It features an exclusive selection of signature drinks, created by award-winning bartender Wanderson Guedes, as well as award-winning wines and refined spirits, accompanied by gourmet appetizers. <\/p><p>A perfect retreat for gatherings and small special celebrations.<\/p>\t\t\t\t\t\t\t\t<\/div>\n\t\t\t\t<\/div>\n\t\t\t\t<div class=\"elementor-element elementor-element-c0a21ee elementor-widget-mobile__width-inherit elementor-invisible elementor-widget elementor-widget-jkit_button\" data-id=\"c0a21ee\" data-element_type=\"widget\" data-settings=\"{&quot;_animation&quot;:&quot;fadeIn&quot;,&quot;_animation_delay&quot;:&quot;600&quot;}\" data-widget_type=\"jkit_button.default\">\n\t\t\t\t<div class=\"elementor-widget-container\">\n\t\t\t\t\t<div  class=\"jeg-elementor-kit jkit-button  icon-position-before jeg_module___69e1387ee89e8\" ><a href=\"https:\/\/book.omnibees.com\/chain\/9531?lang=pt-BR&#038;currencyId=16&#038;version=4\" class=\"jkit-button-wrapper\">Make your reservation.<\/a><\/div>\t\t\t\t<\/div>\n\t\t\t\t<\/div>\n\t\t\t\t<\/div>\n\t\t<div class=\"elementor-element elementor-element-4dd030d e-con-full e-flex e-con e-child\" data-id=\"4dd030d\" data-element_type=\"container\">\n\t\t\t\t<div class=\"elementor-element elementor-element-21d5732 elementor-widget elementor-widget-gallery\" data-id=\"21d5732\" data-element_type=\"widget\" data-settings=\"{&quot;columns&quot;:2,&quot;columns_mobile&quot;:2,&quot;lazyload&quot;:&quot;yes&quot;,&quot;gallery_layout&quot;:&quot;grid&quot;,&quot;columns_tablet&quot;:2,&quot;gap&quot;:{&quot;unit&quot;:&quot;px&quot;,&quot;size&quot;:10,&quot;sizes&quot;:[]},&quot;gap_tablet&quot;:{&quot;unit&quot;:&quot;px&quot;,&quot;size&quot;:10,&quot;sizes&quot;:[]},&quot;gap_mobile&quot;:{&quot;unit&quot;:&quot;px&quot;,&quot;size&quot;:10,&quot;sizes&quot;:[]},&quot;link_to&quot;:&quot;file&quot;,&quot;aspect_ratio&quot;:&quot;3:2&quot;,&quot;overlay_background&quot;:&quot;yes&quot;,&quot;content_hover_animation&quot;:&quot;fade-in&quot;}\" data-widget_type=\"gallery.default\">\n\t\t\t\t<div class=\"elementor-widget-container\">\n\t\t\t\t\t\t\t<div class=\"elementor-gallery__container\">\n\t\t\t\t\t\t\t<a class=\"e-gallery-item elementor-gallery-item elementor-animated-content\" href=\"https:\/\/hotelnacionalriodejaneiro.com\/wp-content\/uploads\/2024\/06\/Lounge-Bar-Texto-2.webp\" data-elementor-open-lightbox=\"yes\" data-elementor-lightbox-slideshow=\"21d5732\" data-elementor-lightbox-title=\"Lounge Bar Caryb\u00e9\" data-e-action-hash=\"#elementor-action%3Aaction%3Dlightbox%26settings%3DeyJpZCI6MTAwMjQsInVybCI6Imh0dHBzOlwvXC9ob3RlbG5hY2lvbmFscmlvZGVqYW5laXJvLmNvbVwvd3AtY29udGVudFwvdXBsb2Fkc1wvMjAyNFwvMDZcL0xvdW5nZS1CYXItVGV4dG8tMi53ZWJwIiwic2xpZGVzaG93IjoiMjFkNTczMiJ9\">\n\t\t\t\t\t<div class=\"e-gallery-image elementor-gallery-item__image\" data-thumbnail=\"https:\/\/hotelnacionalriodejaneiro.com\/wp-content\/uploads\/2024\/06\/Lounge-Bar-Texto-2.webp\" data-width=\"1920\" data-height=\"1288\" aria-label=\"Lounge Bar Caryb\u00e9\" role=\"img\" ><\/div>\n\t\t\t\t\t\t\t\t\t\t\t<div class=\"elementor-gallery-item__overlay\"><\/div>\n\t\t\t\t\t\t\t\t\t\t\t\t\t\t<\/a>\n\t\t\t\t\t\t\t<a class=\"e-gallery-item elementor-gallery-item elementor-animated-content\" href=\"https:\/\/hotelnacionalriodejaneiro.com\/wp-content\/uploads\/2024\/06\/Lounge-Bar-Opcao.webp\" data-elementor-open-lightbox=\"yes\" data-elementor-lightbox-slideshow=\"21d5732\" data-elementor-lightbox-title=\"Lounge Bar Caryb\u00e9\" data-e-action-hash=\"#elementor-action%3Aaction%3Dlightbox%26settings%3DeyJpZCI6MTAwMDYsInVybCI6Imh0dHBzOlwvXC9ob3RlbG5hY2lvbmFscmlvZGVqYW5laXJvLmNvbVwvd3AtY29udGVudFwvdXBsb2Fkc1wvMjAyNFwvMDZcL0xvdW5nZS1CYXItT3BjYW8ud2VicCIsInNsaWRlc2hvdyI6IjIxZDU3MzIifQ%3D%3D\">\n\t\t\t\t\t<div class=\"e-gallery-image elementor-gallery-item__image\" data-thumbnail=\"https:\/\/hotelnacionalriodejaneiro.com\/wp-content\/uploads\/2024\/06\/Lounge-Bar-Opcao.webp\" data-width=\"1920\" data-height=\"1645\" aria-label=\"Lounge Bar Caryb\u00e9\" role=\"img\" ><\/div>\n\t\t\t\t\t\t\t\t\t\t\t<div class=\"elementor-gallery-item__overlay\"><\/div>\n\t\t\t\t\t\t\t\t\t\t\t\t\t\t<\/a>\n\t\t\t\t\t\t\t<a class=\"e-gallery-item elementor-gallery-item elementor-animated-content\" href=\"https:\/\/hotelnacionalriodejaneiro.com\/wp-content\/uploads\/2024\/06\/Lounge-Bar-Texto-1.webp\" data-elementor-open-lightbox=\"yes\" data-elementor-lightbox-slideshow=\"21d5732\" data-elementor-lightbox-title=\"Lounge Bar Caryb\u00e9\" data-e-action-hash=\"#elementor-action%3Aaction%3Dlightbox%26settings%3DeyJpZCI6MTAwMjUsInVybCI6Imh0dHBzOlwvXC9ob3RlbG5hY2lvbmFscmlvZGVqYW5laXJvLmNvbVwvd3AtY29udGVudFwvdXBsb2Fkc1wvMjAyNFwvMDZcL0xvdW5nZS1CYXItVGV4dG8tMS53ZWJwIiwic2xpZGVzaG93IjoiMjFkNTczMiJ9\">\n\t\t\t\t\t<div class=\"e-gallery-image elementor-gallery-item__image\" data-thumbnail=\"https:\/\/hotelnacionalriodejaneiro.com\/wp-content\/uploads\/2024\/06\/Lounge-Bar-Texto-1.webp\" data-width=\"1920\" data-height=\"1288\" aria-label=\"Lounge Bar Caryb\u00e9\" role=\"img\" ><\/div>\n\t\t\t\t\t\t\t\t\t\t\t<div class=\"elementor-gallery-item__overlay\"><\/div>\n\t\t\t\t\t\t\t\t\t\t\t\t\t\t<\/a>\n\t\t\t\t\t\t\t<a class=\"e-gallery-item elementor-gallery-item elementor-animated-content\" href=\"https:\/\/hotelnacionalriodejaneiro.com\/wp-content\/uploads\/2024\/06\/Hotel-nacional-sao-conrado-pratimonio-unesco-oscar-niemeyer-burle-marx-Lounge-Bar.webp\" data-elementor-open-lightbox=\"yes\" data-elementor-lightbox-slideshow=\"21d5732\" data-elementor-lightbox-title=\"Lounge Bar Caryb\u00e9\" data-e-action-hash=\"#elementor-action%3Aaction%3Dlightbox%26settings%3DeyJpZCI6OTgxOCwidXJsIjoiaHR0cHM6XC9cL2hvdGVsbmFjaW9uYWxyaW9kZWphbmVpcm8uY29tXC93cC1jb250ZW50XC91cGxvYWRzXC8yMDI0XC8wNlwvSG90ZWwtbmFjaW9uYWwtc2FvLWNvbnJhZG8tcHJhdGltb25pby11bmVzY28tb3NjYXItbmllbWV5ZXItYnVybGUtbWFyeC1Mb3VuZ2UtQmFyLndlYnAiLCJzbGlkZXNob3ciOiIyMWQ1NzMyIn0%3D\">\n\t\t\t\t\t<div class=\"e-gallery-image elementor-gallery-item__image\" data-thumbnail=\"https:\/\/hotelnacionalriodejaneiro.com\/wp-content\/uploads\/2024\/06\/Hotel-nacional-sao-conrado-pratimonio-unesco-oscar-niemeyer-burle-marx-Lounge-Bar.webp\" data-width=\"2362\" data-height=\"1584\" aria-label=\"Lounge Bar Caryb\u00e9\" role=\"img\" ><\/div>\n\t\t\t\t\t\t\t\t\t\t\t<div class=\"elementor-gallery-item__overlay\"><\/div>\n\t\t\t\t\t\t\t\t\t\t\t\t\t\t<\/a>\n\t\t\t\t\t<\/div>\n\t\t\t\t\t<\/div>\n\t\t\t\t<\/div>\n\t\t\t\t<\/div>\n\t\t\t\t\t<\/div>\n\t\t\t\t<\/div>\n\t\t<div class=\"elementor-element elementor-element-ccb35fb e-flex e-con-boxed e-con e-parent\" data-id=\"ccb35fb\" data-element_type=\"container\">\n\t\t\t\t\t<div class=\"e-con-inner\">\n\t\t\t\t<div class=\"elementor-element elementor-element-e23ee23 elementor-widget__width-initial elementor-invisible elementor-widget elementor-widget-heading\" data-id=\"e23ee23\" data-element_type=\"widget\" data-settings=\"{&quot;_animation&quot;:&quot;fadeIn&quot;}\" data-widget_type=\"heading.default\">\n\t\t\t\t<div class=\"elementor-widget-container\">\n\t\t\t\t\t<h2 class=\"elementor-heading-title elementor-size-default\">See other dining options<\/h2>\t\t\t\t<\/div>\n\t\t\t\t<\/div>\n\t\t<div class=\"elementor-element elementor-element-8832af4 e-flex e-con-boxed e-con e-child\" data-id=\"8832af4\" data-element_type=\"container\">\n\t\t\t\t\t<div class=\"e-con-inner\">\n\t\t<div class=\"elementor-element elementor-element-5278f73 e-con-full e-flex elementor-invisible e-con e-child\" data-id=\"5278f73\" data-element_type=\"container\" data-settings=\"{&quot;animation&quot;:&quot;fadeIn&quot;,&quot;animation_delay&quot;:&quot;1000&quot;}\">\n\t\t<a class=\"elementor-element elementor-element-11c8e33 e-con-full e-flex e-con e-child\" data-id=\"11c8e33\" data-element_type=\"container\" href=\"https:\/\/hotelnacionalriodejaneiro.com\/gastronomia\/restaurante-a-sereia\/\">\n\t\t\t\t<div class=\"elementor-element elementor-element-0ff45a9 elementor-widget elementor-widget-image\" data-id=\"0ff45a9\" data-element_type=\"widget\" data-widget_type=\"image.default\">\n\t\t\t\t<div class=\"elementor-widget-container\">\n\t\t\t\t\t\t\t\t\t\t\t\t\t\t\t<img fetchpriority=\"high\" decoding=\"async\" width=\"1920\" height=\"1288\" src=\"https:\/\/hotelnacionalriodejaneiro.com\/wp-content\/uploads\/2024\/06\/Restaurante-A-Sereia2.webp\" class=\"attachment-full size-full wp-image-10005\" alt=\"Restaurant THE MERMAID - Gastronomy- Hotel Nacional Rio de Janeiro HNRJ\" srcset=\"https:\/\/hotelnacionalriodejaneiro.com\/wp-content\/uploads\/2024\/06\/Restaurante-A-Sereia2.webp 1920w, https:\/\/hotelnacionalriodejaneiro.com\/wp-content\/uploads\/2024\/06\/Restaurante-A-Sereia2-300x201.webp 300w, https:\/\/hotelnacionalriodejaneiro.com\/wp-content\/uploads\/2024\/06\/Restaurante-A-Sereia2-1024x687.webp 1024w, https:\/\/hotelnacionalriodejaneiro.com\/wp-content\/uploads\/2024\/06\/Restaurante-A-Sereia2-768x515.webp 768w, https:\/\/hotelnacionalriodejaneiro.com\/wp-content\/uploads\/2024\/06\/Restaurante-A-Sereia2-1536x1030.webp 1536w\" sizes=\"(max-width: 1920px) 100vw, 1920px\" \/>\t\t\t\t\t\t\t\t\t\t\t\t\t\t\t<\/div>\n\t\t\t\t<\/div>\n\t\t\t\t<\/a>\n\t\t<div class=\"elementor-element elementor-element-97c7e64 e-con-full e-flex e-con e-child\" data-id=\"97c7e64\" data-element_type=\"container\">\n\t\t\t\t<div class=\"elementor-element elementor-element-3aeca7a elementor-widget elementor-widget-heading\" data-id=\"3aeca7a\" data-element_type=\"widget\" data-widget_type=\"heading.default\">\n\t\t\t\t<div class=\"elementor-widget-container\">\n\t\t\t\t\t<h6 class=\"elementor-heading-title elementor-size-default\">Restaurant THE MERMAID<\/h6>\t\t\t\t<\/div>\n\t\t\t\t<\/div>\n\t\t<div class=\"elementor-element elementor-element-2e26b30 e-con-full e-flex e-con e-child\" data-id=\"2e26b30\" data-element_type=\"container\">\n\t\t\t\t<div class=\"elementor-element elementor-element-32d49a4 elementor-widget-mobile__width-inherit elementor-widget elementor-widget-jkit_button\" data-id=\"32d49a4\" data-element_type=\"widget\" data-widget_type=\"jkit_button.default\">\n\t\t\t\t<div class=\"elementor-widget-container\">\n\t\t\t\t\t<div  class=\"jeg-elementor-kit jkit-button  icon-position-before jeg_module__1_69e1387eeb77e\" ><a href=\"https:\/\/hotelnacionalriodejaneiro.com\/gastronomia\/restaurante-a-sereia\/\" class=\"jkit-button-wrapper\">View Details<\/a><\/div>\t\t\t\t<\/div>\n\t\t\t\t<\/div>\n\t\t\t\t<\/div>\n\t\t\t\t<\/div>\n\t\t\t\t<\/div>\n\t\t<div class=\"elementor-element elementor-element-b498cba e-con-full e-flex elementor-invisible e-con e-child\" data-id=\"b498cba\" data-element_type=\"container\" data-settings=\"{&quot;animation&quot;:&quot;fadeIn&quot;,&quot;animation_delay&quot;:&quot;1000&quot;}\">\n\t\t<a class=\"elementor-element elementor-element-6b64d3d e-con-full e-flex e-con e-child\" data-id=\"6b64d3d\" data-element_type=\"container\" href=\"https:\/\/hotelnacionalriodejaneiro.com\/gastronomia\/restaurante-masi\/\">\n\t\t\t\t<div class=\"elementor-element elementor-element-4999e52 elementor-widget elementor-widget-image\" data-id=\"4999e52\" data-element_type=\"widget\" data-widget_type=\"image.default\">\n\t\t\t\t<div class=\"elementor-widget-container\">\n\t\t\t\t\t\t\t\t\t\t\t\t\t\t\t<img decoding=\"async\" width=\"1980\" height=\"1351\" src=\"https:\/\/hotelnacionalriodejaneiro.com\/wp-content\/uploads\/2024\/06\/MASI-Texto-3.webp\" class=\"attachment-full size-full wp-image-10007\" alt=\"\" srcset=\"https:\/\/hotelnacionalriodejaneiro.com\/wp-content\/uploads\/2024\/06\/MASI-Texto-3.webp 1980w, https:\/\/hotelnacionalriodejaneiro.com\/wp-content\/uploads\/2024\/06\/MASI-Texto-3-300x205.webp 300w, https:\/\/hotelnacionalriodejaneiro.com\/wp-content\/uploads\/2024\/06\/MASI-Texto-3-1024x699.webp 1024w, https:\/\/hotelnacionalriodejaneiro.com\/wp-content\/uploads\/2024\/06\/MASI-Texto-3-768x524.webp 768w, https:\/\/hotelnacionalriodejaneiro.com\/wp-content\/uploads\/2024\/06\/MASI-Texto-3-1536x1048.webp 1536w\" sizes=\"(max-width: 1980px) 100vw, 1980px\" \/>\t\t\t\t\t\t\t\t\t\t\t\t\t\t\t<\/div>\n\t\t\t\t<\/div>\n\t\t\t\t<\/a>\n\t\t<div class=\"elementor-element elementor-element-5ad898f e-con-full e-flex e-con e-child\" data-id=\"5ad898f\" data-element_type=\"container\">\n\t\t\t\t<div class=\"elementor-element elementor-element-13a3100 elementor-widget elementor-widget-heading\" data-id=\"13a3100\" data-element_type=\"widget\" data-widget_type=\"heading.default\">\n\t\t\t\t<div class=\"elementor-widget-container\">\n\t\t\t\t\t<h6 class=\"elementor-heading-title elementor-size-default\">MASI Restaurant<\/h6>\t\t\t\t<\/div>\n\t\t\t\t<\/div>\n\t\t<div class=\"elementor-element elementor-element-fafa876 e-con-full e-flex e-con e-child\" data-id=\"fafa876\" data-element_type=\"container\">\n\t\t\t\t<div class=\"elementor-element elementor-element-5628417 elementor-widget-mobile__width-inherit elementor-widget elementor-widget-jkit_button\" data-id=\"5628417\" data-element_type=\"widget\" data-widget_type=\"jkit_button.default\">\n\t\t\t\t<div class=\"elementor-widget-container\">\n\t\t\t\t\t<div  class=\"jeg-elementor-kit jkit-button  icon-position-before jeg_module__2_69e1387eec9c9\" ><a href=\"https:\/\/hotelnacionalriodejaneiro.com\/gastronomia\/restaurante-masi\/\" class=\"jkit-button-wrapper\">View Details<\/a><\/div>\t\t\t\t<\/div>\n\t\t\t\t<\/div>\n\t\t\t\t<\/div>\n\t\t\t\t<\/div>\n\t\t\t\t<\/div>\n\t\t\t\t\t<\/div>\n\t\t\t\t<\/div>\n\t\t\t\t\t<\/div>\n\t\t\t\t<\/div>\n\t\t\t\t<\/div>\n\t\t","protected":false},"excerpt":{"rendered":"<p>Lounge Bar Caryb\u00e9 The art of serving iconic drinks. Caryb\u00e9 Lounge Bar With an atmosphere that combines art and refinement, the space pays homage to the renowned artist Caryb\u00e9, with his immense mural as a backdrop. It features an exclusive selection of signature drinks, created by award-winning bartender Wanderson Guedes, as well as award-winning wines [&hellip;]<\/p>\n","protected":false},"author":5,"featured_media":10020,"parent":10011,"menu_order":0,"comment_status":"closed","ping_status":"closed","template":"elementor_header_footer","meta":{"footnotes":""},"class_list":["post-10026","page","type-page","status-publish","has-post-thumbnail","hentry"],"aioseo_notices":[],"_links":{"self":[{"href":"https:\/\/hotelnacionalriodejaneiro.com\/en\/wp-json\/wp\/v2\/pages\/10026","targetHints":{"allow":["GET"]}}],"collection":[{"href":"https:\/\/hotelnacionalriodejaneiro.com\/en\/wp-json\/wp\/v2\/pages"}],"about":[{"href":"https:\/\/hotelnacionalriodejaneiro.com\/en\/wp-json\/wp\/v2\/types\/page"}],"author":[{"embeddable":true,"href":"https:\/\/hotelnacionalriodejaneiro.com\/en\/wp-json\/wp\/v2\/users\/5"}],"replies":[{"embeddable":true,"href":"https:\/\/hotelnacionalriodejaneiro.com\/en\/wp-json\/wp\/v2\/comments?post=10026"}],"version-history":[{"count":1,"href":"https:\/\/hotelnacionalriodejaneiro.com\/en\/wp-json\/wp\/v2\/pages\/10026\/revisions"}],"predecessor-version":[{"id":10027,"href":"https:\/\/hotelnacionalriodejaneiro.com\/en\/wp-json\/wp\/v2\/pages\/10026\/revisions\/10027"}],"up":[{"embeddable":true,"href":"https:\/\/hotelnacionalriodejaneiro.com\/en\/wp-json\/wp\/v2\/pages\/10011"}],"wp:featuredmedia":[{"embeddable":true,"href":"https:\/\/hotelnacionalriodejaneiro.com\/en\/wp-json\/wp\/v2\/media\/10020"}],"wp:attachment":[{"href":"https:\/\/hotelnacionalriodejaneiro.com\/en\/wp-json\/wp\/v2\/media?parent=10026"}],"curies":[{"name":"wp","href":"https:\/\/api.w.org\/{rel}","templated":true}]}}